{"id":114445,"date":"2022-02-14T00:00:00","date_gmt":"2022-02-14T05:00:00","guid":{"rendered":"http:\/\/gpl-love.com\/es\/?post_type=product&#038;p=114445"},"modified":"2026-03-13T17:20:26","modified_gmt":"2026-03-13T22:20:26","slug":"emojination-night-club-y-concert-event-wordpress-theme","status":"publish","type":"product","link":"https:\/\/gpl-love.com\/es\/producto\/emojination-night-club-y-concert-event-wordpress-theme\/","title":{"rendered":"EmojiNation Night Club y Concert Event WordPress Theme 1.0.3"},"content":{"rendered":"<h3>EmojiNation Night Club y Concert Event WordPress Theme Caracteristicas<\/h3>\n<p>El tema de WordPress de WordPress del club nocturno de emojination es un tema excepcional y notablemente cautivador que ha sido dise\u00f1ado exclusivamente para clubes nocturnos y organizadores de eventos musicales. Con su dise\u00f1o elegante y contempor\u00e1neo, este tema es absolutamente ideal para promover de manera efectiva los pr\u00f3ximos eventos, mostrando fotos y videos cautivadores, as\u00ed como para facilitar la venta de entradas en l\u00ednea sin problemas. Adem\u00e1s, este tema abarca una gran cantidad de caracter\u00edsticas potentes, como una p\u00e1gina de inicio totalmente personalizable, un constructor de p\u00e1ginas de arrastrar y soltar intuitivo y un dise\u00f1o totalmente receptivo que garantiza una visualizaci\u00f3n perfecta en cualquier dispositivo. Adem\u00e1s, ofrece una amplia gama de opciones para exhibir horarios de eventos, perfiles de artistas e integraci\u00f3n de redes sociales perfectas, lo que hace que el intercambio de eventos y el compromiso de la audiencia sean una tarea sin esfuerzo. Independientemente de si est\u00e1 administrando un club nocturno, un festival de m\u00fasica o un evento de conciertos, el tema de WordPress de WordPress de Emojination Night Club y Concert es una herramienta indispensable que seguramente revolucionar\u00e1 la forma en que promociona y vende boletos para sus eventos.<\/p>\n<ul>\n<li>Dise\u00f1o altamente profesional y elegante para clubes nocturnos y sitios web de eventos de conciertos<\/li>\n<li>Viene con dise\u00f1os de demostraci\u00f3n previamente construidos que son f\u00e1ciles de instalar y personalizar<\/li>\n<li>Integrado con WooCommerce para la gesti\u00f3n de comercio electr\u00f3nico sin esfuerzo<\/li>\n<li>Dise\u00f1o de respuesta m\u00f3vil que se ve muy bien en todos los dispositivos<\/li>\n<li>Constructor de p\u00e1gina f\u00e1cil de usar con funcionalidad de arrastrar y soltar<\/li>\n<li>Incluye varios widgets y c\u00f3digos cortos personalizados para una funcionalidad adicional.<\/li>\n<li>Codificaci\u00f3n amigable para SEO para ayudar a aumentar la visibilidad del sitio web en los motores de b\u00fasqueda<\/li>\n<li>Instalaci\u00f3n de datos de demostraci\u00f3n de un solo clic para poner en funcionamiento r\u00e1pidamente su sitio web<\/li>\n<li>Opciones de color ilimitadas y opciones de fuentes para el control de dise\u00f1o total<\/li>\n<li>Actualizado regularmente para garantizar la compatibilidad con las actualizaciones de WordPress<\/li>\n<\/ul>\n","protected":false},"excerpt":{"rendered":"<p>El tema de WordPress de WordPress del evento y concierto del club nocturno de emojination se presenta como la respuesta definitiva a la promoci\u00f3n de clubes nocturnos y conciertos de m\u00fasica. Sus atributos excepcionales y caracter\u00edsticas cautivadoras lo convierten en una plataforma atractiva para que los organizadores del evento exhiban sus eventos de manera est\u00e9ticamente agradable y cautivadora. Adem\u00e1s, su adaptabilidad a varios dispositivos garantiza que el sitio permanezca optimizado en todas las plataformas, mientras que sus amplias opciones de personalizaci\u00f3n le otorgan la capacidad de personalizar la apariencia y la atm\u00f3sfera de su sitio al contenido de su coraz\u00f3n. Adem\u00e1s, las caracter\u00edsticas de gesti\u00f3n de eventos f\u00e1ciles de usar, junto con las convenientes herramientas de venta de boletos y la integraci\u00f3n perfecta de las redes sociales, hacen que el tema de WordPress de WordPress del club nocturno de emojination sea una opci\u00f3n impecable para los organizadores de eventos que buscan establecer una notable presencia en l\u00ednea.<\/p>\n","protected":false},"featured_media":165980,"comment_status":"open","ping_status":"open","template":"","meta":[],"product_brand":[2337],"product_cat":[1267,1237,1238],"product_tag":[1391],"class_list":{"0":"post-114445","1":"product","2":"type-product","3":"status-publish","4":"has-post-thumbnail","6":"product_brand-themeforest","7":"product_cat-creativo","8":"product_cat-temas","9":"product_cat-wordpress-temas","10":"product_tag-themeforest","11":"member-discount","12":"discount-restricted","14":"first","15":"instock","16":"sale","17":"downloadable","18":"virtual","19":"sold-individually","20":"purchasable","21":"product-type-simple"},"_links":{"self":[{"href":"https:\/\/gpl-love.com\/es\/wp-json\/wp\/v2\/product\/114445","targetHints":{"allow":["GET"]}}],"collection":[{"href":"https:\/\/gpl-love.com\/es\/wp-json\/wp\/v2\/product"}],"about":[{"href":"https:\/\/gpl-love.com\/es\/wp-json\/wp\/v2\/types\/product"}],"replies":[{"embeddable":true,"href":"https:\/\/gpl-love.com\/es\/wp-json\/wp\/v2\/comments?post=114445"}],"wp:featuredmedia":[{"embeddable":true,"href":"https:\/\/gpl-love.com\/es\/wp-json\/wp\/v2\/media\/165980"}],"wp:attachment":[{"href":"https:\/\/gpl-love.com\/es\/wp-json\/wp\/v2\/media?parent=114445"}],"wp:term":[{"taxonomy":"product_brand","embeddable":true,"href":"https:\/\/gpl-love.com\/es\/wp-json\/wp\/v2\/product_brand?post=114445"},{"taxonomy":"product_cat","embeddable":true,"href":"https:\/\/gpl-love.com\/es\/wp-json\/wp\/v2\/product_cat?post=114445"},{"taxonomy":"product_tag","embeddable":true,"href":"https:\/\/gpl-love.com\/es\/wp-json\/wp\/v2\/product_tag?post=114445"}],"curies":[{"name":"wp","href":"https:\/\/api.w.org\/{rel}","templated":true}]}}