{"id":114441,"date":"2025-08-07T00:00:00","date_gmt":"2025-08-07T05:00:00","guid":{"rendered":"http:\/\/gpl-love.com\/es\/?post_type=product&#038;p=114441"},"modified":"2026-04-10T11:25:41","modified_gmt":"2026-04-10T16:25:41","slug":"stellar-star-rating-plugin-para-wordpress","status":"publish","type":"product","link":"https:\/\/gpl-love.com\/es\/producto\/stellar-star-rating-plugin-para-wordpress\/","title":{"rendered":"Stellar Star Rating plugin para WordPress 2.3.0"},"content":{"rendered":"<h3>Stellar Star Rating plugin para WordPress Caracteristicas<\/h3>\n<p>El complemento de calificaci\u00f3n estelar estelar, una adici\u00f3n incre\u00edblemente valiosa a cualquier sitio web de WordPress, otorga a los usuarios la capacidad conveniente de calificar el contenido sin esfuerzo a trav\u00e9s de un sistema sencillo basado en estrellas. Este complemento presenta una multitud de opciones de personalizaci\u00f3n, que abarca la capacidad de exhibir clasificaciones en diversos formatos, adaptar los colores y tama\u00f1os de las estrellas e incluso incorporar \u00edconos personalizados. Con un dise\u00f1o receptivo y una interfaz que no tiene esfuerzo para navegar, el complemento de calificaci\u00f3n estelar estelar realmente personifica la facilidad de uso, fomentando efectivamente la participaci\u00f3n del usuario aumentada en su sitio web. Independientemente de si opera un blog, un sitio de comercio electr\u00f3nico o cualquier otra variante del sitio web de WordPress, el complemento de calificaci\u00f3n estelar estelar constituye inequ\u00edvocamente una herramienta indispensable para elevar la experiencia del usuario y alentar activamente los comentarios de los usuarios.<\/p>\n<ul>\n<li>Complemento f\u00e1cil de usar para WordPress para agregar clasificaciones de estrellas personalizables al contenido del sitio web<\/li>\n<li>Aumentar la participaci\u00f3n y los comentarios de los usuarios permitiendo a los visitantes calificar y revisar productos, servicios, publicaciones y p\u00e1ginas<\/li>\n<li>Elija entre una variedad de estilos de calificaci\u00f3n, tama\u00f1os y colores para que coincida con el dise\u00f1o y la marca de su sitio web<\/li>\n<li>Opci\u00f3n para mostrar calificaciones promedio, calificaciones individuales o ambas<\/li>\n<li>Medidas anti-Spama incorporadas para prevenir calificaciones fraudulentas<\/li>\n<li>Complemento de respuesta m\u00f3vil que se ve muy bien en cualquier dispositivo<\/li>\n<li>Compatible con todos los temas y complementos de WordPress<\/li>\n<li>F\u00e1cil de instalar y activar en solo unos pocos clics<\/li>\n<li>Documentaci\u00f3n y apoyo integral de los desarrolladores disponibles en l\u00ednea<\/li>\n<\/ul>\n","protected":false},"excerpt":{"rendered":"<p>El complemento de calificaci\u00f3n estelar estelar para WordPress sirve como una herramienta impecable para blogueros y propietarios de sitios web que buscan mejorar el nivel de participaci\u00f3n del usuario y comentarios en sus plataformas digitales. Al emplear este complemento, los usuarios est\u00e1n facultados para calificar convenientemente y proporcionar revisiones para sus diversas publicaciones, p\u00e1ginas y productos a trav\u00e9s de un sistema de calificaci\u00f3n estrella simplificado y f\u00e1cilmente personalizable. Adem\u00e1s, este complemento cuenta con una variedad de opciones de dise\u00f1o atractivas e integraci\u00f3n perfecta con temas de WordPress bien conocidos, lo que la convierte en una adici\u00f3n esencial para las personas determinadas para elevar la satisfacci\u00f3n del usuario y fomentar niveles de interacci\u00f3n elevados. Tome la decisi\u00f3n prudente de actualizar su sitio de WordPress y disfrute de los resultados extraordinarios que el complemento de calificaci\u00f3n estelar estelar sin duda traer\u00e1 sin duda.<\/p>\n","protected":false},"featured_media":167564,"comment_status":"open","ping_status":"open","template":"","meta":[],"product_brand":[2339],"product_cat":[1214,1206,1211],"product_tag":[1256],"class_list":{"0":"post-114441","1":"product","2":"type-product","3":"status-publish","4":"has-post-thumbnail","6":"product_brand-codecanyon","7":"product_cat-personalizacion","8":"product_cat-plugins","9":"product_cat-wordpress-plugins","10":"product_tag-codecanyon","11":"member-discount","12":"discount-restricted","14":"first","15":"instock","16":"sale","17":"downloadable","18":"virtual","19":"sold-individually","20":"purchasable","21":"product-type-simple"},"_links":{"self":[{"href":"https:\/\/gpl-love.com\/es\/wp-json\/wp\/v2\/product\/114441","targetHints":{"allow":["GET"]}}],"collection":[{"href":"https:\/\/gpl-love.com\/es\/wp-json\/wp\/v2\/product"}],"about":[{"href":"https:\/\/gpl-love.com\/es\/wp-json\/wp\/v2\/types\/product"}],"replies":[{"embeddable":true,"href":"https:\/\/gpl-love.com\/es\/wp-json\/wp\/v2\/comments?post=114441"}],"wp:featuredmedia":[{"embeddable":true,"href":"https:\/\/gpl-love.com\/es\/wp-json\/wp\/v2\/media\/167564"}],"wp:attachment":[{"href":"https:\/\/gpl-love.com\/es\/wp-json\/wp\/v2\/media?parent=114441"}],"wp:term":[{"taxonomy":"product_brand","embeddable":true,"href":"https:\/\/gpl-love.com\/es\/wp-json\/wp\/v2\/product_brand?post=114441"},{"taxonomy":"product_cat","embeddable":true,"href":"https:\/\/gpl-love.com\/es\/wp-json\/wp\/v2\/product_cat?post=114441"},{"taxonomy":"product_tag","embeddable":true,"href":"https:\/\/gpl-love.com\/es\/wp-json\/wp\/v2\/product_tag?post=114441"}],"curies":[{"name":"wp","href":"https:\/\/api.w.org\/{rel}","templated":true}]}}