{"id":114439,"date":"2026-04-16T00:00:00","date_gmt":"2026-04-16T05:00:00","guid":{"rendered":"http:\/\/gpl-love.com\/es\/?post_type=product&#038;p=114439"},"modified":"2026-04-16T17:15:36","modified_gmt":"2026-04-16T22:15:36","slug":"delaware-consulting-y-finance-wordpress-theme","status":"publish","type":"product","link":"https:\/\/gpl-love.com\/es\/producto\/delaware-consulting-y-finance-wordpress-theme\/","title":{"rendered":"Delaware Consulting y Finance WordPress Theme 1.4.0"},"content":{"rendered":"<h3>Delaware Consulting y Finance WordPress Theme Caracteristicas<\/h3>\n<p>El tema de WordPress de Delaware Consulting and Finance es un producto incre\u00edblemente vers\u00e1til y excepcionalmente f\u00e1cil de usar que ha sido dise\u00f1ado meticulosamente espec\u00edficamente para satisfacer las necesidades \u00fanicas de las empresas que operan dentro de las industrias de consultor\u00eda y finanzas. Con un dise\u00f1o elegante, sofisticado e innegablemente moderno, este tema combina perfectamente el atractivo est\u00e9tico con la funcionalidad intuitiva, lo que permite a los usuarios navegar sin esfuerzo y personalizar su sitio web de acuerdo con sus especificaciones y requisitos precisos. Con una impresionante variedad de funciones avanzadas a su disposici\u00f3n, como formularios y tablas totalmente personalizables, un sistema de programaci\u00f3n de citas eficiente y capacidades integrales de gesti\u00f3n del cliente, este tema ofrece una soluci\u00f3n verdaderamente integral y que lo abarca para administrar efectivamente todos los aspectos de las operaciones comerciales. . Adem\u00e1s, vale la pena se\u00f1alar que este tema ha sido optimizado por expertos tanto para la visibilidad del motor de b\u00fasqueda como para el rendimiento excepcional en los dispositivos m\u00f3viles, asegurando una experiencia de usuario incomparable e impecablemente fluida en todas las plataformas y dispositivos. Independientemente de si usted es el propietario de una firma de consultor\u00eda relativamente peque\u00f1a o una empresa de servicios financieros influyentes y expansivos, el tema de WordPress de consultor\u00eda y financiaci\u00f3n de Delaware representa la opci\u00f3n ideal e inequ\u00edvoca para mejorar dr\u00e1sticamente su presencia en l\u00ednea y facilitar la optimizaci\u00f3n sin problemas de sus operaciones comerciales. .<\/p>\n<ul>\n<li>Tema de WordPress dise\u00f1ado profesionalmente adaptado a las industrias de consultor\u00eda y finanzas<\/li>\n<li>Interfaz f\u00e1cil de usar para una f\u00e1cil personalizaci\u00f3n y edici\u00f3n<\/li>\n<li>Dise\u00f1o totalmente receptivo optimizado para navegaci\u00f3n m\u00f3vil y de escritorio<\/li>\n<li>M\u00faltiples dise\u00f1os de demostraci\u00f3n y p\u00e1ginas predise\u00f1adas para una configuraci\u00f3n r\u00e1pida<\/li>\n<li>Compatible con complementos populares de WordPress como el Formulario de contacto 7, Revolution Slider y Visual Composer<\/li>\n<li>Incluye caracter\u00edsticas esenciales como la integraci\u00f3n de Google Maps y los formularios de suscripci\u00f3n al bolet\u00edn<\/li>\n<li>Tipograf\u00eda limpia y moderna con atenci\u00f3n a la legibilidad y la accesibilidad<\/li>\n<li>C\u00f3digo amigable para SEO y herramientas de optimizaci\u00f3n incorporadas para la visibilidad del motor de b\u00fasqueda<\/li>\n<li>Actualizaciones regulares y apoyo dedicado de desarrolladores experimentados<\/li>\n<li>Documentaci\u00f3n integral y video tutoriales para la instalaci\u00f3n y configuraci\u00f3n sin problemas.<\/li>\n<\/ul>\n","protected":false},"excerpt":{"rendered":"<p>Experimente el poder y la versatilidad del tema de Delaware Consulting and Finance WordPress. Dise\u00f1ado espec\u00edficamente para los profesionales de consultor\u00eda, finanzas y negocios, este tema est\u00e1 lleno de caracter\u00edsticas innovadoras que mejoran su presencia en l\u00ednea. Cuenta con un dise\u00f1o limpio y moderno que le da a su sitio web una ventaja profesional. Su dise\u00f1o receptivo garantiza una visualizaci\u00f3n \u00f3ptima en todos los dispositivos, mientras que la estructura amigable con SEO ayuda a aumentar la visibilidad de su sitio web. Con las opciones de temas avanzados, la personalizaci\u00f3n es sin esfuerzo, lo que le permite crear un sitio web \u00fanico que refleje la identidad de su marca. El tema de Delaware tambi\u00e9n viene con Revolution Slider y Wpbakery Page Builder para una construcci\u00f3n de p\u00e1gina perfecta y arrastrada. Adem\u00e1s, su compatibilidad con WooCommerce hace que la configuraci\u00f3n de una tienda en l\u00ednea sea muy f\u00e1cil. Actualice su plataforma digital con el tema de Delaware Consulting and Finance WordPress.<\/p>\n","protected":false},"featured_media":165755,"comment_status":"open","ping_status":"open","template":"","meta":[],"product_brand":[2337],"product_cat":[1307,1237,1238],"product_tag":[1391],"class_list":{"0":"post-114439","1":"product","2":"type-product","3":"status-publish","4":"has-post-thumbnail","6":"product_brand-themeforest","7":"product_cat-negocio-wordpress-temas","8":"product_cat-temas","9":"product_cat-wordpress-temas","10":"product_tag-themeforest","11":"member-discount","12":"discount-restricted","14":"first","15":"instock","16":"sale","17":"downloadable","18":"virtual","19":"sold-individually","20":"purchasable","21":"product-type-simple"},"_links":{"self":[{"href":"https:\/\/gpl-love.com\/es\/wp-json\/wp\/v2\/product\/114439","targetHints":{"allow":["GET"]}}],"collection":[{"href":"https:\/\/gpl-love.com\/es\/wp-json\/wp\/v2\/product"}],"about":[{"href":"https:\/\/gpl-love.com\/es\/wp-json\/wp\/v2\/types\/product"}],"replies":[{"embeddable":true,"href":"https:\/\/gpl-love.com\/es\/wp-json\/wp\/v2\/comments?post=114439"}],"wp:featuredmedia":[{"embeddable":true,"href":"https:\/\/gpl-love.com\/es\/wp-json\/wp\/v2\/media\/165755"}],"wp:attachment":[{"href":"https:\/\/gpl-love.com\/es\/wp-json\/wp\/v2\/media?parent=114439"}],"wp:term":[{"taxonomy":"product_brand","embeddable":true,"href":"https:\/\/gpl-love.com\/es\/wp-json\/wp\/v2\/product_brand?post=114439"},{"taxonomy":"product_cat","embeddable":true,"href":"https:\/\/gpl-love.com\/es\/wp-json\/wp\/v2\/product_cat?post=114439"},{"taxonomy":"product_tag","embeddable":true,"href":"https:\/\/gpl-love.com\/es\/wp-json\/wp\/v2\/product_tag?post=114439"}],"curies":[{"name":"wp","href":"https:\/\/api.w.org\/{rel}","templated":true}]}}