{"id":114437,"date":"2022-05-21T00:00:00","date_gmt":"2022-05-21T05:00:00","guid":{"rendered":"http:\/\/gpl-love.com\/es\/?post_type=product&#038;p=114437"},"modified":"2026-03-13T17:19:03","modified_gmt":"2026-03-13T22:19:03","slug":"deeds-best-responsive-nonprofit-church-wordpress-theme","status":"publish","type":"product","link":"https:\/\/gpl-love.com\/es\/producto\/deeds-best-responsive-nonprofit-church-wordpress-theme\/","title":{"rendered":"Deeds Best Responsive Nonprofit Church WordPress Theme 8.7"},"content":{"rendered":"<h3>Deeds Best Responsive Nonprofit Church WordPress Theme Caracteristicas<\/h3>\n<p>El mejor tema de WordPress de la Iglesia sin fines de lucro que se destaca como un tema extraordinario que ha sido meticulosamente elaborado para las necesidades espec\u00edficas de las iglesias y las organizaciones sin fines de lucro. Su notable dise\u00f1o receptivo garantiza una compatibilidad impecable en todos los dispositivos, garantizando una experiencia de usuario inigualable. Este tema cuenta con una amplia gama de caracter\u00edsticas, que incluyen la capacidad de personalizar los dise\u00f1os de acuerdo con las preferencias individuales, que ofrece un nivel de flexibilidad que es realmente inigualable. Adem\u00e1s, la disponibilidad de m\u00faltiples opciones de p\u00e1gina de inicio mejora a\u00fan m\u00e1s la versatilidad del tema, lo que permite a los usuarios crear una presencia en l\u00ednea \u00fanica y cautivadora. Con la integraci\u00f3n de un poderoso constructor de p\u00e1ginas de arrastrar y soltar, incluso aquellos con experiencia t\u00e9cnica limitada pueden navegar sin esfuerzo a trav\u00e9s de la interfaz intuitiva del tema. Adem\u00e1s, la naturaleza altamente personalizable de los hechos permite a los usuarios adaptar el tema con precisi\u00f3n a sus requisitos espec\u00edficos, lo que resulta en una plataforma en l\u00ednea verdaderamente personalizada. En esencia, el mejor tema de WordPress de la Iglesia sin fines de lucro de los Deeds sirve como un testimonio de la excelencia, proporcionando a las iglesias y a las organizaciones sin fines de lucro una v\u00eda excepcional para establecer y fortalecer su presencia en Internet.<\/p>\n<ul>\n<li>El tema de WordPress de la Iglesia sin fines de lucro de la red sensible a los deeds es un tema premium de WordPress dise\u00f1ado espec\u00edficamente para organizaciones sin fines de lucro, iglesias y comunidades religiosas.<\/li>\n<li>Es totalmente receptivo, lo que significa que funciona perfectamente en todos los dispositivos, incluidos computadoras de escritorio, computadoras port\u00e1tiles, tabletas y tel\u00e9fonos inteligentes.<\/li>\n<li>El tema es f\u00e1cil de personalizar y viene con una gama de opciones de personalizaci\u00f3n pr\u00e1cticas y potentes, incluidos esquemas de color, fuentes y dise\u00f1os de p\u00e1gina.<\/li>\n<li>El tema de WordPress de la Iglesia sin fines de lucro receptivo de escritura incluye una gama de caracter\u00edsticas dise\u00f1adas espec\u00edficamente para organizaciones sin fines de lucro, incluidos formularios de donaci\u00f3n, calendarios de eventos y perfiles de miembros.<\/li>\n<li>El tema est\u00e1 construido con las \u00faltimas tecnolog\u00edas web, lo que lo hace r\u00e1pido, seguro y confiable.<\/li>\n<li>Incluye una gama de widgets y complementos personalizados para ayudarlo a extender la funcionalidad de su sitio web y hacer que su organizaci\u00f3n sin fines de lucro se destaque en l\u00ednea.<\/li>\n<li>El tema tiene un panel de administraci\u00f3n f\u00e1cil de usar que le permite administrar el contenido, el dise\u00f1o y las caracter\u00edsticas de su sitio web con facilidad.<\/li>\n<li>El tema de WordPress de la Iglesia sin fines de lucro de la Iglesia sin fines de lucro de los Deeds est\u00e1 dise\u00f1ado para ser amigable con SEO, ayudando a su sitio web a clasificar m\u00e1s alto en los resultados de los motores de b\u00fasqueda y conducir m\u00e1s tr\u00e1fico al sitio web de su organizaci\u00f3n sin fines de lucro.<\/li>\n<li>Los clientes que compren las escrituras de la Iglesia sin fines de lucro que se encuentran en la Iglesia sin fines de lucro WordPress tambi\u00e9n recibir\u00e1n actualizaciones gratuitas y soporte t\u00e9cnico para garantizar que su sitio web funcione sin problemas con el tiempo.<\/li>\n<\/ul>\n","protected":false},"excerpt":{"rendered":"<p>Introducci\u00f3n de hechos, el mejor tema de WordPress de la Iglesia sin fines de lucro que receptiva dise\u00f1ado para satisfacer las necesidades de las iglesias, la propagaci\u00f3n religiosa, las organizaciones sin fines de lucro, el ministerio, el evento y las comunidades religiosas. Este tema es una herramienta excepcional para crear una presencia en l\u00ednea atractiva. El tema es totalmente receptivo, asegurando que se vea genial en todos los dispositivos y tama\u00f1os de pantalla. Con los hechos, puede administrar sin esfuerzo sermones, eventos, donaciones y publicaciones de blog. El tema tambi\u00e9n viene con la integraci\u00f3n de WooCommerce, lo que le permite vender productos relacionados con la iglesia sin problemas. Adem\u00e1s, ofrece atenci\u00f3n al cliente excepcional, asegurando que obtenga la ayuda que necesita al configurar. Invierta en hechos, el mejor tema de WordPress de la Iglesia sin fines de lucro receptivo y cree una fuerte presencia en l\u00ednea para su comunidad religiosa.<\/p>\n","protected":false},"featured_media":165753,"comment_status":"open","ping_status":"open","template":"","meta":[],"product_brand":[2337],"product_cat":[1267,1237,1238],"product_tag":[1391],"class_list":{"0":"post-114437","1":"product","2":"type-product","3":"status-publish","4":"has-post-thumbnail","6":"product_brand-themeforest","7":"product_cat-creativo","8":"product_cat-temas","9":"product_cat-wordpress-temas","10":"product_tag-themeforest","11":"member-discount","12":"discount-restricted","14":"first","15":"instock","16":"sale","17":"downloadable","18":"virtual","19":"sold-individually","20":"purchasable","21":"product-type-simple"},"_links":{"self":[{"href":"https:\/\/gpl-love.com\/es\/wp-json\/wp\/v2\/product\/114437","targetHints":{"allow":["GET"]}}],"collection":[{"href":"https:\/\/gpl-love.com\/es\/wp-json\/wp\/v2\/product"}],"about":[{"href":"https:\/\/gpl-love.com\/es\/wp-json\/wp\/v2\/types\/product"}],"replies":[{"embeddable":true,"href":"https:\/\/gpl-love.com\/es\/wp-json\/wp\/v2\/comments?post=114437"}],"wp:featuredmedia":[{"embeddable":true,"href":"https:\/\/gpl-love.com\/es\/wp-json\/wp\/v2\/media\/165753"}],"wp:attachment":[{"href":"https:\/\/gpl-love.com\/es\/wp-json\/wp\/v2\/media?parent=114437"}],"wp:term":[{"taxonomy":"product_brand","embeddable":true,"href":"https:\/\/gpl-love.com\/es\/wp-json\/wp\/v2\/product_brand?post=114437"},{"taxonomy":"product_cat","embeddable":true,"href":"https:\/\/gpl-love.com\/es\/wp-json\/wp\/v2\/product_cat?post=114437"},{"taxonomy":"product_tag","embeddable":true,"href":"https:\/\/gpl-love.com\/es\/wp-json\/wp\/v2\/product_tag?post=114437"}],"curies":[{"name":"wp","href":"https:\/\/api.w.org\/{rel}","templated":true}]}}