{"id":114435,"date":"2024-02-05T00:00:00","date_gmt":"2024-02-05T05:00:00","guid":{"rendered":"http:\/\/gpl-love.com\/es\/?post_type=product&#038;p=114435"},"modified":"2026-03-13T17:17:25","modified_gmt":"2026-03-13T22:17:25","slug":"car-service-mechanic-auto-shop-wordpress-theme","status":"publish","type":"product","link":"https:\/\/gpl-love.com\/es\/producto\/car-service-mechanic-auto-shop-wordpress-theme\/","title":{"rendered":"Car Service Mechanic Auto Shop WordPress Theme 7.4"},"content":{"rendered":"<h3>Car Service Mechanic Auto Shop WordPress Theme Caracteristicas<\/h3>\n<p>El tema de WordPress de la mec\u00e1nica de servicio de autom\u00f3viles se presenta como una soluci\u00f3n robusta para las empresas automotrices que buscan establecer una presencia en l\u00ednea convincente. Con un dise\u00f1o contempor\u00e1neo y totalmente personalizable, este tema ofrece una plataforma excepcional para mostrar su variedad de servicios y atraer a la posible clientela. Adem\u00e1s, este tema abarca una multitud de plantillas de p\u00e1gina, que abarca las adaptadas a los servicios, los precios e informaci\u00f3n de contacto, simplificando as\u00ed el proceso de erecci\u00f3n de un sitio web que exuda la m\u00e1xima profesionalidad. Adem\u00e1s, el tema se ha optimizado meticulosamente para los motores de b\u00fasqueda, lo que garantiza una mayor visibilidad para los clientes potenciales. En general, el tema de WordPress de la mec\u00e1nica de servicio de autom\u00f3viles de WordPress es una opci\u00f3n ejemplar para cualquier establecimiento automotriz que anhela ampliar su influencia en l\u00ednea.<\/p>\n<ul>\n<li>Dise\u00f1o totalmente personalizable con el constructor de p\u00e1ginas de arrastrar y soltar<\/li>\n<li>Dise\u00f1o receptivo que se adapta a cualquier tama\u00f1o de pantalla<\/li>\n<li>Optimizado para SEO para mejorar las clasificaciones de los motores de b\u00fasqueda<\/li>\n<li>Sistema de reserva de citas conveniente para clientes<\/li>\n<li>Listado de servicios integrales con informaci\u00f3n de precios<\/li>\n<li>Integraci\u00f3n con pasarelas de pago populares<\/li>\n<li>Panel de uso f\u00e1cil de usar para gestionar citas, servicios y \u00f3rdenes<\/li>\n<li>Funcionalidad de b\u00fasqueda avanzada para encontrar servicios o mec\u00e1nicos espec\u00edficos<\/li>\n<li>Secci\u00f3n de revisiones y calificaciones de clientes interactivos<\/li>\n<li>Atenci\u00f3n al cliente 24\/7 y documentaci\u00f3n integral<\/li>\n<\/ul>\n","protected":false},"excerpt":{"rendered":"<p>Ingrese al mundo de la reparaci\u00f3n de veh\u00edculos profesionales con nuestro temas de WordPress de WordPress de la mec\u00e1nica de servicio de autom\u00f3viles. Este tema es perfecto para talleres de reparaci\u00f3n de autom\u00f3viles, talleres mec\u00e1nicos, centros de servicio de autom\u00f3viles y cualquier negocio relacionado con el autom\u00f3vil.<\/p>\n<p>Descubra el poder de un dise\u00f1o totalmente receptivo que garantiza que su sitio web se vea muy bien en cualquier dispositivo, desde escritorios hasta tel\u00e9fonos m\u00f3viles. Nuestro tema incorpora un sistema de reserva robusto, que permite a sus clientes reservar citas con facilidad. Tambi\u00e9n presenta una funcionalidad de calculadora de costos para un sistema de precios de servicio transparente, mejorando la confianza del cliente.<\/p>\n<p>Beneficiarse de la integraci\u00f3n de WooCommerce que permite un proceso de ventas en l\u00ednea sin problemas. Con el personalizador del tema, puede personalizar su sitio web para reflejar su marca \u00fanica. El tema tambi\u00e9n viene con una variedad de p\u00e1ginas predise\u00f1adas que son f\u00e1ciles de instalar y personalizar, ahorr\u00e1ndole tiempo y esfuerzo.<\/p>\n<p>El aumento de la optimizaci\u00f3n de SEO garantiza que su negocio se ubique en los resultados de los motores de b\u00fasqueda, atrayendo m\u00e1s clientes potenciales a su sitio. Con el tema de WordPress de nuestra mec\u00e1nica de servicio de autom\u00f3viles, puede proporcionar un usuario atractivo<\/p>\n","protected":false},"featured_media":165592,"comment_status":"open","ping_status":"open","template":"","meta":[],"product_brand":[2337],"product_cat":[1267,1237,1238],"product_tag":[1391],"class_list":{"0":"post-114435","1":"product","2":"type-product","3":"status-publish","4":"has-post-thumbnail","6":"product_brand-themeforest","7":"product_cat-creativo","8":"product_cat-temas","9":"product_cat-wordpress-temas","10":"product_tag-themeforest","11":"member-discount","12":"discount-restricted","14":"first","15":"instock","16":"sale","17":"downloadable","18":"virtual","19":"sold-individually","20":"purchasable","21":"product-type-simple"},"_links":{"self":[{"href":"https:\/\/gpl-love.com\/es\/wp-json\/wp\/v2\/product\/114435","targetHints":{"allow":["GET"]}}],"collection":[{"href":"https:\/\/gpl-love.com\/es\/wp-json\/wp\/v2\/product"}],"about":[{"href":"https:\/\/gpl-love.com\/es\/wp-json\/wp\/v2\/types\/product"}],"replies":[{"embeddable":true,"href":"https:\/\/gpl-love.com\/es\/wp-json\/wp\/v2\/comments?post=114435"}],"wp:featuredmedia":[{"embeddable":true,"href":"https:\/\/gpl-love.com\/es\/wp-json\/wp\/v2\/media\/165592"}],"wp:attachment":[{"href":"https:\/\/gpl-love.com\/es\/wp-json\/wp\/v2\/media?parent=114435"}],"wp:term":[{"taxonomy":"product_brand","embeddable":true,"href":"https:\/\/gpl-love.com\/es\/wp-json\/wp\/v2\/product_brand?post=114435"},{"taxonomy":"product_cat","embeddable":true,"href":"https:\/\/gpl-love.com\/es\/wp-json\/wp\/v2\/product_cat?post=114435"},{"taxonomy":"product_tag","embeddable":true,"href":"https:\/\/gpl-love.com\/es\/wp-json\/wp\/v2\/product_tag?post=114435"}],"curies":[{"name":"wp","href":"https:\/\/api.w.org\/{rel}","templated":true}]}}