{"id":114433,"date":"2021-11-15T00:00:00","date_gmt":"2021-11-15T05:00:00","guid":{"rendered":"http:\/\/gpl-love.com\/es\/?post_type=product&#038;p=114433"},"modified":"2026-03-09T07:52:12","modified_gmt":"2026-03-09T12:52:12","slug":"musik-wordpress-admin-theme","status":"publish","type":"product","link":"https:\/\/gpl-love.com\/es\/producto\/musik-wordpress-admin-theme\/","title":{"rendered":"Musik WordPress Admin Theme 3.2"},"content":{"rendered":"<h3>Musik WordPress Admin Theme Caracteristicas<\/h3>\n<p>El tema de administrador de Musik WordPress es una encarnaci\u00f3n ejemplar de un tema de administraci\u00f3n que ha sido meticulosamente elaborado para satisfacer las necesidades \u00fanicas de los sitios web de m\u00fasica, lo que personifica su naturaleza altamente funcional y f\u00e1cil de usar. Debido a su dise\u00f1o visualmente agradable y de vanguardia, permite a los usuarios un nivel incomparable de facilidad y competencia cuando se trata de navegar y administrar el contenido de sus sitios web, todo mientras exudan un aura de novedad y sofisticaci\u00f3n. El tema abarca una gran cantidad de opciones personalizables, que van desde la capacidad de ejercer el control total sobre los esquemas de color, la configuraci\u00f3n de dise\u00f1o y las opciones de fuentes, lo que representa el proceso de adaptar la est\u00e9tica visual del sitio web una experiencia sin interrupciones y altamente personalizadas. Independientemente de si la vocaci\u00f3n de uno implica ser un m\u00fasico o un blogger de m\u00fasica, el tema administrador de WordPress de Musik, sin duda, se destaca como la panacea por excelencia para aquellos en busca de una soluci\u00f3n superlativa que les otorga una presencia en l\u00ednea pulida y cautivadora.<\/p>\n<ul>\n<li>Dise\u00f1o elegante y moderno<\/li>\n<li>Sistema de navegaci\u00f3n y men\u00fa f\u00e1ciles de usar<\/li>\n<li>Esquema de color personalizable y opciones de marca<\/li>\n<li>Dise\u00f1o receptivo para dispositivos m\u00f3viles y de tabletas<\/li>\n<li>M\u00faltiples dise\u00f1os y plantillas de p\u00e1gina incluidos<\/li>\n<li>Integraci\u00f3n incorporada con complementos y servicios de m\u00fasica populares<\/li>\n<li>Opciones avanzadas de b\u00fasqueda y filtrado para administrar grandes bibliotecas de m\u00fasica<\/li>\n<li>Importaci\u00f3n de demostraci\u00f3n de un solo clic para una configuraci\u00f3n r\u00e1pida y f\u00e1cil<\/li>\n<li>Actualizaciones regulares y excelente atenci\u00f3n al cliente de los desarrolladores<\/li>\n<li>Optimizado para la velocidad y el rendimiento, con tiempos de carga r\u00e1pidos y hinchaz\u00f3n m\u00ednimo.<\/li>\n<\/ul>\n","protected":false},"excerpt":{"rendered":"<p>El tema de administrador de Musik WordPress es una plantilla de administraci\u00f3n exquisitamente elaborada y excepcionalmente vers\u00e1til que se ha adaptado meticulosamente para satisfacer las necesidades de los sitios web centrados en la m\u00fasica. Con su \u00e9nfasis principal en la interfaz f\u00e1cil de usar y las amplias opciones de personalizaci\u00f3n, este tema presenta una variedad de caracter\u00edsticas innovadoras y herramientas de vanguardia que facilitan la gesti\u00f3n perfecta del contenido y el arreglo de su sitio web. Estos incluyen la provisi\u00f3n de widgets personalizables, un constructor de p\u00e1ginas de arrastrar y soltar sin problemas y una variedad de plantillas predise\u00f1adas que le otorgan la libertad de seleccionar de una amplia gama de opciones visualmente cautivadoras. Este tema notable es una opci\u00f3n ideal para las personas que buscan dise\u00f1ar un sitio web extraordinario con temas musicales que se distingue sin esfuerzo del resto.<\/p>\n","protected":false},"featured_media":166842,"comment_status":"open","ping_status":"open","template":"","meta":[],"product_brand":[2339],"product_cat":[1214,1206,1211],"product_tag":[1256],"class_list":{"0":"post-114433","1":"product","2":"type-product","3":"status-publish","4":"has-post-thumbnail","6":"product_brand-codecanyon","7":"product_cat-personalizacion","8":"product_cat-plugins","9":"product_cat-wordpress-plugins","10":"product_tag-codecanyon","11":"member-discount","12":"discount-restricted","14":"first","15":"instock","16":"sale","17":"downloadable","18":"virtual","19":"sold-individually","20":"purchasable","21":"product-type-simple"},"_links":{"self":[{"href":"https:\/\/gpl-love.com\/es\/wp-json\/wp\/v2\/product\/114433","targetHints":{"allow":["GET"]}}],"collection":[{"href":"https:\/\/gpl-love.com\/es\/wp-json\/wp\/v2\/product"}],"about":[{"href":"https:\/\/gpl-love.com\/es\/wp-json\/wp\/v2\/types\/product"}],"replies":[{"embeddable":true,"href":"https:\/\/gpl-love.com\/es\/wp-json\/wp\/v2\/comments?post=114433"}],"wp:featuredmedia":[{"embeddable":true,"href":"https:\/\/gpl-love.com\/es\/wp-json\/wp\/v2\/media\/166842"}],"wp:attachment":[{"href":"https:\/\/gpl-love.com\/es\/wp-json\/wp\/v2\/media?parent=114433"}],"wp:term":[{"taxonomy":"product_brand","embeddable":true,"href":"https:\/\/gpl-love.com\/es\/wp-json\/wp\/v2\/product_brand?post=114433"},{"taxonomy":"product_cat","embeddable":true,"href":"https:\/\/gpl-love.com\/es\/wp-json\/wp\/v2\/product_cat?post=114433"},{"taxonomy":"product_tag","embeddable":true,"href":"https:\/\/gpl-love.com\/es\/wp-json\/wp\/v2\/product_tag?post=114433"}],"curies":[{"name":"wp","href":"https:\/\/api.w.org\/{rel}","templated":true}]}}