{"id":114372,"date":"2021-06-19T00:00:00","date_gmt":"2021-06-19T05:00:00","guid":{"rendered":"http:\/\/gpl-love.com\/es\/?post_type=product&#038;p=114372"},"modified":"2026-04-10T11:20:35","modified_gmt":"2026-04-10T16:20:35","slug":"overflow-contemporary-blog-y-magazine-wordpress-theme","status":"publish","type":"product","link":"https:\/\/gpl-love.com\/es\/producto\/overflow-contemporary-blog-y-magazine-wordpress-theme\/","title":{"rendered":"Overflow Contemporary Blog y Magazine WordPress Theme 1.4.9"},"content":{"rendered":"<h3>Overflow Contemporary Blog y Magazine WordPress Theme Caracteristicas<\/h3>\n<p>El blog y la revista contempor\u00e1neo de Overflow WordPress es un tema incre\u00edblemente contempor\u00e1neo y notablemente elegante que ha sido meticulosamente dise\u00f1ado y cuidadosamente dise\u00f1ado con la intenci\u00f3n de atender las necesidades y deseos de los bloggers y sitios web de revistas. Este tema impresionante y visualmente llamativo cuenta con un dise\u00f1o limpio y profesional que combina sin problemas tanto el atractivo est\u00e9tico como la funcionalidad pr\u00e1ctica. Una de las caracter\u00edsticas sobresalientes del desbordamiento se encuentra en su dise\u00f1o totalmente receptivo, que se adapta y se ajusta sin esfuerzo a cualquier dispositivo o tama\u00f1o de pantalla dado, asegurando que su sitio web permanezca accesible y f\u00e1cil de usar a una amplia gama de audiencias. Adem\u00e1s, este tema excepcional viene equipado con una gran cantidad de opciones de personalizaci\u00f3n, lo que brinda a los usuarios la invaluable oportunidad de personalizar y adaptar su sitio a sus especificaciones exactas y requisitos \u00fanicos. Adem\u00e1s de estas caracter\u00edsticas notables, Overflow tambi\u00e9n ofrece una amplia gama de formatos de publicaci\u00f3n, widgets personalizados e integraci\u00f3n de redes sociales perfectas, lo que permite a los usuarios compartir sin esfuerzo y efectivamente su valioso contenido en m\u00faltiples plataformas, amplificando su alcance e impacto exponencialmente. Para resumir, si est\u00e1 buscando curar y cultivar un sitio web moderno, profesional y cautivador de blog o revista, el desbordamiento es, sin duda, la opci\u00f3n ideal que no decepcionar\u00e1.<\/p>\n<ul>\n<li>Dise\u00f1o moderno y elegante<\/li>\n<li>Dise\u00f1o receptivo para una visualizaci\u00f3n \u00f3ptima en escritorio, tableta y dispositivos m\u00f3viles<\/li>\n<li>P\u00e1gina de inicio personalizable con m\u00faltiples opciones de dise\u00f1o<\/li>\n<li>5+ estilos de encabezado para elegir<\/li>\n<li>Widgets y c\u00f3digos cortos personalizados para una funcionalidad adicional<\/li>\n<li>Formatos de publicaci\u00f3n m\u00faltiple (est\u00e1ndar, galer\u00eda, video, audio, cita)<\/li>\n<li>SEO optimizado para una mejor clasificaci\u00f3n del motor de b\u00fasqueda<\/li>\n<li>Compatible con complementos populares de WordPress<\/li>\n<li>Documentaci\u00f3n extensa y atenci\u00f3n al cliente dedicada<\/li>\n<\/ul>\n","protected":false},"excerpt":{"rendered":"<p>El desbordamiento es un tema de WordPress excepcionalmente avanzado y de vanguardia que ha sido intrincadamente elaborado e ideado con el prop\u00f3sito expl\u00edcito de atender las demandas y preferencias contempor\u00e1neas de las personas discernientes que buscan establecer su presencia virtual a trav\u00e9s del establecimiento de la cautivaci\u00f3n visual y blogs est\u00e9ticamente agradables y revistas en l\u00ednea. Con su dise\u00f1o notablemente elegante e innegablemente minimalista, el desbordamiento incorpora sin esfuerzo un nivel de sofisticaci\u00f3n que seguramente cautivar\u00e1 y cautivar\u00e1 a cualquier espectador, asegurando as\u00ed que su contenido se presente de la manera m\u00e1s elegante y atractiva concebible. Adem\u00e1s, este tema ha sido cuidadosamente equipado con una variedad de caracter\u00edsticas potentes y formidables, lo que le convierte en la elecci\u00f3n por excelencia para cualquiera que desee mostrar sin problemas y sin esfuerzo su contenido de una manera elegante y cautivadora. Adem\u00e1s, las caracter\u00edsticas m\u00e1s destacadas del desbordamiento se extienden m\u00e1s all\u00e1 de su sorprendente dise\u00f1o, ya que tambi\u00e9n ofrece una impresionante variedad de m\u00faltiples dise\u00f1os de p\u00e1gina de inicio, widgets personalizados y un panel de opciones de temas perfectamente navegables y notablemente amigables con el uso de que lo capacita con la capacidad de la capacidad de sin esfuerzo y extensamente. Personalice y personalice cada aspecto de su estimado dominio virtual. Independientemente de si se identifica como blogger, periodista o escritor creativo, el desbordamiento es, sin duda, la elecci\u00f3n superlativa para que usted considere, como promete y garantiza la creaci\u00f3n y el establecimiento de una presencia en l\u00ednea inequ\u00edvocamente impresionante y exquisitamente notable.<\/p>\n","protected":false},"featured_media":167121,"comment_status":"open","ping_status":"open","template":"","meta":[],"product_brand":[2337],"product_cat":[1245,1237,1238],"product_tag":[1391],"class_list":{"0":"post-114372","1":"product","2":"type-product","3":"status-publish","4":"has-post-thumbnail","6":"product_brand-themeforest","7":"product_cat-blog-revista","8":"product_cat-temas","9":"product_cat-wordpress-temas","10":"product_tag-themeforest","11":"member-discount","12":"discount-restricted","14":"first","15":"instock","16":"sale","17":"downloadable","18":"virtual","19":"sold-individually","20":"purchasable","21":"product-type-simple"},"_links":{"self":[{"href":"https:\/\/gpl-love.com\/es\/wp-json\/wp\/v2\/product\/114372","targetHints":{"allow":["GET"]}}],"collection":[{"href":"https:\/\/gpl-love.com\/es\/wp-json\/wp\/v2\/product"}],"about":[{"href":"https:\/\/gpl-love.com\/es\/wp-json\/wp\/v2\/types\/product"}],"replies":[{"embeddable":true,"href":"https:\/\/gpl-love.com\/es\/wp-json\/wp\/v2\/comments?post=114372"}],"wp:featuredmedia":[{"embeddable":true,"href":"https:\/\/gpl-love.com\/es\/wp-json\/wp\/v2\/media\/167121"}],"wp:attachment":[{"href":"https:\/\/gpl-love.com\/es\/wp-json\/wp\/v2\/media?parent=114372"}],"wp:term":[{"taxonomy":"product_brand","embeddable":true,"href":"https:\/\/gpl-love.com\/es\/wp-json\/wp\/v2\/product_brand?post=114372"},{"taxonomy":"product_cat","embeddable":true,"href":"https:\/\/gpl-love.com\/es\/wp-json\/wp\/v2\/product_cat?post=114372"},{"taxonomy":"product_tag","embeddable":true,"href":"https:\/\/gpl-love.com\/es\/wp-json\/wp\/v2\/product_tag?post=114372"}],"curies":[{"name":"wp","href":"https:\/\/api.w.org\/{rel}","templated":true}]}}