{"id":114368,"date":"2021-08-28T00:00:00","date_gmt":"2021-08-28T05:00:00","guid":{"rendered":"http:\/\/gpl-love.com\/es\/?post_type=product&#038;p=114368"},"modified":"2026-03-13T17:24:04","modified_gmt":"2026-03-13T22:24:04","slug":"manufacturer-factory-y-industrial-wordpress-theme","status":"publish","type":"product","link":"https:\/\/gpl-love.com\/es\/producto\/manufacturer-factory-y-industrial-wordpress-theme\/","title":{"rendered":"Manufacturer Factory y Industrial WordPress Theme 1.3.5"},"content":{"rendered":"<h3>Manufacturer Factory y Industrial WordPress Theme Caracteristicas<\/h3>\n<p>El tema de WordPress industrial de Factory Factory e Industrial, conocido por sus formidables capacidades, sirve como una poderosa herramienta para las empresas que operan en los dominios de fabricaci\u00f3n, f\u00e1brica e industrial, capacit\u00e1ndolos para establecer una presencia en l\u00ednea formidable. Este notable tema abarca una amplia gama de caracter\u00edsticas potentes y opciones de personalizaci\u00f3n, otorgando a los usuarios la capacidad de dise\u00f1ar un sitio web impresionante que exude su identidad de marca distintiva. Navegando sin problemas a trav\u00e9s de la interfaz f\u00e1cil de usar de este tema, las personas pueden exhibir sin esfuerzo una variedad de productos, servicios y soluciones empresariales. Espec\u00edficamente adaptados para cumplir con los requisitos \u00fanicos de la fabricaci\u00f3n y las empresas industriales, este tema incorpora un extenso cat\u00e1logo de productos, widgets personalizados y plantillas de p\u00e1ginas preparadas, todas las cuales acent\u00faan efectivamente las ofertas sin igual de una empresa. Al adoptar el tema de WordPress industrial de f\u00e1brica e industrial del fabricante, las empresas pueden construir un sitio web que no solo exuda profesionalismo, sino que tambi\u00e9n demuestra funcionalidad, asegurando as\u00ed una experiencia de usuario incomparable para sus apreciados clientes y clientes.<\/p>\n<ul>\n<li>Dise\u00f1ado espec\u00edficamente para fabricantes, f\u00e1bricas y empresas industriales<\/li>\n<li>Dise\u00f1o limpio y profesional<\/li>\n<li>P\u00e1gina de inicio personalizable que incluye varias secciones, como servicios, productos, certificaciones y m\u00e1s<\/li>\n<li>Constructor de p\u00e1gina de arrastrar y soltar f\u00e1ciles de usar<\/li>\n<li>M\u00faltiples plantillas de p\u00e1gina preconstruidas<\/li>\n<li>Dise\u00f1o 100% receptivo que se ve muy bien en todos los dispositivos<\/li>\n<li>Compatibilidad de WooCommerce para una f\u00e1cil integraci\u00f3n de comercio electr\u00f3nico<\/li>\n<li>Integraci\u00f3n con complementos populares como Contact Form 7, Revolution Slider y WPML<\/li>\n<li>Optimizaci\u00f3n de SEO incorporada para mejorar las clasificaciones de los motores de b\u00fasqueda<\/li>\n<li>Documentaci\u00f3n extensa y equipo de soporte dedicado para asistencia con la configuraci\u00f3n y la personalizaci\u00f3n<\/li>\n<\/ul>\n","protected":false},"excerpt":{"rendered":"<p>El tema de entrada de WordPress ofrece una selecci\u00f3n \u00f3ptima para fabricantes, f\u00e1bricas y negocios industriales que buscan exhibir sus servicios y productos en la esfera en l\u00ednea. Con un dise\u00f1o inmaculado y refinado, este tema presenta a los usuarios la capacidad de personalizar sus caracter\u00edsticas, incluidos esquemas de color, fuentes y dise\u00f1os. Adem\u00e1s, su capacidad de respuesta completa garantiza que su sitio web mantendr\u00e1 su apariencia impecable en cada tipo de dispositivo. Adem\u00e1s, descubrir\u00e1 una gran cantidad de plantillas y widgets predise\u00f1ados que enriquecen sin esfuerzo la funcionalidad de su sitio. Abrace la transici\u00f3n en l\u00ednea perfecta para su negocio industrial con la m\u00e1xima simplicidad, gracias al notable tema de WordPress de entrada.<\/p>\n","protected":false},"featured_media":166690,"comment_status":"open","ping_status":"open","template":"","meta":[],"product_brand":[2337],"product_cat":[1307,1237,1238],"product_tag":[1391],"class_list":{"0":"post-114368","1":"product","2":"type-product","3":"status-publish","4":"has-post-thumbnail","6":"product_brand-themeforest","7":"product_cat-negocio-wordpress-temas","8":"product_cat-temas","9":"product_cat-wordpress-temas","10":"product_tag-themeforest","11":"member-discount","12":"discount-restricted","14":"first","15":"instock","16":"sale","17":"downloadable","18":"virtual","19":"sold-individually","20":"purchasable","21":"product-type-simple"},"_links":{"self":[{"href":"https:\/\/gpl-love.com\/es\/wp-json\/wp\/v2\/product\/114368","targetHints":{"allow":["GET"]}}],"collection":[{"href":"https:\/\/gpl-love.com\/es\/wp-json\/wp\/v2\/product"}],"about":[{"href":"https:\/\/gpl-love.com\/es\/wp-json\/wp\/v2\/types\/product"}],"replies":[{"embeddable":true,"href":"https:\/\/gpl-love.com\/es\/wp-json\/wp\/v2\/comments?post=114368"}],"wp:featuredmedia":[{"embeddable":true,"href":"https:\/\/gpl-love.com\/es\/wp-json\/wp\/v2\/media\/166690"}],"wp:attachment":[{"href":"https:\/\/gpl-love.com\/es\/wp-json\/wp\/v2\/media?parent=114368"}],"wp:term":[{"taxonomy":"product_brand","embeddable":true,"href":"https:\/\/gpl-love.com\/es\/wp-json\/wp\/v2\/product_brand?post=114368"},{"taxonomy":"product_cat","embeddable":true,"href":"https:\/\/gpl-love.com\/es\/wp-json\/wp\/v2\/product_cat?post=114368"},{"taxonomy":"product_tag","embeddable":true,"href":"https:\/\/gpl-love.com\/es\/wp-json\/wp\/v2\/product_tag?post=114368"}],"curies":[{"name":"wp","href":"https:\/\/api.w.org\/{rel}","templated":true}]}}