{"id":114366,"date":"2021-07-04T00:00:00","date_gmt":"2021-07-04T05:00:00","guid":{"rendered":"http:\/\/gpl-love.com\/es\/?post_type=product&#038;p=114366"},"modified":"2026-04-10T11:26:40","modified_gmt":"2026-04-10T16:26:40","slug":"super-backup-y-clone-migrate-para-wordpress","status":"publish","type":"product","link":"https:\/\/gpl-love.com\/es\/producto\/super-backup-y-clone-migrate-para-wordpress\/","title":{"rendered":"Super Backup y Clone Migrate para WordPress 2.3.3"},"content":{"rendered":"<h3>Super Backup y Clone Migrate para WordPress Caracteristicas<\/h3>\n<p>Super Backup and Clone Migrate para WordPress es una soluci\u00f3n excepcionalmente f\u00e1cil de usar que ofrece un sistema integral de copia de seguridad y migraci\u00f3n para sitios web de WordPress. Esta poderosa herramienta no solo proporciona un medio perfecto para salvaguardar los datos de su sitio web contra eventos imprevistos, como bloqueos de sitios web, intentos de pirater\u00eda o p\u00e9rdida de datos, sino que tambi\u00e9n ofrece la ventaja adicional de permitir la migraci\u00f3n sin esfuerzo de un servidor a otro, todo sin requerir ninguno conocimientos t\u00e9cnicos. El proceso de copia de seguridad y migraci\u00f3n est\u00e1 completamente automatizado, lo que le brinda la conveniencia de la programaci\u00f3n de copia de seguridad regular, ofreci\u00e9ndole tranquilidad al garantizar que sus datos valiosos permanezcan perpetuamente seguros. Adem\u00e1s, tambi\u00e9n puede clonar sin esfuerzo su sitio web con solo unos pocos clics. Esta caracter\u00edstica resulta extremadamente \u00fatil, ya que le permite replicar sin esfuerzo el dise\u00f1o y el contenido de su sitio a una nueva ubicaci\u00f3n o entorno de puesta en escena. En conclusi\u00f3n, la indispensabilidad de la s\u00faper copia de seguridad y el clon migran para WordPress no puede ser exagerada, ya que sirve como una herramienta invaluable para cualquier propietario exigente del sitio web de WordPress que priorice la protecci\u00f3n de sus datos y busca agilizar el proceso de migraci\u00f3n.<\/p>\n<ul>\n<li>Copia de seguridad sin esfuerzo y restauraci\u00f3n de su sitio de WordPress con la funci\u00f3n Super Backup<\/li>\n<li>Clone su sitio de WordPress con facilidad y migr\u00e9lo a un nuevo host con migraci\u00f3n de clon<\/li>\n<li>Admite opciones de copia de seguridad autom\u00e1ticas y manuales, lo que le permite elegir la frecuencia de las copias de seguridad<\/li>\n<li>Migra f\u00e1cilmente su sitio de WordPress a un nuevo dominio o servidor con la funci\u00f3n de migraci\u00f3n de clones<\/li>\n<li>Haga una copia de seguridad de su base de datos y archivos de WordPress, asegurando la tranquilidad en caso de p\u00e9rdida de datos o errores del sitio web<\/li>\n<li>Experimente No hay tiempo de inactividad durante el proceso de migraci\u00f3n, asegurando que su sitio web permanezca accesible y funcional durante todo el proceso<\/li>\n<li>La interfaz f\u00e1cil de usar le permite personalizar la configuraci\u00f3n de copia de seguridad para cumplir con los requisitos \u00fanicos de personalizaci\u00f3n del sitio web<\/li>\n<li>Proporciona una integraci\u00f3n perfecta con otros complementos de WordPress, asegurando la compatibilidad con una amplia gama de herramientas de personalizaci\u00f3n y dise\u00f1o del sitio web<\/li>\n<li>Dise\u00f1ado para acelerar y simplificar el proceso de copia de seguridad y migraci\u00f3n del sitio web, ahorr\u00e1ndole un valioso tiempo y molestias.<\/li>\n<\/ul>\n","protected":false},"excerpt":{"rendered":"<p>Super Backup and Clone Migrate para WordPress ofrece una soluci\u00f3n integral y altamente efectiva para abordar todos los requisitos de copia de seguridad y migraci\u00f3n de su sitio web de WordPress. Esta herramienta excepcional est\u00e1 equipada con una multitud de caracter\u00edsticas s\u00f3lidas, lo que le permite generar copias de seguridad sin esfuerzo de los archivos y la base de datos de su sitio web. Adem\u00e1s, proporciona la funcionalidad conveniente para clonar todo su sitio web y transferirlo sin problemas a un nuevo dominio o servidor. Al utilizar Super Backup y Clone Migrate para WordPress, puede estar seguro de que su sitio web disfrutar\u00e1 de niveles \u00f3ptimos de seguridad y seguridad, lo que le permite dedicar su energ\u00eda a cultivar el crecimiento de su negocio. \u00a1No pierda el tiempo y adquiera esta invaluable herramienta hoy para disfrutar de la tranquilidad que le otorga!<\/p>\n","protected":false},"featured_media":167642,"comment_status":"open","ping_status":"open","template":"","meta":[],"product_brand":[2339],"product_cat":[1212,1206,1211],"product_tag":[1256],"class_list":{"0":"post-114366","1":"product","2":"type-product","3":"status-publish","4":"has-post-thumbnail","6":"product_brand-codecanyon","7":"product_cat-administracion-wordpress-plugins","8":"product_cat-plugins","9":"product_cat-wordpress-plugins","10":"product_tag-codecanyon","11":"member-discount","12":"discount-restricted","14":"first","15":"instock","16":"sale","17":"downloadable","18":"virtual","19":"sold-individually","20":"purchasable","21":"product-type-simple"},"_links":{"self":[{"href":"https:\/\/gpl-love.com\/es\/wp-json\/wp\/v2\/product\/114366","targetHints":{"allow":["GET"]}}],"collection":[{"href":"https:\/\/gpl-love.com\/es\/wp-json\/wp\/v2\/product"}],"about":[{"href":"https:\/\/gpl-love.com\/es\/wp-json\/wp\/v2\/types\/product"}],"replies":[{"embeddable":true,"href":"https:\/\/gpl-love.com\/es\/wp-json\/wp\/v2\/comments?post=114366"}],"wp:featuredmedia":[{"embeddable":true,"href":"https:\/\/gpl-love.com\/es\/wp-json\/wp\/v2\/media\/167642"}],"wp:attachment":[{"href":"https:\/\/gpl-love.com\/es\/wp-json\/wp\/v2\/media?parent=114366"}],"wp:term":[{"taxonomy":"product_brand","embeddable":true,"href":"https:\/\/gpl-love.com\/es\/wp-json\/wp\/v2\/product_brand?post=114366"},{"taxonomy":"product_cat","embeddable":true,"href":"https:\/\/gpl-love.com\/es\/wp-json\/wp\/v2\/product_cat?post=114366"},{"taxonomy":"product_tag","embeddable":true,"href":"https:\/\/gpl-love.com\/es\/wp-json\/wp\/v2\/product_tag?post=114366"}],"curies":[{"name":"wp","href":"https:\/\/api.w.org\/{rel}","templated":true}]}}