{"id":114362,"date":"2024-02-18T00:00:00","date_gmt":"2024-02-18T05:00:00","guid":{"rendered":"http:\/\/gpl-love.com\/es\/?post_type=product&#038;p=114362"},"modified":"2026-03-09T08:36:13","modified_gmt":"2026-03-09T13:36:13","slug":"zoomsounds-wordpress-audio-player-plugin","status":"publish","type":"product","link":"https:\/\/gpl-love.com\/es\/producto\/zoomsounds-wordpress-audio-player-plugin\/","title":{"rendered":"ZoomSounds WordPress Audio Player Plugin 6.91"},"content":{"rendered":"<h3>ZoomSounds WordPress Audio Player Plugin Caracteristicas<\/h3>\n<p>ZoomSounds es un complemento de reproductor de audio WordPress incre\u00edblemente potente y lleno de caracter\u00edsticas que le otorga la capacidad de incrustar los archivos de audio de alta calidad sin problemas en su sitio web. Con un dise\u00f1o elegante y altamente personalizable, este complemento excepcional es un cambio de juego absoluto para m\u00fasicos, podcasters y cualquier individuo que busque incorporar contenido de audio en su sitio web. El reproductor en s\u00ed ofrece un amplio soporte para numerosos formatos de audio y est\u00e1 equipado con una variedad de opciones de personalizaci\u00f3n, lo que abarca esquemas de color, pantalla de forma de onda de audio y la creaci\u00f3n de listas de reproducci\u00f3n atractivas. Adem\u00e1s, y en un intento de atender al grupo demogr\u00e1fico de usuarios m\u00f3viles cada vez m\u00e1s crecientes, este complemento se ha optimizado meticulosamente para garantizar una compatibilidad perfecta en todos los dispositivos m\u00f3viles, al tiempo que defiende el dise\u00f1o receptivo, garantizando as\u00ed el acceso ininterrumpido a su contenido de audio, independientemente del geogr\u00e1fico. ubicaci\u00f3n. Con todos los factores considerados, ZoomSounds es inequ\u00edvocamente el ep\u00edtome de una elecci\u00f3n excepcional del complemento de los reproductores de audio, ya que amalgama sin esfuerzo profesionalidad y facilidad de uso, aumentando as\u00ed sin problemas el sitio de WordPress de sus sue\u00f1os.<\/p>\n<ul>\n<li>Proporciona un reproductor de audio elegante y profesional para su sitio web de WordPress<\/li>\n<li>Compatible con todos los principales navegadores y dispositivos<\/li>\n<li>F\u00e1cil de personalizar con m\u00faltiples opciones de color y estilo<\/li>\n<li>Ofrece un dise\u00f1o receptivo para una reproducci\u00f3n perfecta en dispositivos m\u00f3viles<\/li>\n<li>Incluye m\u00faltiples opciones de reproducci\u00f3n como Shuffle, Repety y Volume Control<\/li>\n<li>Incluye opciones de intercambio social incorporadas y de incrustaci\u00f3n para compartir f\u00e1cilmente las pistas.<\/li>\n<li>Permite la descarga directa de archivos de audio<\/li>\n<li>Ofrece la generaci\u00f3n autom\u00e1tica de la lista de canciones y la creaci\u00f3n de la lista de reproducci\u00f3n<\/li>\n<li>Viene con documentaci\u00f3n detallada y atenci\u00f3n al cliente 24\/7<\/li>\n<li>Actualizado regularmente con nuevas funciones y correcciones de errores<\/li>\n<\/ul>\n","protected":false},"excerpt":{"rendered":"<p>El complemento de reproductor de audio de WordPress de ZoomSounds, reconocido por sus capacidades excepcionales para generar pantallas de audio cautivadores en su sitio web, sirve como un activo invaluable. Equipado con una amplia gama de opciones personalizables, este complemento facilita sin esfuerzo la incorporaci\u00f3n y disposici\u00f3n de sus pistas de audio dentro de una interfaz sofisticada y contempor\u00e1nea de jugadores. Independientemente de si se identifica como m\u00fasico, podcaster o un individuo que se esfuerza por curar una experiencia de usuario inmersiva, el complemento ZoomSounds presenta una soluci\u00f3n que lo abarca todo lo que garantiza cautivar a su p\u00fablico objetivo a trav\u00e9s de la provisi\u00f3n de contenido de audio ejemplar de la calidad m\u00e1xima.<\/p>\n","protected":false},"featured_media":168729,"comment_status":"open","ping_status":"open","template":"","meta":[],"product_brand":[2339],"product_cat":[1214,1206,1211],"product_tag":[1256],"class_list":{"0":"post-114362","1":"product","2":"type-product","3":"status-publish","4":"has-post-thumbnail","6":"product_brand-codecanyon","7":"product_cat-personalizacion","8":"product_cat-plugins","9":"product_cat-wordpress-plugins","10":"product_tag-codecanyon","11":"member-discount","12":"discount-restricted","14":"first","15":"instock","16":"sale","17":"downloadable","18":"virtual","19":"sold-individually","20":"purchasable","21":"product-type-simple"},"_links":{"self":[{"href":"https:\/\/gpl-love.com\/es\/wp-json\/wp\/v2\/product\/114362","targetHints":{"allow":["GET"]}}],"collection":[{"href":"https:\/\/gpl-love.com\/es\/wp-json\/wp\/v2\/product"}],"about":[{"href":"https:\/\/gpl-love.com\/es\/wp-json\/wp\/v2\/types\/product"}],"replies":[{"embeddable":true,"href":"https:\/\/gpl-love.com\/es\/wp-json\/wp\/v2\/comments?post=114362"}],"wp:featuredmedia":[{"embeddable":true,"href":"https:\/\/gpl-love.com\/es\/wp-json\/wp\/v2\/media\/168729"}],"wp:attachment":[{"href":"https:\/\/gpl-love.com\/es\/wp-json\/wp\/v2\/media?parent=114362"}],"wp:term":[{"taxonomy":"product_brand","embeddable":true,"href":"https:\/\/gpl-love.com\/es\/wp-json\/wp\/v2\/product_brand?post=114362"},{"taxonomy":"product_cat","embeddable":true,"href":"https:\/\/gpl-love.com\/es\/wp-json\/wp\/v2\/product_cat?post=114362"},{"taxonomy":"product_tag","embeddable":true,"href":"https:\/\/gpl-love.com\/es\/wp-json\/wp\/v2\/product_tag?post=114362"}],"curies":[{"name":"wp","href":"https:\/\/api.w.org\/{rel}","templated":true}]}}