{"id":114358,"date":"2024-12-22T00:00:00","date_gmt":"2024-12-22T05:00:00","guid":{"rendered":"http:\/\/gpl-love.com\/es\/?post_type=product&#038;p=114358"},"modified":"2026-03-09T07:27:23","modified_gmt":"2026-03-09T12:27:23","slug":"divi-extras-para-divi-builder","status":"publish","type":"product","link":"https:\/\/gpl-love.com\/es\/producto\/divi-extras-para-divi-builder\/","title":{"rendered":"Divi Extras para Divi Builder 1.1.14"},"content":{"rendered":"<h3>Divi Extras para Divi Builder Caracteristicas<\/h3>\n<p>Divi Extras es una extensi\u00f3n incre\u00edblemente robusta que mejora la funcionalidad de Divi Builder, un constructor de p\u00e1ginas de arrastrar y soltar de WordPress ampliamente utilizado. Esta notable extensi\u00f3n faculta a los usuarios para crear dise\u00f1os y dise\u00f1os exquisitos sin esfuerzo para sus sitios web al incorporar una gran cantidad de m\u00f3dulos innovadores, incluidos, entre otros, el m\u00f3dulo extendido de la propaganda y el m\u00f3dulo extendido testimonial. Adem\u00e1s, Divi Extras presenta a los usuarios una variedad de nuevas caracter\u00edsticas emocionantes, como la opci\u00f3n de incorporar fondos de paralaje, personalizar animaciones e implementar efectos flotantes en sus m\u00f3dulos. En consecuencia, estas adiciones invaluables prestan un aire de profesionalismo y refinamiento al sitio web de uno. Independientemente de si uno es un ne\u00f3fito o un dise\u00f1ador web experimentado, Divi Extras los equipa con herramientas indispensables que les permiten elevar su sitio web a alturas sin precedentes.<\/p>\n<ul>\n<li>Ofrece 7 nuevos m\u00f3dulos para expandir la funcionalidad de Divi Builder<\/li>\n<li>Incluye alternar de contenido, carrusel de contenido, t\u00edtulo de publicaci\u00f3n, carrusel de t\u00edtulo de publicaci\u00f3n, galer\u00eda, miembro del equipo y m\u00f3dulos de lista de precios<\/li>\n<li>Permite opciones de dise\u00f1o m\u00e1s avanzadas con los m\u00f3dulos agregados<\/li>\n<li>Se integra a la perfecci\u00f3n con Divi Builder<\/li>\n<li>No se requiere codificaci\u00f3n, interfaz f\u00e1cil de arrastrar y soltar<\/li>\n<li>Perfecto para crear p\u00e1ginas \u00fanicas y din\u00e1micas<\/li>\n<li>Mejora la experiencia del usuario para los visitantes del sitio web con contenido interactivo y atractivo<\/li>\n<li>Opci\u00f3n asequible para mejorar la funcionalidad de Divi Builder<\/li>\n<li>Regularmente actualizado y apoyado por el equipo Divi.<\/li>\n<\/ul>\n","protected":false},"excerpt":{"rendered":"<p>Impulse la funcionalidad y el atractivo est\u00e9tico de su sitio web con Divi Extras para Divi Builder. Esta herramienta imprescindible est\u00e1 dise\u00f1ada para ofrecer una gran cantidad de caracter\u00edsticas que llevar\u00e1n su sitio web al siguiente nivel. Ya sea que sea un novato o un dise\u00f1ador web experimentado, Divi Extras puede ayudarlo a convertir su sitio web en una plataforma impresionante y atractiva. Con sus opciones de interfaz y personalizaci\u00f3n f\u00e1cil de usar, puede adaptar f\u00e1cilmente su sitio para que coincida con el estilo y los requisitos de su marca. No solo ofrece beneficios est\u00e9ticos, sino que tambi\u00e9n mejora la funcionalidad de su sitio, lo que le permite incorporar caracter\u00edsticas como integraci\u00f3n de redes sociales, herramientas de SEO y dise\u00f1os receptivos. Con Divi Extras para Divi Builder, puede crear un sitio web que no solo se vea bien sino que tambi\u00e9n impulse el tr\u00e1fico y el crecimiento. Experimente la conveniencia, flexibilidad y eficiencia de la construcci\u00f3n de sitios web como nunca antes. Actualice su sitio hoy con Divi Extras para Divi Builder.<\/p>\n","protected":false},"featured_media":165783,"comment_status":"open","ping_status":"open","template":"","meta":[],"product_brand":[2416],"product_cat":[1214,1206,1211],"product_tag":[2116],"class_list":{"0":"post-114358","1":"product","2":"type-product","3":"status-publish","4":"has-post-thumbnail","6":"product_brand-divi-space","7":"product_cat-personalizacion","8":"product_cat-plugins","9":"product_cat-wordpress-plugins","10":"product_tag-divi-space","11":"member-discount","12":"discount-restricted","14":"first","15":"instock","16":"sale","17":"downloadable","18":"virtual","19":"sold-individually","20":"purchasable","21":"product-type-simple"},"_links":{"self":[{"href":"https:\/\/gpl-love.com\/es\/wp-json\/wp\/v2\/product\/114358","targetHints":{"allow":["GET"]}}],"collection":[{"href":"https:\/\/gpl-love.com\/es\/wp-json\/wp\/v2\/product"}],"about":[{"href":"https:\/\/gpl-love.com\/es\/wp-json\/wp\/v2\/types\/product"}],"replies":[{"embeddable":true,"href":"https:\/\/gpl-love.com\/es\/wp-json\/wp\/v2\/comments?post=114358"}],"wp:featuredmedia":[{"embeddable":true,"href":"https:\/\/gpl-love.com\/es\/wp-json\/wp\/v2\/media\/165783"}],"wp:attachment":[{"href":"https:\/\/gpl-love.com\/es\/wp-json\/wp\/v2\/media?parent=114358"}],"wp:term":[{"taxonomy":"product_brand","embeddable":true,"href":"https:\/\/gpl-love.com\/es\/wp-json\/wp\/v2\/product_brand?post=114358"},{"taxonomy":"product_cat","embeddable":true,"href":"https:\/\/gpl-love.com\/es\/wp-json\/wp\/v2\/product_cat?post=114358"},{"taxonomy":"product_tag","embeddable":true,"href":"https:\/\/gpl-love.com\/es\/wp-json\/wp\/v2\/product_tag?post=114358"}],"curies":[{"name":"wp","href":"https:\/\/api.w.org\/{rel}","templated":true}]}}