{"id":114356,"date":"2021-06-19T00:00:00","date_gmt":"2021-06-19T05:00:00","guid":{"rendered":"http:\/\/gpl-love.com\/es\/?post_type=product&#038;p=114356"},"modified":"2026-03-09T07:39:02","modified_gmt":"2026-03-09T12:39:02","slug":"google-places-reviews-pro","status":"publish","type":"product","link":"https:\/\/gpl-love.com\/es\/producto\/google-places-reviews-pro\/","title":{"rendered":"Google Places Reviews Pro 2.4.2"},"content":{"rendered":"<h3>Google Places Reviews Pro Caracteristicas<\/h3>\n<p>Google Places Reviews Pro es una herramienta inmensamente poderosa que ayuda a las empresas a administrar efectivamente su reputaci\u00f3n en l\u00ednea a trav\u00e9s de la provisi\u00f3n de informaci\u00f3n y an\u00e1lisis en profundidad con respecto a sus revisiones de Google. Utilizando este software, las empresas pueden monitorear sin esfuerzo y responder r\u00e1pidamente a las revisiones de los clientes, obteniendo informaci\u00f3n valiosa sobre las experiencias de sus clientes y, posteriormente, mejorando su reputaci\u00f3n en l\u00ednea. Esta herramienta excepcional abarca una amplia gama de caracter\u00edsticas, como plantillas de revisi\u00f3n personalizables, capacidades de filtrado de revisi\u00f3n y un tablero de an\u00e1lisis que permite a las empresas obtener informaci\u00f3n integral sobre el sentimiento del cliente. Adem\u00e1s, facilita la identificaci\u00f3n de \u00e1reas que requieren una mejora y permite a las empresas rastrear efectivamente el \u00e9xito de sus esfuerzos de gesti\u00f3n de reputaci\u00f3n en l\u00ednea. En resumen, Google Places Reviews Pro es una herramienta indispensable para cualquier negocio que aspira a mejorar su reputaci\u00f3n en l\u00ednea, elevar la experiencia del cliente que brindan y, en \u00faltima instancia, generar un mayor volumen de tr\u00e1fico a su sitio web.<\/p>\n<ul>\n<li>Permite a las empresas mostrar las revisiones de Google Places en su sitio web en un formato personalizable<\/li>\n<li>Da a las empresas la capacidad de filtrar y ordenar revisiones por calificaci\u00f3n, fecha y palabra clave<\/li>\n<li>Actualiza autom\u00e1ticamente las revisiones en tiempo real para que las empresas nunca se pierdan una nueva revisi\u00f3n<\/li>\n<li>Ofrece un dise\u00f1o receptivo que se ve muy bien en cualquier dispositivo, incluido el m\u00f3vil<\/li>\n<li>Proporciona m\u00faltiples opciones de idioma para empresas con clientes internacionales<\/li>\n<li>Permite a las empresas personalizar la apariencia de su pantalla de revisi\u00f3n para que coincida con la marca y el dise\u00f1o de su sitio web<\/li>\n<li>Ofrece una opci\u00f3n de insignia de \u00abrevisiones verificadas\u00bb para empresas que desean resaltar las revisiones de los clientes verificados<\/li>\n<li>Incluye an\u00e1lisis que rastrean la actividad de revisi\u00f3n y el sentimiento a lo largo del tiempo<\/li>\n<li>Tiene un proceso de instalaci\u00f3n simple que tarda solo minutos en configurar en cualquier plataforma de sitio web.<\/li>\n<\/ul>\n","protected":false},"excerpt":{"rendered":"<p>Si est\u00e1 en busca de una herramienta inteligente y efectiva con el fin de administrar las revisiones relacionadas con su negocio en la plataforma ampliamente popular conocida como Google Places, le imploro que no busque m\u00e1s all\u00e1 de Google Places Reviews Pro. Esta plataforma de vanguardia y visi\u00f3n de futuro le proporciona la capacidad de no solo monitorear, sino tambi\u00e9n responder a los comentarios de los clientes, mejorando as\u00ed su reputaci\u00f3n en el \u00e1mbito virtual y cultivar una clientela devota y dedicada. Con sus atributos f\u00e1ciles de usar y an\u00e1lisis integrales, Google Places Reviews Pro es sin duda la respuesta final para las empresas que desean mantener un gran control sobre su gesti\u00f3n de la reputaci\u00f3n en l\u00ednea.<\/p>\n","protected":false},"featured_media":166276,"comment_status":"open","ping_status":"open","template":"","meta":[],"product_brand":[2339],"product_cat":[1214,1206,1211],"product_tag":[1256],"class_list":{"0":"post-114356","1":"product","2":"type-product","3":"status-publish","4":"has-post-thumbnail","6":"product_brand-codecanyon","7":"product_cat-personalizacion","8":"product_cat-plugins","9":"product_cat-wordpress-plugins","10":"product_tag-codecanyon","11":"member-discount","12":"discount-restricted","14":"first","15":"instock","16":"sale","17":"downloadable","18":"virtual","19":"sold-individually","20":"purchasable","21":"product-type-simple"},"_links":{"self":[{"href":"https:\/\/gpl-love.com\/es\/wp-json\/wp\/v2\/product\/114356","targetHints":{"allow":["GET"]}}],"collection":[{"href":"https:\/\/gpl-love.com\/es\/wp-json\/wp\/v2\/product"}],"about":[{"href":"https:\/\/gpl-love.com\/es\/wp-json\/wp\/v2\/types\/product"}],"replies":[{"embeddable":true,"href":"https:\/\/gpl-love.com\/es\/wp-json\/wp\/v2\/comments?post=114356"}],"wp:featuredmedia":[{"embeddable":true,"href":"https:\/\/gpl-love.com\/es\/wp-json\/wp\/v2\/media\/166276"}],"wp:attachment":[{"href":"https:\/\/gpl-love.com\/es\/wp-json\/wp\/v2\/media?parent=114356"}],"wp:term":[{"taxonomy":"product_brand","embeddable":true,"href":"https:\/\/gpl-love.com\/es\/wp-json\/wp\/v2\/product_brand?post=114356"},{"taxonomy":"product_cat","embeddable":true,"href":"https:\/\/gpl-love.com\/es\/wp-json\/wp\/v2\/product_cat?post=114356"},{"taxonomy":"product_tag","embeddable":true,"href":"https:\/\/gpl-love.com\/es\/wp-json\/wp\/v2\/product_tag?post=114356"}],"curies":[{"name":"wp","href":"https:\/\/api.w.org\/{rel}","templated":true}]}}