{"id":114352,"date":"2025-11-06T00:00:00","date_gmt":"2025-11-06T05:00:00","guid":{"rendered":"http:\/\/gpl-love.com\/es\/?post_type=product&#038;p=114352"},"modified":"2026-03-09T07:40:14","modified_gmt":"2026-03-09T12:40:14","slug":"gravity-forms-signature-addon","status":"publish","type":"product","link":"https:\/\/gpl-love.com\/es\/producto\/gravity-forms-signature-addon\/","title":{"rendered":"Gravity Forms Signature Addon 4.9.1"},"content":{"rendered":"<h3>Gravity Forms Signature Addon Caracteristicas<\/h3>\n<p>La gravedad forma Signature Addon, una herramienta incre\u00edblemente potente, otorga a los usuarios la capacidad de incorporar a la perfecci\u00f3n campos de firma en sus formas de gravedad existentes. Esta herramienta particular demuestra ser invaluable tanto para empresas como para personas, particularmente aquellos que necesitan obtener firmas para una amplia gama de prop\u00f3sitos, que van desde contratos y acuerdos hasta exenciones y m\u00e1s all\u00e1. Al emplear el complemento de la firma de los formularios de gravedad, los usuarios se vuelven capaces de adquirir sin esfuerzo firmas electr\u00f3nicas, lo que hace que las firmas escritas a mano obsoletas. Este notable complemento no solo garantiza una experiencia de usuario perfecta, sino que tambi\u00e9n cuenta con una amplia gama de opciones de personalizaci\u00f3n, asegurando que los usuarios puedan adaptar los campos de firma para adaptarse a sus requisitos espec\u00edficos con la m\u00e1xima facilidad. En esencia, se hace evidente que el complemento de la firma de la gravedad sirve como una necesidad absoluta para cualquier persona que busque capturar firmas digitales de manera eficiente, conveniente y segura.<\/p>\n<ul>\n<li>Integraci\u00f3n perfecta con complemento de formularios de gravedad para WordPress<\/li>\n<li>Permite a los usuarios agregar campos de firma a sus formularios<\/li>\n<li>Admite dispositivos con pantalla t\u00e1ctil para una f\u00e1cil entrada de firma<\/li>\n<li>Las firmas se capturan como im\u00e1genes vectoriales para visualizaci\u00f3n e impresi\u00f3n de alta calidad<\/li>\n<li>Incluye opciones para la validaci\u00f3n y verificaci\u00f3n de la firma.<\/li>\n<li>Se puede configurar para enviar un correo electr\u00f3nico a una copia PDF del formulario firmado a los usuarios y\/o administradores<\/li>\n<li>Admite firmar con l\u00e1piz \u00f3ptico, dedo o mouse<\/li>\n<li>Opciones de personalizaci\u00f3n f\u00e1ciles para apariencia y tama\u00f1o de campo de firma<\/li>\n<li>Proporciona documentaci\u00f3n detallada y atenci\u00f3n al cliente<\/li>\n<\/ul>\n","protected":false},"excerpt":{"rendered":"<p>La gravedad forma Signature Addon, una herramienta incre\u00edblemente robusta, presenta a los usuarios la magn\u00edfica capacidad de capturar firmas sin problemas dentro de sus formas de gravedad. Al emplear este complemento excepcional, las personas pueden generar formas sin esfuerzo que requieren firmas, incluidas, entre otros, contratos, exenciones o acuerdos, y obtenerlas sin esfuerzo electr\u00f3nicamente. Configurar el campo de la firma es un proceso directo, mejorado a\u00fan m\u00e1s por la flexibilidad de adaptarlo para alinearse perfectamente con la marca distintiva o el estilo preferido. En consecuencia, la comodidad incomparable otorgada por el complemento de la firma de los formularios de gravedad permite el logro de firmas sin papel, garantizando as\u00ed la vinculaci\u00f3n legal y la mayor seguridad de los valiosos documentos.<\/p>\n","protected":false},"featured_media":166328,"comment_status":"open","ping_status":"open","template":"","meta":[],"product_brand":[2469],"product_cat":[1214,1206,1211],"product_tag":[1300],"class_list":{"0":"post-114352","1":"product","2":"type-product","3":"status-publish","4":"has-post-thumbnail","6":"product_brand-gravityforms","7":"product_cat-personalizacion","8":"product_cat-plugins","9":"product_cat-wordpress-plugins","10":"product_tag-gravityforms","11":"member-discount","12":"discount-restricted","14":"first","15":"instock","16":"sale","17":"downloadable","18":"virtual","19":"sold-individually","20":"purchasable","21":"product-type-simple"},"_links":{"self":[{"href":"https:\/\/gpl-love.com\/es\/wp-json\/wp\/v2\/product\/114352","targetHints":{"allow":["GET"]}}],"collection":[{"href":"https:\/\/gpl-love.com\/es\/wp-json\/wp\/v2\/product"}],"about":[{"href":"https:\/\/gpl-love.com\/es\/wp-json\/wp\/v2\/types\/product"}],"replies":[{"embeddable":true,"href":"https:\/\/gpl-love.com\/es\/wp-json\/wp\/v2\/comments?post=114352"}],"wp:featuredmedia":[{"embeddable":true,"href":"https:\/\/gpl-love.com\/es\/wp-json\/wp\/v2\/media\/166328"}],"wp:attachment":[{"href":"https:\/\/gpl-love.com\/es\/wp-json\/wp\/v2\/media?parent=114352"}],"wp:term":[{"taxonomy":"product_brand","embeddable":true,"href":"https:\/\/gpl-love.com\/es\/wp-json\/wp\/v2\/product_brand?post=114352"},{"taxonomy":"product_cat","embeddable":true,"href":"https:\/\/gpl-love.com\/es\/wp-json\/wp\/v2\/product_cat?post=114352"},{"taxonomy":"product_tag","embeddable":true,"href":"https:\/\/gpl-love.com\/es\/wp-json\/wp\/v2\/product_tag?post=114352"}],"curies":[{"name":"wp","href":"https:\/\/api.w.org\/{rel}","templated":true}]}}