{"id":114320,"date":"2021-06-17T00:00:00","date_gmt":"2021-06-17T05:00:00","guid":{"rendered":"http:\/\/gpl-love.com\/es\/?post_type=product&#038;p=114320"},"modified":"2026-03-09T07:27:12","modified_gmt":"2026-03-09T12:27:12","slug":"direct-checkout-pro-add-to-cart-redirect-para-woocommerce","status":"publish","type":"product","link":"https:\/\/gpl-love.com\/es\/producto\/direct-checkout-pro-add-to-cart-redirect-para-woocommerce\/","title":{"rendered":"Direct Checkout Pro Add To Cart Redirect para Woocommerce 1.3.9.11"},"content":{"rendered":"<h3>Direct Checkout Pro Add To Cart Redirect para Woocommerce Caracteristicas<\/h3>\n<p>El Direct Checkout Pro Agregar a la redirecci\u00f3n de CART para WooCommerce es un complemento innovador y revolucionario que tiene como objetivo optimizar y simplificar la experiencia de compra en l\u00ednea para los clientes. Al integrar este complemento en su sitio web, los minoristas pueden proporcionar a los clientes la capacidad de evitar el proceso de carrito de compras convencional y que lleva mucho tiempo, lo que les permite proceder directamente a la p\u00e1gina de pago. Esto no solo reduce el n\u00famero de pasos tediosos necesarios para completar una compra, sino que tambi\u00e9n mejora la eficiencia general y la velocidad de las transacciones. En consecuencia, esta mayor conveniencia y expedici\u00f3n puede generar tasas de conversi\u00f3n elevadas y un mayor nivel de satisfacci\u00f3n del cliente. Adem\u00e1s, el complemento cuenta con un proceso de instalaci\u00f3n f\u00e1cil y f\u00e1cil de usar, lo que lo hace f\u00e1cilmente accesible para los minoristas en l\u00ednea. Adem\u00e1s, ofrece un alto grado de personalizaci\u00f3n, lo que permite a los minoristas adaptarlo a sus necesidades y preferencias espec\u00edficas. Adem\u00e1s, el complemento es compatible con una amplia gama de pasarelas de pago, lo que garantiza una integraci\u00f3n perfecta con varios sistemas de transacci\u00f3n. Por lo tanto, sirve como una herramienta valiosa e indispensable para los minoristas en l\u00ednea que buscan optimizar su proceso de pago y, en \u00faltima instancia, mejorar su rentabilidad y \u00e9xito.<\/p>\n<ul>\n<li>Direct Checkout Pro es un complemento f\u00e1cil de usar que se integra perfectamente con su tienda WooCommerce<\/li>\n<li>Agregar a la funci\u00f3n de redirecci\u00f3n del carrito le permite llevar a sus clientes directamente a la p\u00e1gina de pago, saltando por completo el carrito<\/li>\n<li>Ayuda a sus clientes a ahorrar tiempo y reduce la posibilidad de abandonar el carro<\/li>\n<li>Opciones personalizables le permiten elegir d\u00f3nde desea redirigir a los clientes despu\u00e9s de realizar una compra<\/li>\n<li>Las opciones de administraci\u00f3n le brindan un control completo sobre el comportamiento y la configuraci\u00f3n del complemento<\/li>\n<li>Compatible con todos los principales navegadores y dispositivos, asegurando una experiencia de pago sin problemas para todos los clientes<\/li>\n<li>Aumenta las tasas de conversi\u00f3n y aumenta los ingresos para su tienda en l\u00ednea<\/li>\n<li>Ahorra tiempo tanto para usted como para sus clientes, simplificando el proceso de pago y haci\u00e9ndolo m\u00e1s eficiente<\/li>\n<li>Constantemente actualizado con nuevas caracter\u00edsticas y correcciones de errores para garantizar un funcionamiento sin problemas y un rendimiento \u00f3ptimo.<\/li>\n<\/ul>\n","protected":false},"excerpt":{"rendered":"<p>Mejore la funcionalidad de su tienda WooCommerce con nuestra extensi\u00f3n de redirecci\u00f3n de redirecci\u00f3n de pago directo. Esta poderosa herramienta ofrece una experiencia de compra perfecta para sus clientes al redirigirlos directamente a la p\u00e1gina de pago, sin pasar por completo la p\u00e1gina del carrito. Esto no solo simplifica todo el proceso, sino que tambi\u00e9n fomenta la compra de impulsos, lo que aumenta sus ventas. Esta extensi\u00f3n es extremadamente f\u00e1cil de usar, f\u00e1cil de instalar y configurar de acuerdo con las necesidades de su negocio. Experimente los beneficios de un proceso de pago simplificado y un aumento de las tasas de conversi\u00f3n con la redirecci\u00f3n de CART a la redirecci\u00f3n de CART para WooCommerce.<\/p>\n","protected":false},"featured_media":165774,"comment_status":"open","ping_status":"open","template":"","meta":[],"product_brand":[2411],"product_cat":[1207,1248,1206],"product_tag":[2152],"class_list":{"0":"post-114320","1":"product","2":"type-product","3":"status-publish","4":"has-post-thumbnail","6":"product_brand-pi-web","7":"product_cat-comercio-electronico-plugins","8":"product_cat-personalizacion-comercio-electronico-plugins","9":"product_cat-plugins","10":"product_tag-pi-web","11":"member-discount","12":"discount-restricted","14":"first","15":"instock","16":"sale","17":"downloadable","18":"virtual","19":"sold-individually","20":"purchasable","21":"product-type-simple"},"_links":{"self":[{"href":"https:\/\/gpl-love.com\/es\/wp-json\/wp\/v2\/product\/114320","targetHints":{"allow":["GET"]}}],"collection":[{"href":"https:\/\/gpl-love.com\/es\/wp-json\/wp\/v2\/product"}],"about":[{"href":"https:\/\/gpl-love.com\/es\/wp-json\/wp\/v2\/types\/product"}],"replies":[{"embeddable":true,"href":"https:\/\/gpl-love.com\/es\/wp-json\/wp\/v2\/comments?post=114320"}],"wp:featuredmedia":[{"embeddable":true,"href":"https:\/\/gpl-love.com\/es\/wp-json\/wp\/v2\/media\/165774"}],"wp:attachment":[{"href":"https:\/\/gpl-love.com\/es\/wp-json\/wp\/v2\/media?parent=114320"}],"wp:term":[{"taxonomy":"product_brand","embeddable":true,"href":"https:\/\/gpl-love.com\/es\/wp-json\/wp\/v2\/product_brand?post=114320"},{"taxonomy":"product_cat","embeddable":true,"href":"https:\/\/gpl-love.com\/es\/wp-json\/wp\/v2\/product_cat?post=114320"},{"taxonomy":"product_tag","embeddable":true,"href":"https:\/\/gpl-love.com\/es\/wp-json\/wp\/v2\/product_tag?post=114320"}],"curies":[{"name":"wp","href":"https:\/\/api.w.org\/{rel}","templated":true}]}}