{"id":114314,"date":"2025-08-07T00:00:00","date_gmt":"2025-08-07T05:00:00","guid":{"rendered":"http:\/\/gpl-love.com\/es\/?post_type=product&#038;p=114314"},"modified":"2026-04-10T11:33:04","modified_gmt":"2026-04-10T16:33:04","slug":"woocommerce-pdf-invoices-y-packing-slips-professional","status":"publish","type":"product","link":"https:\/\/gpl-love.com\/es\/producto\/woocommerce-pdf-invoices-y-packing-slips-professional\/","title":{"rendered":"WooCommerce PDF Invoices y Packing Slips Professional 2.16.9"},"content":{"rendered":"<h3>WooCommerce PDF Invoices y Packing Slips Professional Caracteristicas<\/h3>\n<p>Las facturas PDF de WooCommerce y el complemento profesional de envases es una herramienta extremadamente robusta que abarca una soluci\u00f3n altamente eficiente y simplificada con el fin de generar facturas profesionales y resbalones de embalaje. En virtud de su interfaz f\u00e1cil de usar, las personas tienen la oportunidad de personalizar sus facturas y empacar resbalones a trav\u00e9s de la adici\u00f3n de logotipos, fuentes e informaci\u00f3n de marca. Adem\u00e1s, este complemento cuenta con una variedad de funcionalidades avanzadas, incluidas, entre otros, la generaci\u00f3n de facturas masivas, la numeraci\u00f3n de facturas y el env\u00edo automatizado de facturas a los clientes. Adem\u00e1s, este complemento exhibe una notable interoperabilidad con una mir\u00edada de pasarelas de pago, garantizando as\u00ed la m\u00e1xima precisi\u00f3n en la documentaci\u00f3n de todas las transacciones financieras. Sin lugar a dudas, las facturas de WooCommerce PDF y el complemento profesional de envasado sirven como un activo indispensable para cualquier tienda en l\u00ednea que aspira a mejorar sus procedimientos de facturaci\u00f3n y env\u00edo.<\/p>\n<ul>\n<li>Genera facturas profesionales y resbalones de embalaje para pedidos de WooCommerce<\/li>\n<li>Plantillas personalizables para facturas y resbalones de embalaje<\/li>\n<li>Env\u00ede autom\u00e1ticamente facturas y saltos de embalaje a los clientes por correo electr\u00f3nico<\/li>\n<li>Agregue campos adicionales a las facturas y resbalones de embalaje para incluir informaci\u00f3n importante<\/li>\n<li>Facturas de n\u00famero autom\u00e1tico y secuenciales para una organizaci\u00f3n f\u00e1cil<\/li>\n<li>Permite la inclusi\u00f3n de im\u00e1genes del producto en facturas y resbalones de embalaje<\/li>\n<li>Soporte de idiomas m\u00faltiples para clientes internacionales<\/li>\n<li>Capaz de descargar e imprimir facturas y empacar saltos a granel<\/li>\n<li>Personalice f\u00e1cilmente la factura y el encabezado de deslizamiento de embalaje\/pie de p\u00e1gina<\/li>\n<li>Compatible con pasarelas de pago populares y m\u00e9todos de env\u00edo<\/li>\n<\/ul>\n","protected":false},"excerpt":{"rendered":"<p>Al utilizar las facturas de WooCommerce PDF y las resbalones de embalaje, los usuarios reciben la conveniente capacidad de personalizar y generar facturas y resbalones de embalaje que exuden una apariencia profesional para sus tiendas en l\u00ednea. Este complemento excepcional posee la capacidad de enviar sin esfuerzo las facturas de PDF y las resbalones de embalaje a los clientes, disminuyendo as\u00ed la carga y la mano de obra involucradas en el procesamiento manual de los pedidos. Adem\u00e1s, su compatibilidad perfecta con las pasarelas de pago prominentes lo convierte en una herramienta esencial e indispensable para administrar efectivamente la tienda de WooCommerce de manera efectiva.<\/p>\n","protected":false},"featured_media":168202,"comment_status":"open","ping_status":"open","template":"","meta":[],"product_brand":[2603],"product_cat":[1208,1207,1206],"product_tag":[2151],"class_list":{"0":"post-114314","1":"product","2":"type-product","3":"status-publish","4":"has-post-thumbnail","6":"product_brand-wp-overnight","7":"product_cat-administracion","8":"product_cat-comercio-electronico-plugins","9":"product_cat-plugins","10":"product_tag-wp-overnight","11":"member-discount","12":"discount-restricted","14":"first","15":"instock","16":"sale","17":"downloadable","18":"virtual","19":"sold-individually","20":"purchasable","21":"product-type-simple"},"_links":{"self":[{"href":"https:\/\/gpl-love.com\/es\/wp-json\/wp\/v2\/product\/114314","targetHints":{"allow":["GET"]}}],"collection":[{"href":"https:\/\/gpl-love.com\/es\/wp-json\/wp\/v2\/product"}],"about":[{"href":"https:\/\/gpl-love.com\/es\/wp-json\/wp\/v2\/types\/product"}],"replies":[{"embeddable":true,"href":"https:\/\/gpl-love.com\/es\/wp-json\/wp\/v2\/comments?post=114314"}],"wp:featuredmedia":[{"embeddable":true,"href":"https:\/\/gpl-love.com\/es\/wp-json\/wp\/v2\/media\/168202"}],"wp:attachment":[{"href":"https:\/\/gpl-love.com\/es\/wp-json\/wp\/v2\/media?parent=114314"}],"wp:term":[{"taxonomy":"product_brand","embeddable":true,"href":"https:\/\/gpl-love.com\/es\/wp-json\/wp\/v2\/product_brand?post=114314"},{"taxonomy":"product_cat","embeddable":true,"href":"https:\/\/gpl-love.com\/es\/wp-json\/wp\/v2\/product_cat?post=114314"},{"taxonomy":"product_tag","embeddable":true,"href":"https:\/\/gpl-love.com\/es\/wp-json\/wp\/v2\/product_tag?post=114314"}],"curies":[{"name":"wp","href":"https:\/\/api.w.org\/{rel}","templated":true}]}}