{"id":114312,"date":"2025-11-14T00:00:00","date_gmt":"2025-11-14T05:00:00","guid":{"rendered":"http:\/\/gpl-love.com\/es\/?post_type=product&#038;p=114312"},"modified":"2026-03-13T17:27:37","modified_gmt":"2026-03-13T22:27:37","slug":"politix-political-campaign-wordpress-theme","status":"publish","type":"product","link":"https:\/\/gpl-love.com\/es\/producto\/politix-political-campaign-wordpress-theme\/","title":{"rendered":"Politix Political Campaign WordPress Theme 1.0.7"},"content":{"rendered":"<h3>Politix Political Campaign WordPress Theme Caracteristicas<\/h3>\n<p>El tema de WordPress de la campa\u00f1a pol\u00edtica de Politix, con su multitud de capacidades y adaptabilidad, sirve como un recurso invaluable para las campa\u00f1as pol\u00edticas, independientemente de su escala. Con un dise\u00f1o contempor\u00e1neo y una interfaz de usuario intuitiva, permite a los pol\u00edticos y organizaciones pol\u00edticas establecer una presencia en l\u00ednea pulida y fomentar interacciones significativas con sus seguidores. Este tema abarca una amplia gama de caracter\u00edsticas, formularios de donaci\u00f3n, calendarios de eventos, integraci\u00f3n perfecta con plataformas de redes sociales y la opci\u00f3n de personalizar plantillas para p\u00e1ginas y publicaciones. Adem\u00e1s, se complementa con una variedad de dise\u00f1os predise\u00f1ados, facilitando un proceso de inicio sin problemas. Ya sea que uno compita por una posici\u00f3n de poder o supervisa la gesti\u00f3n de una campa\u00f1a, el tema de WordPress de la campa\u00f1a pol\u00edtica de Politix es inequ\u00edvocamente como un activo indispensable para cualquier esfuerzo pol\u00edtico que busque triunfo.<\/p>\n<ul>\n<li>Dise\u00f1o del sitio web de campa\u00f1a pol\u00edtica moderna y profesional<\/li>\n<li>P\u00e1gina de inicio personalizable con varias opciones de dise\u00f1o<\/li>\n<li>Varias plantillas de p\u00e1gina que incluyen sobre, problemas, eventos y p\u00e1ginas de blogs<\/li>\n<li>Integraci\u00f3n con plataformas populares de donaci\u00f3n y marketing por correo electr\u00f3nico<\/li>\n<li>Panel de opciones de tema potentes para una f\u00e1cil personalizaci\u00f3n<\/li>\n<li>Dise\u00f1o receptivo para una visualizaci\u00f3n \u00f3ptima en dispositivos m\u00f3viles<\/li>\n<li>Integraci\u00f3n de redes sociales incorporadas para f\u00e1cil compartir<\/li>\n<li>M\u00faltiples esquemas de color para elegir<\/li>\n<li>Compatible con constructores de p\u00e1ginas de WordPress populares para una flexibilidad de dise\u00f1o adicional<\/li>\n<li>Actualizaciones gratuitas de por vida y excelente atenci\u00f3n al cliente<\/li>\n<\/ul>\n","protected":false},"excerpt":{"rendered":"<p>El tema de WordPress de la campa\u00f1a pol\u00edtica de Politix se presenta como la soluci\u00f3n definitiva adaptada para pol\u00edticos o partidos pol\u00edticos que buscan una presencia en l\u00ednea influyente y est\u00e9ticamente agradable. Con un dise\u00f1o contempor\u00e1neo y sofisticado, este tema proporciona una extensa gama de herramientas y caracter\u00edsticas destinadas a facilitar la comunicaci\u00f3n perfecta con los seguidores, difundir ideas de manera efectiva y atraer seguidores nuevos. Desde la inclusi\u00f3n de widgets personalizables y una integraci\u00f3n perfecta con varias plataformas de redes sociales, hasta la provisi\u00f3n de apoyo de varios idiomas y la incorporaci\u00f3n de formularios de donaci\u00f3n, Politix abarca todos los componentes necesarios necesarios para crear un sitio web de campa\u00f1a pol\u00edtica triunfante. Por lo tanto, si su aspiraci\u00f3n implica hacer una declaraci\u00f3n indomable dentro del \u00e1mbito digital de la pol\u00edtica, tenga la seguridad de que este tema es la opci\u00f3n impecable para usted.<\/p>\n","protected":false},"featured_media":167234,"comment_status":"open","ping_status":"open","template":"","meta":[],"product_brand":[2337],"product_cat":[1267,1237,1238],"product_tag":[1391],"class_list":{"0":"post-114312","1":"product","2":"type-product","3":"status-publish","4":"has-post-thumbnail","6":"product_brand-themeforest","7":"product_cat-creativo","8":"product_cat-temas","9":"product_cat-wordpress-temas","10":"product_tag-themeforest","11":"member-discount","12":"discount-restricted","14":"first","15":"instock","16":"sale","17":"downloadable","18":"virtual","19":"sold-individually","20":"purchasable","21":"product-type-simple"},"_links":{"self":[{"href":"https:\/\/gpl-love.com\/es\/wp-json\/wp\/v2\/product\/114312","targetHints":{"allow":["GET"]}}],"collection":[{"href":"https:\/\/gpl-love.com\/es\/wp-json\/wp\/v2\/product"}],"about":[{"href":"https:\/\/gpl-love.com\/es\/wp-json\/wp\/v2\/types\/product"}],"replies":[{"embeddable":true,"href":"https:\/\/gpl-love.com\/es\/wp-json\/wp\/v2\/comments?post=114312"}],"wp:featuredmedia":[{"embeddable":true,"href":"https:\/\/gpl-love.com\/es\/wp-json\/wp\/v2\/media\/167234"}],"wp:attachment":[{"href":"https:\/\/gpl-love.com\/es\/wp-json\/wp\/v2\/media?parent=114312"}],"wp:term":[{"taxonomy":"product_brand","embeddable":true,"href":"https:\/\/gpl-love.com\/es\/wp-json\/wp\/v2\/product_brand?post=114312"},{"taxonomy":"product_cat","embeddable":true,"href":"https:\/\/gpl-love.com\/es\/wp-json\/wp\/v2\/product_cat?post=114312"},{"taxonomy":"product_tag","embeddable":true,"href":"https:\/\/gpl-love.com\/es\/wp-json\/wp\/v2\/product_tag?post=114312"}],"curies":[{"name":"wp","href":"https:\/\/api.w.org\/{rel}","templated":true}]}}