{"id":114310,"date":"2021-06-17T00:00:00","date_gmt":"2021-06-17T05:00:00","guid":{"rendered":"http:\/\/gpl-love.com\/es\/?post_type=product&#038;p=114310"},"modified":"2026-03-13T17:23:32","modified_gmt":"2026-03-13T22:23:32","slug":"leganic-organic-y-food-store-wordpress-theme","status":"publish","type":"product","link":"https:\/\/gpl-love.com\/es\/producto\/leganic-organic-y-food-store-wordpress-theme\/","title":{"rendered":"Leganic Organic y Food Store WordPress Theme 1.2"},"content":{"rendered":"<h3>Leganic Organic y Food Store WordPress Theme Caracteristicas<\/h3>\n<p>El tema de WordPress de la tienda org\u00e1nica y de alimentos de Leganic presenta una soluci\u00f3n ideal para las personas que desean establecer una tienda en l\u00ednea para mercanc\u00edas de alimentos org\u00e1nicos y saludables. Este tema proporciona un dise\u00f1o pr\u00edstino y contempor\u00e1neo que es totalmente personalizable, otorgando a los usuarios la capacidad de mostrar sus productos de la manera m\u00e1s impresionante. Adem\u00e1s, est\u00e1 equipado con una variedad de opciones para la visualizaci\u00f3n de productos, la red que abarca los dise\u00f1os de la red, la lista y el carrusel. El tema garantiza una experiencia de usuario ininterrumpida, con una f\u00e1cil navegaci\u00f3n y una interfaz que prioriza la facilidad de uso. Adem\u00e1s, exhibe una capacidad de respuesta excepcional, que garantiza una experiencia visual excepcional en todos los dispositivos. Su documentaci\u00f3n integral y sus servicios de apoyo excepcionales lo convierten en la preferencia final por las personas que buscan establecer una tienda en l\u00ednea para productos alimenticios org\u00e1nicos y saludables.<\/p>\n<ul>\n<li>Un tema de WordPress receptivo y amigable para m\u00f3viles dise\u00f1ado espec\u00edficamente para tiendas de alimentos org\u00e1nicos y negocios relacionados.<\/li>\n<li>Construido con un dise\u00f1o limpio y profesional para crear una tienda en l\u00ednea visualmente atractiva para su negocio.<\/li>\n<li>Incluye opciones f\u00e1ciles de usar y personalizables para el dise\u00f1o del sitio, esquemas de color, fuentes y m\u00e1s.<\/li>\n<li>Cuenta con m\u00faltiples plantillas de p\u00e1gina preconstruidas, incluidas la galer\u00eda, el calendario de eventos y las p\u00e1ginas de blogs, con la capacidad de crear f\u00e1cilmente p\u00e1ginas personalizadas seg\u00fan sea necesario.<\/li>\n<li>Incluye compatibilidad incorporada con complementos populares de WordPress como WooCommerce para f\u00e1ciles de ventas y reservas en l\u00ednea.<\/li>\n<li>Optimizado para la visibilidad del motor de b\u00fasqueda para ayudar a los clientes potenciales a encontrar su negocio en l\u00ednea.<\/li>\n<li>Incluye documentaci\u00f3n detallada y atenci\u00f3n al cliente para ayudarlo a aprovechar al m\u00e1ximo su tema leg\u00e1nico.<\/li>\n<\/ul>\n","protected":false},"excerpt":{"rendered":"<p>El tema de WordPress de la tienda org\u00e1nica y de alimentos Leganic es un ejemplo de dise\u00f1o y estilo contempor\u00e1neo, espec\u00edficamente adaptado para empresas como tiendas de alimentos org\u00e1nicos, mercados de agricultores y bloggers de alimentos sostenibles. Su est\u00e9tica incorpora tanto la modernidad como la elegancia, creando una experiencia visualmente atractiva y atractiva para los usuarios. Adem\u00e1s, este tema cuenta con un alto grado de adaptabilidad, lo que permite la personalizaci\u00f3n sin esfuerzo para adaptarse a las preferencias individuales. Esto se ve facilitado por la inclusi\u00f3n de m\u00faltiples dise\u00f1os de p\u00e1ginas de inicio, p\u00e1ginas de tiendas y opciones de filtrado de productos, proporcionando a los usuarios una amplia gama de opciones para alinearse perfectamente con sus necesidades \u00fanicas de marca y organizaci\u00f3n. Adem\u00e1s, Leganic se basa en las \u00faltimas tecnolog\u00edas web, asegurando un rendimiento, velocidad y compatibilidad \u00f3ptimos. Adem\u00e1s, su optimizaci\u00f3n de SEO garantiza una mayor visibilidad y accesibilidad, lo que permite a las empresas llegar a un p\u00fablico m\u00e1s amplio y maximizar su presencia en l\u00ednea. Con su dise\u00f1o impecable, funcionalidad perfecta y caracter\u00edsticas orientadas al usuario, el tema de WordPress de la tienda org\u00e1nica y de alimentos de L\u00e9gano es sin duda un cambio de juego que puede revolucionar su empresa y elevarlo a alturas de \u00e9xito incomparables.<\/p>\n","protected":false},"featured_media":166607,"comment_status":"open","ping_status":"open","template":"","meta":[],"product_brand":[2337],"product_cat":[1307,1237,1238],"product_tag":[1391],"class_list":{"0":"post-114310","1":"product","2":"type-product","3":"status-publish","4":"has-post-thumbnail","6":"product_brand-themeforest","7":"product_cat-negocio-wordpress-temas","8":"product_cat-temas","9":"product_cat-wordpress-temas","10":"product_tag-themeforest","11":"member-discount","12":"discount-restricted","14":"first","15":"instock","16":"sale","17":"downloadable","18":"virtual","19":"sold-individually","20":"purchasable","21":"product-type-simple"},"_links":{"self":[{"href":"https:\/\/gpl-love.com\/es\/wp-json\/wp\/v2\/product\/114310","targetHints":{"allow":["GET"]}}],"collection":[{"href":"https:\/\/gpl-love.com\/es\/wp-json\/wp\/v2\/product"}],"about":[{"href":"https:\/\/gpl-love.com\/es\/wp-json\/wp\/v2\/types\/product"}],"replies":[{"embeddable":true,"href":"https:\/\/gpl-love.com\/es\/wp-json\/wp\/v2\/comments?post=114310"}],"wp:featuredmedia":[{"embeddable":true,"href":"https:\/\/gpl-love.com\/es\/wp-json\/wp\/v2\/media\/166607"}],"wp:attachment":[{"href":"https:\/\/gpl-love.com\/es\/wp-json\/wp\/v2\/media?parent=114310"}],"wp:term":[{"taxonomy":"product_brand","embeddable":true,"href":"https:\/\/gpl-love.com\/es\/wp-json\/wp\/v2\/product_brand?post=114310"},{"taxonomy":"product_cat","embeddable":true,"href":"https:\/\/gpl-love.com\/es\/wp-json\/wp\/v2\/product_cat?post=114310"},{"taxonomy":"product_tag","embeddable":true,"href":"https:\/\/gpl-love.com\/es\/wp-json\/wp\/v2\/product_tag?post=114310"}],"curies":[{"name":"wp","href":"https:\/\/api.w.org\/{rel}","templated":true}]}}