{"id":114308,"date":"2023-11-02T00:00:00","date_gmt":"2023-11-02T05:00:00","guid":{"rendered":"http:\/\/gpl-love.com\/es\/?post_type=product&#038;p=114308"},"modified":"2026-03-13T17:22:29","modified_gmt":"2026-03-13T22:22:29","slug":"iceberg-simple-y-minimal-personal-theme","status":"publish","type":"product","link":"https:\/\/gpl-love.com\/es\/producto\/iceberg-simple-y-minimal-personal-theme\/","title":{"rendered":"Iceberg Simple y Minimal Personal Theme 2.2.1"},"content":{"rendered":"<h3>Iceberg Simple y Minimal Personal Theme Caracteristicas<\/h3>\n<p>El tema personal simple y m\u00ednimo de Iceberg es un tema de sitio web exquisitamente dise\u00f1ado que presenta una est\u00e9tica pr\u00edstina y contempor\u00e1nea para blogs personales o sitios web de cartera. Con un \u00e9nfasis en la elegancia sin complicaciones, este tema ofrece un enfoque minimalista que permite a los visitantes desviar su atenci\u00f3n \u00fanicamente hacia el contenido del sitio web, libre de cualquier distracci\u00f3n extra\u00f1a. Adem\u00e1s, este tema es totalmente receptivo, lo que significa que posee la capacidad de adaptarse perfectamente a una variedad de tama\u00f1os de pantalla, asegurando as\u00ed la accesibilidad sin esfuerzo desde cualquier dispositivo. Adem\u00e1s, ofrece una mir\u00edada de opciones de personalizaci\u00f3n, que abarcan esquemas de color, fuentes y dise\u00f1os, lo que permite a los usuarios adaptar el tema de acuerdo con su estilo personal distintivo. En general, el tema personal iceberg simple y m\u00ednimo demuestra ser una selecci\u00f3n ejemplar para las personas en busca de un tema de sitio web inequ\u00edvoco y refinado.<\/p>\n<ul>\n<li>Dise\u00f1o limpio y moderno<\/li>\n<li>Dise\u00f1o minimalista para resaltar el contenido<\/li>\n<li>Imagen de encabezado personalizable<\/li>\n<li>Iconos de redes sociales incluidos<\/li>\n<li>Soporte para categor\u00edas y etiquetas<\/li>\n<li>Dise\u00f1o de respuesta m\u00f3vil<\/li>\n<li>Barra de b\u00fasqueda incorporada<\/li>\n<li>Personalizaci\u00f3n f\u00e1cil con el personalizador de WordPress<\/li>\n<li>Compatible con complementos populares como JetPack y el Formulario de contacto 7<\/li>\n<li>Bien documentado con instrucciones claras para la configuraci\u00f3n y la personalizaci\u00f3n<\/li>\n<\/ul>\n","protected":false},"excerpt":{"rendered":"<p>El tema personal simple y m\u00ednimo de Iceberg surge como la \u00faltima alternativa para las personas que aspiran a dise\u00f1ar un sitio web personal sofisticado y refinado. Este tema notablemente f\u00e1cil de usar abarca un dise\u00f1o inmaculado y contempor\u00e1neo, lo que le brinda la oportunidad de exhibir su contenido de manera exquisita y animada. Gracias a su gran cantidad de atributos personalizables y la interfaz centrada en el usuario, el tema personal simple y m\u00ednimo de Iceberg se erige como la selecci\u00f3n por excelencia para las personas que anhelan establecer una notable presencia digital. Por lo tanto, \u00bfpor qu\u00e9 postergar m\u00e1s? Inicie su viaje hoy y eleve su sitio web personal a alturas sin precedentes adoptando el notable tema personal simple y m\u00ednimo de iceberg.<\/p>\n","protected":false},"featured_media":166451,"comment_status":"open","ping_status":"open","template":"","meta":[],"product_brand":[2337],"product_cat":[1245,1237,1238],"product_tag":[1391],"class_list":{"0":"post-114308","1":"product","2":"type-product","3":"status-publish","4":"has-post-thumbnail","6":"product_brand-themeforest","7":"product_cat-blog-revista","8":"product_cat-temas","9":"product_cat-wordpress-temas","10":"product_tag-themeforest","11":"member-discount","12":"discount-restricted","14":"first","15":"instock","16":"sale","17":"downloadable","18":"virtual","19":"sold-individually","20":"purchasable","21":"product-type-simple"},"_links":{"self":[{"href":"https:\/\/gpl-love.com\/es\/wp-json\/wp\/v2\/product\/114308","targetHints":{"allow":["GET"]}}],"collection":[{"href":"https:\/\/gpl-love.com\/es\/wp-json\/wp\/v2\/product"}],"about":[{"href":"https:\/\/gpl-love.com\/es\/wp-json\/wp\/v2\/types\/product"}],"replies":[{"embeddable":true,"href":"https:\/\/gpl-love.com\/es\/wp-json\/wp\/v2\/comments?post=114308"}],"wp:featuredmedia":[{"embeddable":true,"href":"https:\/\/gpl-love.com\/es\/wp-json\/wp\/v2\/media\/166451"}],"wp:attachment":[{"href":"https:\/\/gpl-love.com\/es\/wp-json\/wp\/v2\/media?parent=114308"}],"wp:term":[{"taxonomy":"product_brand","embeddable":true,"href":"https:\/\/gpl-love.com\/es\/wp-json\/wp\/v2\/product_brand?post=114308"},{"taxonomy":"product_cat","embeddable":true,"href":"https:\/\/gpl-love.com\/es\/wp-json\/wp\/v2\/product_cat?post=114308"},{"taxonomy":"product_tag","embeddable":true,"href":"https:\/\/gpl-love.com\/es\/wp-json\/wp\/v2\/product_tag?post=114308"}],"curies":[{"name":"wp","href":"https:\/\/api.w.org\/{rel}","templated":true}]}}