{"id":114306,"date":"2022-03-17T00:00:00","date_gmt":"2022-03-17T05:00:00","guid":{"rendered":"http:\/\/gpl-love.com\/es\/?post_type=product&#038;p=114306"},"modified":"2026-03-13T17:21:53","modified_gmt":"2026-03-13T22:21:53","slug":"groci-organic-food-y-grocery-market-wordpress-theme","status":"publish","type":"product","link":"https:\/\/gpl-love.com\/es\/producto\/groci-organic-food-y-grocery-market-wordpress-theme\/","title":{"rendered":"Groci Organic Food y Grocery Market WordPress Theme 2.1.3"},"content":{"rendered":"<h3>Groci Organic Food y Grocery Market WordPress Theme Caracteristicas<\/h3>\n<p>El tema de WordPress del mercado de alimentos y comestibles de comestibles es un tema incre\u00edblemente robusto y vers\u00e1til que ha sido dise\u00f1ado espec\u00edficamente para los mercados de alimentos y comestibles org\u00e1nicos. Con una impresionante variedad de caracter\u00edsticas y funcionalidades a su disposici\u00f3n, este tema le permite establecer sin esfuerzo una tienda en l\u00ednea profesional y f\u00e1cil de usar. Ya sea que su intenci\u00f3n sea comercializar y vender frutas y verduras org\u00e1nicas, carnes, productos l\u00e1cteos o cualquier otro art\u00edculo de supermercado, este tema abarca todas las herramientas y recursos esenciales necesarios para iniciar su empresa digital. Con un dise\u00f1o altamente receptivo, un dise\u00f1o de dispositivos m\u00f3viles y una interfaz de personalizaci\u00f3n intuitiva, tiene la libertad de curar un sitio web verdaderamente excepcional y cautivador que muestra efectivamente sus productos excepcionales y servicios de primer nivel. Adem\u00e1s, el tema de WordPress del mercado de alimentos y comestibles de comestibles incorpora una amplia gama de plantillas, widgets y complementos previos a la construcci\u00f3n, proporcionando una flexibilidad y conveniencia incomparables cuando se trata de adaptar su sitio para adaptarse a sus requisitos \u00fanicos y espec\u00edficos. Ya sea que opere una modesta empresa a peque\u00f1a escala o una corporaci\u00f3n multinacional en expansi\u00f3n, este tema es la mejor opci\u00f3n para construir una tienda en l\u00ednea pr\u00f3spera y floreciente que rinde constantemente los resultados fenomenales.<\/p>\n<ul>\n<li>Dise\u00f1o totalmente receptivo y amigable para m\u00f3viles<\/li>\n<li>6 dise\u00f1os diferentes de la p\u00e1gina de inicio para elegir<\/li>\n<li>Variaciones m\u00faltiples de encabezado y pie de p\u00e1gina<\/li>\n<li>Integraci\u00f3n de WooCommerce para f\u00e1ciles de compras en l\u00ednea<\/li>\n<li>Opciones avanzadas de filtrado de productos<\/li>\n<li>Secci\u00f3n de blog personalizable para compartir recetas y noticias de comida<\/li>\n<li>Integraci\u00f3n de las redes sociales para compartir en Facebook, Twitter e Instagram<\/li>\n<li>Mapas de Google integrados para una f\u00e1cil ubicaci\u00f3n de la tienda<\/li>\n<li>Opciones para personalizar el esquema de color y las fuentes<\/li>\n<li>Instalaci\u00f3n de demostraci\u00f3n de un solo clic para una configuraci\u00f3n r\u00e1pida<\/li>\n<li>Soporte dedicado y documentaci\u00f3n detallada incluida.<\/li>\n<\/ul>\n","protected":false},"excerpt":{"rendered":"<p>El tema de WordPress del mercado de alimentos y comestibles de comestibles muestra un dise\u00f1o contempor\u00e1neo y pulido que se adapta idealmente a las tiendas de alimentos org\u00e1nicos y naturales, mercados de agricultores, mercados de comestibles y todas las dem\u00e1s empresas afiliadas. Este tema excepcional cuenta con una gran cantidad de dise\u00f1os de p\u00e1gina de inicio personalizables, asegurando un toque personalizado. Su dise\u00f1o receptivo se adapta perfectamente a diferentes dispositivos, garantizando una experiencia de navegaci\u00f3n \u00f3ptima para los usuarios. Adem\u00e1s, Groci ofrece una exquisita selecci\u00f3n de fuentes, junto con los controles deslizantes de productos cautivadores, aumentando as\u00ed el atractivo visual de su sitio web. Adem\u00e1s, este tema viene equipado con una variedad de p\u00e1ginas preconstruidas que incluyen una p\u00e1gina de tienda, una p\u00e1gina de blog y una p\u00e1gina de contacto, que simplifica el proceso de establecer una presencia en l\u00ednea para su negocio. Al aprovechar el poder de Groci, puede cautivar sin esfuerzo a su audiencia y presentar sus productos de una manera atractiva y f\u00e1cil de usar.<\/p>\n","protected":false},"featured_media":166391,"comment_status":"open","ping_status":"open","template":"","meta":[],"product_brand":[2337],"product_cat":[1307,1237,1238],"product_tag":[1391],"class_list":{"0":"post-114306","1":"product","2":"type-product","3":"status-publish","4":"has-post-thumbnail","6":"product_brand-themeforest","7":"product_cat-negocio-wordpress-temas","8":"product_cat-temas","9":"product_cat-wordpress-temas","10":"product_tag-themeforest","11":"member-discount","12":"discount-restricted","14":"first","15":"instock","16":"sale","17":"downloadable","18":"virtual","19":"sold-individually","20":"purchasable","21":"product-type-simple"},"_links":{"self":[{"href":"https:\/\/gpl-love.com\/es\/wp-json\/wp\/v2\/product\/114306","targetHints":{"allow":["GET"]}}],"collection":[{"href":"https:\/\/gpl-love.com\/es\/wp-json\/wp\/v2\/product"}],"about":[{"href":"https:\/\/gpl-love.com\/es\/wp-json\/wp\/v2\/types\/product"}],"replies":[{"embeddable":true,"href":"https:\/\/gpl-love.com\/es\/wp-json\/wp\/v2\/comments?post=114306"}],"wp:featuredmedia":[{"embeddable":true,"href":"https:\/\/gpl-love.com\/es\/wp-json\/wp\/v2\/media\/166391"}],"wp:attachment":[{"href":"https:\/\/gpl-love.com\/es\/wp-json\/wp\/v2\/media?parent=114306"}],"wp:term":[{"taxonomy":"product_brand","embeddable":true,"href":"https:\/\/gpl-love.com\/es\/wp-json\/wp\/v2\/product_brand?post=114306"},{"taxonomy":"product_cat","embeddable":true,"href":"https:\/\/gpl-love.com\/es\/wp-json\/wp\/v2\/product_cat?post=114306"},{"taxonomy":"product_tag","embeddable":true,"href":"https:\/\/gpl-love.com\/es\/wp-json\/wp\/v2\/product_tag?post=114306"}],"curies":[{"name":"wp","href":"https:\/\/api.w.org\/{rel}","templated":true}]}}