{"id":114302,"date":"2022-04-04T00:00:00","date_gmt":"2022-04-04T05:00:00","guid":{"rendered":"http:\/\/gpl-love.com\/es\/?post_type=product&#038;p=114302"},"modified":"2026-03-13T17:15:55","modified_gmt":"2026-03-13T22:15:55","slug":"arnold-minimal-portfolio-wordpress-theme","status":"publish","type":"product","link":"https:\/\/gpl-love.com\/es\/producto\/arnold-minimal-portfolio-wordpress-theme\/","title":{"rendered":"Arnold Minimal Portfolio WordPress Theme 2.5.0"},"content":{"rendered":"<h3>Arnold Minimal Portfolio WordPress Theme Caracteristicas<\/h3>\n<p>El tema de WordPress de la cartera m\u00ednima de Arnold, una plantilla impresionante y de vanguardia, ha sido elaborado por expertos con el prop\u00f3sito de permitir a los profesionales creativos exhibir su trabajo en un dominio en l\u00ednea. Con un dise\u00f1o pr\u00edstino y minimalista, este tema enfatiza expertamente su cartera, otorgando a su contenido la oportunidad de brillar y cautivar realmente. Ofreciendo una variedad de opciones de personalizaci\u00f3n sin esfuerzo, este tema le permite adaptar perfectamente sus caracter\u00edsticas y elementos a su estilo y marca personal distintivos. Adem\u00e1s, es imperativo tener en cuenta que este tema es totalmente receptivo, lo que garantiza que su cartera aparecer\u00e1 visualmente cautivadora y agradable visualmente en todos los dispositivos. Con su apariencia impecable y pulida, junto con su funcionalidad f\u00e1cil de usar e intuitiva, el tema de WordPress de cartera m\u00ednima de Arnold, sin duda, es la opci\u00f3n final para cualquier individuo innovador que se esfuerza por establecer una presencia en l\u00ednea convincente e influyente.<\/p>\n<ul>\n<li>Dise\u00f1o limpio y m\u00ednimo<\/li>\n<li>Receptivo y amigable para m\u00f3viles<\/li>\n<li>Personalizaci\u00f3n f\u00e1cil con la funci\u00f3n de vista previa en vivo<\/li>\n<li>6 variaciones de p\u00e1gina de inicio incluidas<\/li>\n<li>5 dise\u00f1os de cartera para mostrar su trabajo<\/li>\n<li>Esquemas de color claro y oscuro disponibles<\/li>\n<li>Slider Revolution Plugin incluido (con un valor de $ 25)<\/li>\n<li>Importaci\u00f3n de demostraci\u00f3n de un solo clic<\/li>\n<li>Compatible con complementos populares de WordPress (como el formulario de contacto 7 y yoast SEO)<\/li>\n<li>Documentaci\u00f3n integral y atenci\u00f3n al cliente 24\/7.<\/li>\n<\/ul>\n","protected":false},"excerpt":{"rendered":"<p>El tema de WordPress de la cartera m\u00ednima de Arnold es la soluci\u00f3n perfecta para profesionales y agencias creativas. Este tema presenta un dise\u00f1o limpio y elegante con una est\u00e9tica moderna que funciona perfectamente para mostrar su cartera o negocio. Con su enfoque minimalista, Arnold permite que su trabajo sea la estrella del espect\u00e1culo. Es totalmente receptivo, asegurando que su sitio se vea impresionante en cualquier dispositivo. No solo viene con una interfaz intuitiva, sino que tambi\u00e9n es muy personalizable, lo que le brinda la flexibilidad para hacerlo suyo. Es amigable con el SEO, aumenta sus posibilidades de hacerse notar en los motores de b\u00fasqueda. El tema tambi\u00e9n incluye una plataforma de blogs, excelente para compartir ideas y noticias. Con Arnold, recibir\u00e1 actualizaciones regulares y atenci\u00f3n al cliente de primer nivel. El tema de WordPress de la cartera m\u00ednima de Arnold es una inversi\u00f3n valiosa para aquellos que desean impresionar a su audiencia y destacarse de la competencia.<\/p>\n","protected":false},"featured_media":165397,"comment_status":"open","ping_status":"open","template":"","meta":[],"product_brand":[2337],"product_cat":[1267,1237,1238],"product_tag":[1391],"class_list":{"0":"post-114302","1":"product","2":"type-product","3":"status-publish","4":"has-post-thumbnail","6":"product_brand-themeforest","7":"product_cat-creativo","8":"product_cat-temas","9":"product_cat-wordpress-temas","10":"product_tag-themeforest","11":"member-discount","12":"discount-restricted","14":"first","15":"instock","16":"sale","17":"downloadable","18":"virtual","19":"sold-individually","20":"purchasable","21":"product-type-simple"},"_links":{"self":[{"href":"https:\/\/gpl-love.com\/es\/wp-json\/wp\/v2\/product\/114302","targetHints":{"allow":["GET"]}}],"collection":[{"href":"https:\/\/gpl-love.com\/es\/wp-json\/wp\/v2\/product"}],"about":[{"href":"https:\/\/gpl-love.com\/es\/wp-json\/wp\/v2\/types\/product"}],"replies":[{"embeddable":true,"href":"https:\/\/gpl-love.com\/es\/wp-json\/wp\/v2\/comments?post=114302"}],"wp:featuredmedia":[{"embeddable":true,"href":"https:\/\/gpl-love.com\/es\/wp-json\/wp\/v2\/media\/165397"}],"wp:attachment":[{"href":"https:\/\/gpl-love.com\/es\/wp-json\/wp\/v2\/media?parent=114302"}],"wp:term":[{"taxonomy":"product_brand","embeddable":true,"href":"https:\/\/gpl-love.com\/es\/wp-json\/wp\/v2\/product_brand?post=114302"},{"taxonomy":"product_cat","embeddable":true,"href":"https:\/\/gpl-love.com\/es\/wp-json\/wp\/v2\/product_cat?post=114302"},{"taxonomy":"product_tag","embeddable":true,"href":"https:\/\/gpl-love.com\/es\/wp-json\/wp\/v2\/product_tag?post=114302"}],"curies":[{"name":"wp","href":"https:\/\/api.w.org\/{rel}","templated":true}]}}