{"id":114300,"date":"2023-01-07T00:00:00","date_gmt":"2023-01-07T05:00:00","guid":{"rendered":"http:\/\/gpl-love.com\/es\/?post_type=product&#038;p=114300"},"modified":"2026-04-10T11:19:55","modified_gmt":"2026-04-10T16:19:55","slug":"notio-creative-portfolio-wordpress-theme","status":"publish","type":"product","link":"https:\/\/gpl-love.com\/es\/producto\/notio-creative-portfolio-wordpress-theme\/","title":{"rendered":"Notio Creative Portfolio WordPress Theme 5.6.2"},"content":{"rendered":"<h3>Notio Creative Portfolio WordPress Theme Caracteristicas<\/h3>\n<p>El tema Notio Creative Portfolio WordPress es un producto notablemente excepcional que ha sido meticulosamente dise\u00f1ado para mostrar efectivamente su creatividad ilimitada y sus habilidades art\u00edsticas incomparables al vasto y en constante evoluci\u00f3n del mundo. Este tema extraordinario est\u00e1 enriquecido con una gran cantidad de caracter\u00edsticas notables e impresionantes que facilitan sin esfuerzo la creaci\u00f3n de una cartera en l\u00ednea excepcional que est\u00e1 destinada a dejar una impresi\u00f3n indeleble en todos los que ponen sus ojos sobre \u00e9l. En su esencia, el tema exuda un aura innata de sofisticaci\u00f3n y profesionalismo, cautivan a su audiencia instant\u00e1neamente y establece una plataforma inmaculada para mostrar su trabajo invaluable. Con el tema Notio Creative Portfolio WordPress, se le otorga acceso sin restricciones a un panel de administraci\u00f3n notablemente intuitivo y f\u00e1cil de usar, que le permite personalizar perfectamente todos los aspectos de su sitio web de acuerdo con su gusto \u00fanico y exigente. Desde una extensa variedad de dise\u00f1os exquisitamente preconstruidos hasta una selecci\u00f3n expansiva de fuentes est\u00e9ticamente agradables y esquemas de color meticulosamente elaborados, posee la libertad art\u00edstica para curar un sitio web verdaderamente fascinante que sirve como un reflejo resplandeciente de la identidad de su marca. Adem\u00e1s, el tema personifica la capacidad de respuesta y la adaptabilidad, asegurando que su sitio web se adapte sin esfuerzo y se adapte perfectamente a todo tipo de dispositivos, ya sean escritorios, computadoras port\u00e1tiles, tabletas o tel\u00e9fonos inteligentes. Esta capacidad de respuesta incomparable hace que su sitio web sea visualmente cautivador y completamente absorbente, independientemente del medio a trav\u00e9s del cual se accede. Adem\u00e1s, el tema de WordPress de Notio Creative Portfolio est\u00e1 meticulosamente dise\u00f1ado para ser amigable con la optimizaci\u00f3n de motores de b\u00fasqueda, impulsando as\u00ed su sitio web a alturas elevadas al reforzar su clasificaci\u00f3n en varios motores de b\u00fasqueda. La inherente al SEO de SEO del tema sirve como un activo invaluable y asegura que su notable trabajo atraiga la atenci\u00f3n y el reconocimiento que se merece. En resumen, el tema de WordPress de Notio Creative Portfolio es una opci\u00f3n inequ\u00edvocamente excelente para cualquier persona, independientemente de su campo profesional o disciplina creativa, que aspira a exhibir su trabajo de una manera que es indiscutiblemente profesional y visualmente deslumbrante.<\/p>\n<ul>\n<li>Dise\u00f1o multiprop\u00f3sito adecuado para profesionales creativos, trabajadores independientes y agencias<\/li>\n<li>Construido con las \u00faltimas tecnolog\u00edas web, incluidas las animaciones de Bootstrap y CSS3<\/li>\n<li>Totalmente receptivo y optimizado para todos los dispositivos, incluidos computadoras de escritorio, tabletas y tel\u00e9fonos inteligentes.<\/li>\n<li>Constructor de p\u00e1gina de arrastre y soltitud f\u00e1cil de usar con m\u00e1s de 30 elementos personalizados<\/li>\n<li>Panel de opciones de tema potentes para la personalizaci\u00f3n y control completos en su sitio web<\/li>\n<li>M\u00e1s de 10 p\u00e1ginas de inicio y demostraciones predise\u00f1adas para iniciar su proyecto<\/li>\n<li>M\u00faltiples dise\u00f1os de cartera para mostrar su trabajo con estilo con filtros y animaciones<\/li>\n<li>Dise\u00f1os personalizables de encabezado y pie de p\u00e1gina con m\u00faltiples estilos y configuraciones<\/li>\n<li>Integraci\u00f3n con complementos populares, incluidos el Formulario de contacto 7, MailChimp y Yoast SEO<\/li>\n<li>El equipo de importaci\u00f3n de demostraci\u00f3n y apoyo dedicado de un solo clic para ayudarlo a comenzar de manera r\u00e1pida y f\u00e1cil<\/li>\n<\/ul>\n","protected":false},"excerpt":{"rendered":"<p>El tema de WordPress de Notio Creative Portfolio es una plantilla de dise\u00f1o web muy f\u00e1cil de usar y ampliamente personalizable que est\u00e1 hecha a medida para personas en la industria creativa, como artistas, trabajadores independientes, fot\u00f3grafos, bloggers y dise\u00f1adores por igual. Sirve como la plataforma ideal para exhibir su trabajo excepcional, productos o servicios, as\u00ed como establecer una presencia en l\u00ednea cautivadora que capture sin esfuerzo la atenci\u00f3n de su p\u00fablico objetivo. Notio cuenta con una impresionante variedad de caracter\u00edsticas de vanguardia, que incluye, entre otros, un control deslizante de pantalla completa visualmente impresionante, dise\u00f1os de mamposter\u00eda est\u00e9ticamente agradables, publicaciones de galer\u00eda visualmente llamativas, una amplia selecci\u00f3n de widgets personalizables, encabezados que pueden personalizarse a sus preferencias espec\u00edficas y Dise\u00f1os de pie de p\u00e1gina flexibles. Con Notio, posee la incre\u00edble capacidad de curar un sitio web verdaderamente \u00fanico que realmente encapsula su visi\u00f3n art\u00edstica, todo sin la necesidad de ninguna experiencia en codificaci\u00f3n o encontrar cualquier tipo de dificultad t\u00e9cnica. Tambi\u00e9n es crucial tener en cuenta que Notio est\u00e1 dise\u00f1ado para responder completamente en varios dispositivos y est\u00e1 meticulosamente optimizado para garantizar velocidades de carga r\u00e1pida, lo que garantiza que su sitio web parezca sin problemas y visualmente impecable, independientemente de si se accede a trav\u00e9s de un escritorio o un escritorio o un dispositivo m\u00f3vil.<\/p>\n","protected":false},"featured_media":167066,"comment_status":"open","ping_status":"open","template":"","meta":[],"product_brand":[2337],"product_cat":[1245,1237,1238],"product_tag":[1391],"class_list":{"0":"post-114300","1":"product","2":"type-product","3":"status-publish","4":"has-post-thumbnail","6":"product_brand-themeforest","7":"product_cat-blog-revista","8":"product_cat-temas","9":"product_cat-wordpress-temas","10":"product_tag-themeforest","11":"member-discount","12":"discount-restricted","14":"first","15":"instock","16":"sale","17":"downloadable","18":"virtual","19":"sold-individually","20":"purchasable","21":"product-type-simple"},"_links":{"self":[{"href":"https:\/\/gpl-love.com\/es\/wp-json\/wp\/v2\/product\/114300","targetHints":{"allow":["GET"]}}],"collection":[{"href":"https:\/\/gpl-love.com\/es\/wp-json\/wp\/v2\/product"}],"about":[{"href":"https:\/\/gpl-love.com\/es\/wp-json\/wp\/v2\/types\/product"}],"replies":[{"embeddable":true,"href":"https:\/\/gpl-love.com\/es\/wp-json\/wp\/v2\/comments?post=114300"}],"wp:featuredmedia":[{"embeddable":true,"href":"https:\/\/gpl-love.com\/es\/wp-json\/wp\/v2\/media\/167066"}],"wp:attachment":[{"href":"https:\/\/gpl-love.com\/es\/wp-json\/wp\/v2\/media?parent=114300"}],"wp:term":[{"taxonomy":"product_brand","embeddable":true,"href":"https:\/\/gpl-love.com\/es\/wp-json\/wp\/v2\/product_brand?post=114300"},{"taxonomy":"product_cat","embeddable":true,"href":"https:\/\/gpl-love.com\/es\/wp-json\/wp\/v2\/product_cat?post=114300"},{"taxonomy":"product_tag","embeddable":true,"href":"https:\/\/gpl-love.com\/es\/wp-json\/wp\/v2\/product_tag?post=114300"}],"curies":[{"name":"wp","href":"https:\/\/api.w.org\/{rel}","templated":true}]}}