{"id":114298,"date":"2021-06-17T00:00:00","date_gmt":"2021-06-17T05:00:00","guid":{"rendered":"http:\/\/gpl-love.com\/es\/?post_type=product&#038;p=114298"},"modified":"2026-03-09T08:36:12","modified_gmt":"2026-03-09T13:36:12","slug":"zoom-integration-para-woocommerce-bookings","status":"publish","type":"product","link":"https:\/\/gpl-love.com\/es\/producto\/zoom-integration-para-woocommerce-bookings\/","title":{"rendered":"Zoom Integration para WooCommerce Bookings 2.3.6"},"content":{"rendered":"<h3>Zoom Integration para WooCommerce Bookings Caracteristicas<\/h3>\n<p>La integraci\u00f3n del zoom para las reservas de WooCommerce sirve como una herramienta altamente efectiva y robusta, facilitando la conexi\u00f3n perfecta entre los sistemas de reservas en l\u00ednea de las empresas y las conferencias de zoom, lo que permite un medio conveniente y eficiente de comunicaci\u00f3n y colaboraci\u00f3n con los clientes. Al incorporar esta integraci\u00f3n, los clientes pueden programar y participar sin esfuerzo en reuniones de video directamente desde el sitio web de WooCommerce, lo que lo convierte en un m\u00e9todo de interacci\u00f3n excepcionalmente conveniente y eficiente. Esta integraci\u00f3n es particularmente adecuada para las empresas que ofrecen consultas en l\u00ednea, seminarios web o sesiones de capacitaci\u00f3n. Al integrar el zoom con las reservas de WooCommerce, las empresas pueden optimizar sus procedimientos de programaci\u00f3n de citas y mejorar la satisfacci\u00f3n del cliente al proporcionar una experiencia de reserva sin problemas y sin problemas.<\/p>\n<ul>\n<li>Integre perfectamente sus reservas de WooCommerce con el software de videoconferencia de zoom<\/li>\n<li>Ofrecer citas virtuales o reuniones para sus clientes a trav\u00e9s de su tienda en l\u00ednea<\/li>\n<li>Cree autom\u00e1ticamente los enlaces de reuni\u00f3n de zoom para cada reserva realizada<\/li>\n<li>Administrar y rastrear f\u00e1cilmente las reuniones de zoom dentro de los detalles de su pedido de WooCommerce<\/li>\n<li>Env\u00ede correos electr\u00f3nicos de recordatorio personalizados con enlaces de reuniones de zoom a los clientes antes de las citas programadas<\/li>\n<li>Mejorar la comunicaci\u00f3n con los clientes proporcionando una plataforma conveniente y familiar para reuniones virtuales<\/li>\n<li>Ahorre tiempo y recursos incorporando citas virtuales en su modelo de negocio con facilidad<\/li>\n<li>Compatible con reservas de asistentes individuales y m\u00faltiples<\/li>\n<li>Mayor flexibilidad para sus clientes con la opci\u00f3n de elegir citas virtuales o en persona.<\/li>\n<\/ul>\n","protected":false},"excerpt":{"rendered":"<p>La integraci\u00f3n de zoom de vanguardia para las reservas de WooCommerce presenta una resoluci\u00f3n intrincada que dotan a los usuarios de WooCommerce con la capacidad de incorporar perfectamente el software de videoconferencia de zoom formidable en su sistema de reserva virtual. En virtud de esta integraci\u00f3n perfecta, las empresas pueden trazar sin esfuerzo y administrar una cita virtual con su estimada clientela o clientes, mientras operan dentro de los l\u00edmites de su sitio web de WooCommerce. Esta soluci\u00f3n altamente accesible y f\u00e1cil de usar simplifica la ardua tarea de programar citas, lo que permite a las empresas entregar sin esfuerzo una mir\u00edada de servicios o consultas. Con la ayuda de la integraci\u00f3n de zoom para las reservas de WooCommerce, las empresas est\u00e1n posicionadas de manera \u00fanica para elevar la experiencia general del cliente, amplificar las cifras de ventas y cultivar una presencia de marca m\u00e1s prominente en el mercado.<\/p>\n","protected":false},"featured_media":168728,"comment_status":"open","ping_status":"open","template":"","meta":[],"product_brand":[2657],"product_cat":[1207,1248,1206],"product_tag":[2150],"class_list":{"0":"post-114298","1":"product","2":"type-product","3":"status-publish","4":"has-post-thumbnail","6":"product_brand-codemanas","7":"product_cat-comercio-electronico-plugins","8":"product_cat-personalizacion-comercio-electronico-plugins","9":"product_cat-plugins","10":"product_tag-codemanas","11":"member-discount","12":"discount-restricted","14":"first","15":"instock","16":"sale","17":"downloadable","18":"virtual","19":"sold-individually","20":"purchasable","21":"product-type-simple"},"_links":{"self":[{"href":"https:\/\/gpl-love.com\/es\/wp-json\/wp\/v2\/product\/114298","targetHints":{"allow":["GET"]}}],"collection":[{"href":"https:\/\/gpl-love.com\/es\/wp-json\/wp\/v2\/product"}],"about":[{"href":"https:\/\/gpl-love.com\/es\/wp-json\/wp\/v2\/types\/product"}],"replies":[{"embeddable":true,"href":"https:\/\/gpl-love.com\/es\/wp-json\/wp\/v2\/comments?post=114298"}],"wp:featuredmedia":[{"embeddable":true,"href":"https:\/\/gpl-love.com\/es\/wp-json\/wp\/v2\/media\/168728"}],"wp:attachment":[{"href":"https:\/\/gpl-love.com\/es\/wp-json\/wp\/v2\/media?parent=114298"}],"wp:term":[{"taxonomy":"product_brand","embeddable":true,"href":"https:\/\/gpl-love.com\/es\/wp-json\/wp\/v2\/product_brand?post=114298"},{"taxonomy":"product_cat","embeddable":true,"href":"https:\/\/gpl-love.com\/es\/wp-json\/wp\/v2\/product_cat?post=114298"},{"taxonomy":"product_tag","embeddable":true,"href":"https:\/\/gpl-love.com\/es\/wp-json\/wp\/v2\/product_tag?post=114298"}],"curies":[{"name":"wp","href":"https:\/\/api.w.org\/{rel}","templated":true}]}}