{"id":114296,"date":"2023-10-20T00:00:00","date_gmt":"2023-10-20T05:00:00","guid":{"rendered":"http:\/\/gpl-love.com\/es\/?post_type=product&#038;p=114296"},"modified":"2026-03-09T07:58:21","modified_gmt":"2026-03-09T12:58:21","slug":"openswatch-woocommerce-variations-image-swatch","status":"publish","type":"product","link":"https:\/\/gpl-love.com\/es\/producto\/openswatch-woocommerce-variations-image-swatch\/","title":{"rendered":"Openswatch Woocommerce variations image swatch 6.1"},"content":{"rendered":"<h3>Openswatch Woocommerce variations image swatch Caracteristicas<\/h3>\n<p>El complemento OpenSwatch WooCommerce Variations Image Swatch es una herramienta incre\u00edblemente valiosa que sirve para facilitar el acceso de los clientes a la amplia gama de variaciones que ofrece un producto espec\u00edfico. Al ofrecer a las empresas la oportunidad de presentar visual e interactivamente una variedad de colores y estilos, este complemento simplifica efectivamente el proceso de toma de decisiones para clientes potenciales, lo que finalmente conduce a un aumento de las ventas. En particular, este complemento cuenta con una impresionante variedad de caracter\u00edsticas, incluida la capacidad de personalizar formas de muestra, implementar efectos de desplazamiento e incorporar informaci\u00f3n sobre herramientas. En consecuencia, la experiencia general del usuario se mejora significativamente, lo que hace que sea m\u00e1s probable que los clientes completen una compra. Adem\u00e1s, gracias a su integraci\u00f3n perfecta con WooCommerce, este complemento se puede incorporar sin esfuerzo a cualquier tienda en l\u00ednea, lo que contribuye a mejorar las tasas de conversi\u00f3n de ventas.<\/p>\n<ul>\n<li>Agrega muestras de im\u00e1genes visualmente atractivas a las variaciones de productos en WooCommerce<\/li>\n<li>Permite a los clientes seleccionar f\u00e1cilmente una opci\u00f3n de variaci\u00f3n haciendo clic en la muestra de imagen correspondiente<\/li>\n<li>Ayuda a prevenir confusi\u00f3n y errores al seleccionar las variaciones del producto.<\/li>\n<li>Permite a los propietarios de tiendas exhibir sus productos de una manera m\u00e1s inmersiva y atractiva.<\/li>\n<li>Interfaz simple y f\u00e1cil de usar para administrar y agregar muestras de im\u00e1genes a variaciones<\/li>\n<li>Compatible con cualquier tema de WooCommerce y se integra perfectamente en el dise\u00f1o de su tienda<\/li>\n<li>Mejora la experiencia general del usuario y la satisfacci\u00f3n del cliente en su sitio web<\/li>\n<li>Aumenta las tasas de conversi\u00f3n al alentar a los clientes a navegar y seleccionar variaciones de productos con facilidad.<\/li>\n<\/ul>\n","protected":false},"excerpt":{"rendered":"<p>El complemento de muestras de im\u00e1genes OpenSwatch WooCommerce es una herramienta incre\u00edblemente robusta que le otorga la capacidad de incorporar sin esfuerzo muestras de im\u00e1genes exquisitas en las variaciones del producto de su plataforma WooCommerce. Mediante el uso de este complemento excepcional, su estimada clientela puede identificar sin esfuerzo su variante de producto preferida simplemente participando con la muestra de color o imagen visualmente cautivadora que corresponde a sus deseos. Asimilando armoniosamente la tela misma de su tienda WooCommerce, este complemento garantiza una experiencia incre\u00edblemente f\u00e1cil de usar y visualmente atractiva para todas las personas que adornan su escaparate digital. \u00a1No pierda tiempo y adquiere la Variaciones de WooCommerce de OpenSwatch el complemento Swatch Plugin, por lo tanto, elevando la versatilidad y el atractivo de las variaciones de su producto a alturas incomparables!<\/p>\n","protected":false},"featured_media":167107,"comment_status":"open","ping_status":"open","template":"","meta":[],"product_brand":[2339],"product_cat":[1207,1248,1206],"product_tag":[1256],"class_list":{"0":"post-114296","1":"product","2":"type-product","3":"status-publish","4":"has-post-thumbnail","6":"product_brand-codecanyon","7":"product_cat-comercio-electronico-plugins","8":"product_cat-personalizacion-comercio-electronico-plugins","9":"product_cat-plugins","10":"product_tag-codecanyon","11":"member-discount","12":"discount-restricted","14":"first","15":"instock","16":"sale","17":"downloadable","18":"virtual","19":"sold-individually","20":"purchasable","21":"product-type-simple"},"_links":{"self":[{"href":"https:\/\/gpl-love.com\/es\/wp-json\/wp\/v2\/product\/114296","targetHints":{"allow":["GET"]}}],"collection":[{"href":"https:\/\/gpl-love.com\/es\/wp-json\/wp\/v2\/product"}],"about":[{"href":"https:\/\/gpl-love.com\/es\/wp-json\/wp\/v2\/types\/product"}],"replies":[{"embeddable":true,"href":"https:\/\/gpl-love.com\/es\/wp-json\/wp\/v2\/comments?post=114296"}],"wp:featuredmedia":[{"embeddable":true,"href":"https:\/\/gpl-love.com\/es\/wp-json\/wp\/v2\/media\/167107"}],"wp:attachment":[{"href":"https:\/\/gpl-love.com\/es\/wp-json\/wp\/v2\/media?parent=114296"}],"wp:term":[{"taxonomy":"product_brand","embeddable":true,"href":"https:\/\/gpl-love.com\/es\/wp-json\/wp\/v2\/product_brand?post=114296"},{"taxonomy":"product_cat","embeddable":true,"href":"https:\/\/gpl-love.com\/es\/wp-json\/wp\/v2\/product_cat?post=114296"},{"taxonomy":"product_tag","embeddable":true,"href":"https:\/\/gpl-love.com\/es\/wp-json\/wp\/v2\/product_tag?post=114296"}],"curies":[{"name":"wp","href":"https:\/\/api.w.org\/{rel}","templated":true}]}}