{"id":114294,"date":"2024-02-03T00:00:00","date_gmt":"2024-02-03T05:00:00","guid":{"rendered":"http:\/\/gpl-love.com\/es\/?post_type=product&#038;p=114294"},"modified":"2026-04-10T11:19:43","modified_gmt":"2026-04-10T16:19:43","slug":"nitan-fashion-woocommerce-wordpress-theme","status":"publish","type":"product","link":"https:\/\/gpl-love.com\/es\/producto\/nitan-fashion-woocommerce-wordpress-theme\/","title":{"rendered":"Nitan Fashion WooCommerce WordPress Theme 3.0"},"content":{"rendered":"<h3>Nitan Fashion WooCommerce WordPress Theme Caracteristicas<\/h3>\n<p>El tema Nitan Fashion WooCommerce WordPress cuenta con una impresionante gama de caracter\u00edsticas y un dise\u00f1o elegante y contempor\u00e1neo que est\u00e1 hecho a medida para sitios web de moda y ropa. Este tema ofrece una multitud de opciones personalizables, lo que le permite personalizar su tienda en l\u00ednea al contenido de su coraz\u00f3n. Su funcionalidad avanzada garantiza que pueda crear sin esfuerzo una experiencia de compra profesional y f\u00e1cil de usar para sus clientes. Construido en la plataforma de WooCommerce confiable y vers\u00e1til, este tema proporciona todas las herramientas necesarias para vender con \u00e9xito sus productos en l\u00ednea, incluidas p\u00e1ginas de productos din\u00e1micos, un carrito de compras sin problemas, procesos seguros de pago e integraci\u00f3n de pagos sin problemas. Con el tema de WordPress de Nitan Fashion WooCommerce a su disposici\u00f3n, tiene el poder de crear un sitio web visualmente cautivador que muestre efectivamente sus productos y eleva la presencia de su marca.<\/p>\n<ul>\n<li>Dise\u00f1o moderno y elegante para sitios web de comercio electr\u00f3nico de moda<\/li>\n<li>Construido espec\u00edficamente para su uso con WooCommerce y WordPress<\/li>\n<li>Totalmente receptivo y amigable para los dispositivos m\u00f3viles para una experiencia de usuario \u00f3ptima en todos los dispositivos<\/li>\n<li>P\u00e1gina de inicio personalizable con diferentes opciones de dise\u00f1o para productos destacados, pancartas y m\u00e1s<\/li>\n<li>Incluye integraci\u00f3n con plataformas de redes sociales populares para un f\u00e1cil intercambio social y participaci\u00f3n del cliente.<\/li>\n<li>Admite m\u00faltiples opciones de pago para acomodar diferentes preferencias de clientes<\/li>\n<li>Viene con m\u00faltiples p\u00e1ginas preconstruidas, que incluyen una tienda, carrito, pago y p\u00e1gina de blogs<\/li>\n<li>Capacidad para mostrar variaciones de productos, como diferentes colores o tama\u00f1os, con facilidad<\/li>\n<li>Incluye opciones de filtrado de productos para ayudar a los clientes a encontrar r\u00e1pidamente lo que est\u00e1n buscando<\/li>\n<li>Carga r\u00e1pida y optimizada para SEO para mejorar la clasificaci\u00f3n de los motores de b\u00fasqueda y aumentar el tr\u00e1fico del sitio web.<\/li>\n<\/ul>\n","protected":false},"excerpt":{"rendered":"<p>Nitan Fashion, un tema de WordPress de WooCommerce, exuda un aire de sofisticaci\u00f3n y estilo contempor\u00e1neo, espec\u00edficamente adaptado para establecimientos de moda y ropa. Este tema cuenta con una extensa selecci\u00f3n de p\u00e1ginas y elementos predise\u00f1ados, otorgando la creaci\u00f3n sin esfuerzo de un sitio web excepcionalmente pulido. Con su dise\u00f1o no esclarado y discreto, la moda de Nitan coloca estrat\u00e9gicamente el foco de atenci\u00f3n en su mercanc\u00eda, asegurando que cada producto llame la atenci\u00f3n. Adem\u00e1s, su adaptabilidad en varios dispositivos garantiza que los clientes potenciales puedan examinar convenientemente sus ofertas, independientemente de su plataforma de navegaci\u00f3n preferida. Ya sea que su inventario comprenda prendas, calzado, accesorios o cualquier otro art\u00edculo de moda, Nitan Fashion se considera la realizaci\u00f3n final de un tema, mostrando efectivamente sus productos y impulsando su negocio hacia el crecimiento exponencial.<\/p>\n","protected":false},"featured_media":167052,"comment_status":"open","ping_status":"open","template":"","meta":[],"product_brand":[2337],"product_cat":[1263,1469,1237],"product_tag":[1391],"class_list":{"0":"post-114294","1":"product","2":"type-product","3":"status-publish","4":"has-post-thumbnail","6":"product_brand-themeforest","7":"product_cat-comercio-electronico-temas","8":"product_cat-creativo-comercio-electronico-temas","9":"product_cat-temas","10":"product_tag-themeforest","11":"member-discount","12":"discount-restricted","14":"first","15":"instock","16":"sale","17":"downloadable","18":"virtual","19":"sold-individually","20":"purchasable","21":"product-type-simple"},"_links":{"self":[{"href":"https:\/\/gpl-love.com\/es\/wp-json\/wp\/v2\/product\/114294","targetHints":{"allow":["GET"]}}],"collection":[{"href":"https:\/\/gpl-love.com\/es\/wp-json\/wp\/v2\/product"}],"about":[{"href":"https:\/\/gpl-love.com\/es\/wp-json\/wp\/v2\/types\/product"}],"replies":[{"embeddable":true,"href":"https:\/\/gpl-love.com\/es\/wp-json\/wp\/v2\/comments?post=114294"}],"wp:featuredmedia":[{"embeddable":true,"href":"https:\/\/gpl-love.com\/es\/wp-json\/wp\/v2\/media\/167052"}],"wp:attachment":[{"href":"https:\/\/gpl-love.com\/es\/wp-json\/wp\/v2\/media?parent=114294"}],"wp:term":[{"taxonomy":"product_brand","embeddable":true,"href":"https:\/\/gpl-love.com\/es\/wp-json\/wp\/v2\/product_brand?post=114294"},{"taxonomy":"product_cat","embeddable":true,"href":"https:\/\/gpl-love.com\/es\/wp-json\/wp\/v2\/product_cat?post=114294"},{"taxonomy":"product_tag","embeddable":true,"href":"https:\/\/gpl-love.com\/es\/wp-json\/wp\/v2\/product_tag?post=114294"}],"curies":[{"name":"wp","href":"https:\/\/api.w.org\/{rel}","templated":true}]}}