{"id":114293,"date":"2022-02-14T00:00:00","date_gmt":"2022-02-14T05:00:00","guid":{"rendered":"http:\/\/gpl-love.com\/es\/?post_type=product&#038;p=114293"},"modified":"2026-03-09T08:29:05","modified_gmt":"2026-03-09T13:29:05","slug":"wp-online-contract","status":"publish","type":"product","link":"https:\/\/gpl-love.com\/es\/producto\/wp-online-contract\/","title":{"rendered":"WP Online Contract 5.1.4"},"content":{"rendered":"<h3>WP Online Contract Caracteristicas<\/h3>\n<p>El contrato en l\u00ednea de WP es un instrumento incre\u00edblemente robusto y f\u00e1cil de usar que optimiza el proceso de generar contratos y acuerdos en l\u00ednea. Este software simplifica la creaci\u00f3n de contratos de aspecto profesional para su negocio, eliminando la necesidad de cualquier habilidad o conocimiento t\u00e9cnico especializado. Al ofrecer una gran cantidad de plantillas personalizables, esta herramienta le otorga la capacidad de adaptar sus contratos para que coincida con precisi\u00f3n sus requisitos \u00fanicos. Adem\u00e1s, el seguimiento y la gesti\u00f3n del contrato se realizan sin esfuerzo a trav\u00e9s de recordatorios y notificaciones automatizadas, asegurando que permanezca bien informado y actualizado. Ya sea que necesite elaborar acuerdos directos o contratos legales intrincados, el contrato en l\u00ednea de WP sirve como una soluci\u00f3n confiable y altamente eficiente que le ahorra tiempo y mejora su flujo de trabajo.<\/p>\n<ul>\n<li>Herramienta de gesti\u00f3n de contratos en l\u00ednea segura y eficiente<\/li>\n<li>Plantillas de contrato personalizables para diversas industrias y prop\u00f3sitos<\/li>\n<li>Interfaz f\u00e1cil de usar para crear, editar y firmar contratos en l\u00ednea<\/li>\n<li>Integraci\u00f3n con pasarelas de pago populares para aceptar pagos por servicios prestados<\/li>\n<li>Seguimiento e informes de informes para monitorear el estado del contrato y el rendimiento<\/li>\n<li>Opci\u00f3n de recibir notificaciones sobre hitos y plazos de contrato<\/li>\n<li>Crear y almacenar contratos de forma segura en l\u00ednea para acceso r\u00e1pido y recuperaci\u00f3n f\u00e1cil<\/li>\n<li>Agilice su proceso de gesti\u00f3n de contratos y ahorre tiempo y dinero<\/li>\n<li>Soluci\u00f3n asequible para empresas de todos los tipos y tipos<\/li>\n<li>Planes de suscripci\u00f3n flexibles para satisfacer sus necesidades espec\u00edficas de gesti\u00f3n de contratos.<\/li>\n<\/ul>\n","protected":false},"excerpt":{"rendered":"<p>El contrato en l\u00ednea de WP es una herramienta extremadamente potente que le brinda la capacidad de generar y supervisar los contratos legalmente vinculantes directamente desde su sitio web. Al utilizar el contrato en l\u00ednea de WP, tiene la conveniencia de adaptar sin esfuerzo las plantillas de contrato para satisfacer sus necesidades espec\u00edficas, incorporar firmas electr\u00f3nicas y monitorear el avance de los contratos, todo dentro de una plataforma singular, sin complicaciones y f\u00e1cil de usar. Despedirse de la laboriosa documentaci\u00f3n y la onerosa tarea de gesti\u00f3n manual de contratos: WP en l\u00ednea agiliza todo el proceso, lo que le brinda el lujo de ahorrar un tiempo precioso y evitar los inconvenientes innecesarios. Pru\u00e9belo hoy y presencie la optimizaci\u00f3n perfecta de sus esfuerzos de gesti\u00f3n de contratos.<\/p>\n","protected":false},"featured_media":168421,"comment_status":"open","ping_status":"open","template":"","meta":[],"product_brand":[2339],"product_cat":[1214,1206,1211],"product_tag":[1256],"class_list":{"0":"post-114293","1":"product","2":"type-product","3":"status-publish","4":"has-post-thumbnail","6":"product_brand-codecanyon","7":"product_cat-personalizacion","8":"product_cat-plugins","9":"product_cat-wordpress-plugins","10":"product_tag-codecanyon","11":"member-discount","12":"discount-restricted","14":"first","15":"instock","16":"sale","17":"downloadable","18":"virtual","19":"sold-individually","20":"purchasable","21":"product-type-simple"},"_links":{"self":[{"href":"https:\/\/gpl-love.com\/es\/wp-json\/wp\/v2\/product\/114293","targetHints":{"allow":["GET"]}}],"collection":[{"href":"https:\/\/gpl-love.com\/es\/wp-json\/wp\/v2\/product"}],"about":[{"href":"https:\/\/gpl-love.com\/es\/wp-json\/wp\/v2\/types\/product"}],"replies":[{"embeddable":true,"href":"https:\/\/gpl-love.com\/es\/wp-json\/wp\/v2\/comments?post=114293"}],"wp:featuredmedia":[{"embeddable":true,"href":"https:\/\/gpl-love.com\/es\/wp-json\/wp\/v2\/media\/168421"}],"wp:attachment":[{"href":"https:\/\/gpl-love.com\/es\/wp-json\/wp\/v2\/media?parent=114293"}],"wp:term":[{"taxonomy":"product_brand","embeddable":true,"href":"https:\/\/gpl-love.com\/es\/wp-json\/wp\/v2\/product_brand?post=114293"},{"taxonomy":"product_cat","embeddable":true,"href":"https:\/\/gpl-love.com\/es\/wp-json\/wp\/v2\/product_cat?post=114293"},{"taxonomy":"product_tag","embeddable":true,"href":"https:\/\/gpl-love.com\/es\/wp-json\/wp\/v2\/product_tag?post=114293"}],"curies":[{"name":"wp","href":"https:\/\/api.w.org\/{rel}","templated":true}]}}