{"id":114291,"date":"2023-11-03T00:00:00","date_gmt":"2023-11-03T05:00:00","guid":{"rendered":"http:\/\/gpl-love.com\/es\/?post_type=product&#038;p=114291"},"modified":"2026-03-13T17:16:59","modified_gmt":"2026-03-13T22:16:59","slug":"born-to-give-charity-crowdfunding-responsive-wordpress-theme","status":"publish","type":"product","link":"https:\/\/gpl-love.com\/es\/producto\/born-to-give-charity-crowdfunding-responsive-wordpress-theme\/","title":{"rendered":"Born To Give Charity Crowdfunding Responsive WordPress Theme 3.3"},"content":{"rendered":"<h3>Born To Give Charity Crowdfunding Responsive WordPress Theme Caracteristicas<\/h3>\n<p>Nacido para dar un tema de WordPress receptivo de crowdfunding de caridad, reconocido por sus capacidades y adaptabilidad excepcionales, ha sido meticulosamente elaborado con el \u00fanico prop\u00f3sito de atender a organizaciones sin fines de lucro y campa\u00f1as de crowdfunding de caridad. Su dise\u00f1o elegante y de vanguardia, junto con una interfaz intuitiva de usuario, lo hace absolutamente perfecto para mostrar efectivamente su noble misi\u00f3n e inspirar a su estimada audiencia a contribuir generosamente a su causa. Este tema es totalmente personalizable, lo que le permite adaptarlo intrincadamente para que se adapte a sus requisitos y preferencias espec\u00edficas, asegurando as\u00ed una presencia en l\u00ednea verdaderamente personalizada. Adem\u00e1s, su compatibilidad perfecta con dispositivos m\u00f3viles y tabletas garantiza una experiencia de usuario incomparable en varias plataformas. Aprovechar la \u00faltima tecnolog\u00eda de WordPress, nacida para dar, est\u00e1 excepcionalmente equipada con una variedad de caracter\u00edsticas avanzadas que incluyen, entre otros, herramientas sofisticadas de crowdfunding, widgets de recaudaci\u00f3n de fondos y sistemas robustos de gesti\u00f3n de donaciones. Independientemente de si representa una modesta organizaci\u00f3n sin fines de lucro o una ilustre organizaci\u00f3n de caridad, no busque m\u00e1s que no nacido, ya que atiende sin esfuerzo a todas sus necesidades, lo que le permite establecer una presencia en l\u00ednea pulida, cautivadora y altamente impactante por su noble causa.<\/p>\n<ul>\n<li>Tema de WordPress centrado en la organizaci\u00f3n ben\u00e9fica dise\u00f1ado espec\u00edficamente para proyectos de crowdfunding<\/li>\n<li>Totalmente receptivo y amigable para los dispositivos m\u00f3viles para una experiencia de usuario perfecta en todos los dispositivos<\/li>\n<li>Viene con widgets de donaci\u00f3n incorporados para facilitar la donaci\u00f3n de los usuarios<\/li>\n<li>Incluye tipos de publicaciones personalizados para campa\u00f1as y causas, lo que facilita la administraci\u00f3n y exhibe diferentes proyectos<\/li>\n<li>Caracter\u00edsticas avanzadas de seguimiento de donaciones e informes para realizar un seguimiento de todas las donaciones y sus fuentes<\/li>\n<li>Dise\u00f1o personalizable con m\u00faltiples opciones de dise\u00f1o y esquemas de color<\/li>\n<li>Integraci\u00f3n con pasarelas de pago populares como PayPal y Stripe<\/li>\n<li>La importaci\u00f3n de demostraci\u00f3n de un solo clic para comenzar de manera r\u00e1pida y f\u00e1cil<\/li>\n<li>Viene con una amplia documentaci\u00f3n y apoyo dedicado de los desarrolladores de temas.<\/li>\n<\/ul>\n","protected":false},"excerpt":{"rendered":"<p>Presentamos que el ben\u00e9fica le da un tema de WordPress receptivo de crowdfunding de caridad, una plataforma vers\u00e1til y f\u00e1cil de usar dise\u00f1ada para cualquier causa caritativa. Este tema es totalmente receptivo, asegurando que su sitio web funcione perfectamente en cualquier dispositivo, desde escritorios hasta tel\u00e9fonos m\u00f3viles. Con el tema Born to Give, puede configurar f\u00e1cilmente campa\u00f1as de crowdfunding y administrar eficientemente donaciones. Este tema tambi\u00e9n permite un alto grado de personalizaci\u00f3n, por lo que puede asegurarse de que su sitio web realmente represente su causa. La interfaz de usuario es intuitiva y f\u00e1cil de navegar, lo que hace que el proceso de donaci\u00f3n sea lo m\u00e1s sencillo posible para los posibles contribuyentes. Adem\u00e1s, su compatibilidad de WordPress hace que sea simple integrar funcionalidades adicionales. Empodera tu organizaci\u00f3n ben\u00e9fica e inspira acci\u00f3n con los nacidos para dar un tema de WordPress receptivo de crowdfunding de caridad.<\/p>\n","protected":false},"featured_media":165545,"comment_status":"open","ping_status":"open","template":"","meta":[],"product_brand":[2337],"product_cat":[1267,1237,1238],"product_tag":[1391],"class_list":{"0":"post-114291","1":"product","2":"type-product","3":"status-publish","4":"has-post-thumbnail","6":"product_brand-themeforest","7":"product_cat-creativo","8":"product_cat-temas","9":"product_cat-wordpress-temas","10":"product_tag-themeforest","11":"member-discount","12":"discount-restricted","14":"first","15":"instock","16":"sale","17":"downloadable","18":"virtual","19":"sold-individually","20":"purchasable","21":"product-type-simple"},"_links":{"self":[{"href":"https:\/\/gpl-love.com\/es\/wp-json\/wp\/v2\/product\/114291","targetHints":{"allow":["GET"]}}],"collection":[{"href":"https:\/\/gpl-love.com\/es\/wp-json\/wp\/v2\/product"}],"about":[{"href":"https:\/\/gpl-love.com\/es\/wp-json\/wp\/v2\/types\/product"}],"replies":[{"embeddable":true,"href":"https:\/\/gpl-love.com\/es\/wp-json\/wp\/v2\/comments?post=114291"}],"wp:featuredmedia":[{"embeddable":true,"href":"https:\/\/gpl-love.com\/es\/wp-json\/wp\/v2\/media\/165545"}],"wp:attachment":[{"href":"https:\/\/gpl-love.com\/es\/wp-json\/wp\/v2\/media?parent=114291"}],"wp:term":[{"taxonomy":"product_brand","embeddable":true,"href":"https:\/\/gpl-love.com\/es\/wp-json\/wp\/v2\/product_brand?post=114291"},{"taxonomy":"product_cat","embeddable":true,"href":"https:\/\/gpl-love.com\/es\/wp-json\/wp\/v2\/product_cat?post=114291"},{"taxonomy":"product_tag","embeddable":true,"href":"https:\/\/gpl-love.com\/es\/wp-json\/wp\/v2\/product_tag?post=114291"}],"curies":[{"name":"wp","href":"https:\/\/api.w.org\/{rel}","templated":true}]}}