{"id":114289,"date":"2023-11-03T00:00:00","date_gmt":"2023-11-03T05:00:00","guid":{"rendered":"http:\/\/gpl-love.com\/es\/?post_type=product&#038;p=114289"},"modified":"2026-03-13T17:23:48","modified_gmt":"2026-03-13T22:23:48","slug":"loud-a-modern-wordpress-tema-para-the-music-industry","status":"publish","type":"product","link":"https:\/\/gpl-love.com\/es\/producto\/loud-a-modern-wordpress-tema-para-the-music-industry\/","title":{"rendered":"Loud A Modern WordPress Tema para the Music Industry 2.4.6"},"content":{"rendered":"<h3>Loud A Modern WordPress Tema para the Music Industry Caracteristicas<\/h3>\n<p>Loud es un tema avanzado y de vanguardia de WordPress de vanguardia que ha sido dise\u00f1ado espec\u00edfica y exclusivamente para satisfacer los requisitos \u00fanicos y espec\u00edficos de la industria de la m\u00fasica altamente din\u00e1mica y en constante evoluci\u00f3n. Con su dise\u00f1o impecablemente elegante y perfectamente contempor\u00e1neo, atrae sin esfuerzo y sin problemas a los gustos y expectativas exigentes de una gama incre\u00edblemente diversa de profesionales y entusiastas de la m\u00fasica, incluidos, pero no limitados a m\u00fasicos, bandas, DJ y productores musicales. Este tema extraordinario cuenta con un extenso repertorio de caracter\u00edsticas innovadoras y muy solicitadas, todas las cuales han sido dise\u00f1adas e implementadas meticulosamente meticulosamente para garantizar que cada aspecto de la industria de la m\u00fasica se aborde y sea comprensible a los que se aborda y se atiende.<\/p>\n<p>Una de las caracter\u00edsticas m\u00e1s notables y notables de Loud es su notable y excepcional p\u00e1gina de inicio personalizable, que permite a los usuarios personalizar y adaptar y adaptar la apariencia y el dise\u00f1o de su sitio web para satisfacer sus preferencias y requisitos \u00fanicos e individuales. Esta caracter\u00edstica empoderadora y abarrotable permite a los usuarios ejercer un control creativo completo y la libertad art\u00edstica, facilitando as\u00ed la creaci\u00f3n de una plataforma en l\u00ednea verdaderamente y genuinamente distintiva y excepcional que refleja con precisi\u00f3n y fielmente su identidad y marca musical.<\/p>\n<p>Adem\u00e1s, este tema extraordinario tambi\u00e9n cuenta con un dise\u00f1o totalmente receptivo y altamente adaptable, que se ajusta y se adapta a varios tama\u00f1os y dispositivos de pantalla sin problemas y sin problemas. Esta caracter\u00edstica invaluable e indispensable garantiza que los sitios web de los usuarios mantengan sin problemas y sin esfuerzo su apariencia y funcionalidad visualmente impresionantes y visualmente impresionantes, independientemente de si se accede a trav\u00e9s de una computadora de escritorio, una tableta o un tel\u00e9fono m\u00f3vil. Esta capacidad de respuesta incomparable e inigualable garantiza que los sitios web de los usuarios siempre ser\u00e1n accesibles e \u00f3ptimamente funcionales, maximizando as\u00ed su alcance e impacto.<\/p>\n<p>Adem\u00e1s, la interfaz de usuario de Loud ha sido dise\u00f1ada cuidadosa y meticulosamente con la m\u00e1xima atenci\u00f3n al detalle y la facilidad de uso de usuarios en mente. Esta interfaz intuitiva y sin esfuerzo navegable garantiza que los usuarios puedan mostrar de manera perfecta y f\u00e1cil su m\u00fasica, videos, horarios de gira y mercanc\u00edas, lo que les permite conectarse e involucrarse de manera efectiva y eficiente con su audiencia y su base de fan\u00e1ticos. Esta interfaz optimizada y optimizada elimina la complejidad y la confusi\u00f3n innecesarias, lo que permite a los usuarios centrarse en lo que realmente importa: su m\u00fasica.<\/p>\n<p>Adem\u00e1s de su amplia gama de caracter\u00edsticas incorporadas, Loud tambi\u00e9n proporciona soporte completo para una gran cantidad de complementos vers\u00e1tiles y altamente funcionales, incluidos, entre otros, WooCommerce, el Formulario de contacto 7 y MailChimp. Estos complementos indispensables e invaluables sirven para mejorar y elevar a\u00fan m\u00e1s la experiencia del usuario, lo que permite a los usuarios integrar e incorporar e incorporar una multitud de funcionalidades y capacidades adicionales en sus sitios web. Este soporte inigualable e incomparable<\/p>\n<ul>\n<li>Dise\u00f1o elegante y moderno espec\u00edficamente adaptado para la industria de la m\u00fasica<\/li>\n<li>Dise\u00f1o receptivo optimizado para dispositivos m\u00f3viles y tabletas<\/li>\n<li>Opciones de personalizaci\u00f3n f\u00e1cil que le permiten crear un sitio web \u00fanico y personalizado<\/li>\n<li>Reproductor de audio incorporado que admite varios formatos de audio y le permite mostrar su m\u00fasica<\/li>\n<li>Integraci\u00f3n con plataformas musicales populares como Spotify y SoundCloud para compartir sin problemas de sus pistas<\/li>\n<li>Estructura y c\u00f3digo amigable para SEO para ayudarlo a clasificar m\u00e1s alto en los motores de b\u00fasqueda<\/li>\n<li>M\u00faltiples plantillas de p\u00e1gina que incluyen fechas de gira, discograf\u00eda y noticias para una presencia web integral<\/li>\n<li>Compatible con complementos populares de terceros como WooCommerce para una f\u00e1cil comercializaci\u00f3n en l\u00ednea<\/li>\n<li>Actualizaciones regulares y apoyo de desarrolladores experimentados para garantizar una funcionalidad y compatibilidad continuas con las \u00faltimas actualizaciones de WordPress.<\/li>\n<\/ul>\n","protected":false},"excerpt":{"rendered":"<p>Introducir a Loud, un tema de WordPress exquisitamente elaborado y contempor\u00e1neo que ha sido meticulosamente dise\u00f1ado para satisfacer los requisitos \u00fanicos de la industria de la m\u00fasica. Ya sea que sea un m\u00fasico talentoso, una aspirante a una banda, un DJ talentoso, un estimado sello discogr\u00e1fico o un aclamado festival de m\u00fasica, Loud ofrece una variedad expansiva de caracter\u00edsticas indispensables que le permitir\u00e1 dise\u00f1ar una extraordinaria identidad en l\u00ednea que sin duda aproveche la atenci\u00f3n de su p\u00fablico objetivo. Con sus dise\u00f1os notablemente adaptables, una amplia selecci\u00f3n de esquemas de color llamativos y una variedad de opciones de fuentes cautivadoras, lo fuerte le otorga la capacidad incomparable para personalizar sin esfuerzo cada faceta del tema, aline\u00e1ndolo sin esfuerzo con los atributos distintivos y el car\u00e1cter de su marca. Examine sin esfuerzo sus pr\u00f3ximas fechas de la gira, sus \u00faltimos lanzamientos musicales y biograf\u00edas detalladas de sus estimados artistas, gracias a la interfaz notablemente intuitiva y f\u00e1cil de usar de Loud. Entonces, \u00bfpor qu\u00e9 esperar m\u00e1s? Aproveche esta oportunidad excepcional para magnificar la trayectoria de su carrera musical adoptando las impresionantes capacidades de HUADS sin demora.<\/p>\n","protected":false},"featured_media":166636,"comment_status":"open","ping_status":"open","template":"","meta":[],"product_brand":[2337],"product_cat":[1267,1237,1238],"product_tag":[1391],"class_list":{"0":"post-114289","1":"product","2":"type-product","3":"status-publish","4":"has-post-thumbnail","6":"product_brand-themeforest","7":"product_cat-creativo","8":"product_cat-temas","9":"product_cat-wordpress-temas","10":"product_tag-themeforest","11":"member-discount","12":"discount-restricted","14":"first","15":"instock","16":"sale","17":"downloadable","18":"virtual","19":"sold-individually","20":"purchasable","21":"product-type-simple"},"_links":{"self":[{"href":"https:\/\/gpl-love.com\/es\/wp-json\/wp\/v2\/product\/114289","targetHints":{"allow":["GET"]}}],"collection":[{"href":"https:\/\/gpl-love.com\/es\/wp-json\/wp\/v2\/product"}],"about":[{"href":"https:\/\/gpl-love.com\/es\/wp-json\/wp\/v2\/types\/product"}],"replies":[{"embeddable":true,"href":"https:\/\/gpl-love.com\/es\/wp-json\/wp\/v2\/comments?post=114289"}],"wp:featuredmedia":[{"embeddable":true,"href":"https:\/\/gpl-love.com\/es\/wp-json\/wp\/v2\/media\/166636"}],"wp:attachment":[{"href":"https:\/\/gpl-love.com\/es\/wp-json\/wp\/v2\/media?parent=114289"}],"wp:term":[{"taxonomy":"product_brand","embeddable":true,"href":"https:\/\/gpl-love.com\/es\/wp-json\/wp\/v2\/product_brand?post=114289"},{"taxonomy":"product_cat","embeddable":true,"href":"https:\/\/gpl-love.com\/es\/wp-json\/wp\/v2\/product_cat?post=114289"},{"taxonomy":"product_tag","embeddable":true,"href":"https:\/\/gpl-love.com\/es\/wp-json\/wp\/v2\/product_tag?post=114289"}],"curies":[{"name":"wp","href":"https:\/\/api.w.org\/{rel}","templated":true}]}}