{"id":114285,"date":"2026-04-07T00:00:00","date_gmt":"2026-04-07T05:00:00","guid":{"rendered":"http:\/\/gpl-love.com\/es\/?post_type=product&#038;p=114285"},"modified":"2026-04-07T17:15:24","modified_gmt":"2026-04-07T22:15:24","slug":"editor-enhancer-addon-para-oxygen-builder","status":"publish","type":"product","link":"https:\/\/gpl-love.com\/es\/producto\/editor-enhancer-addon-para-oxygen-builder\/","title":{"rendered":"Editor Enhancer Addon para Oxygen Builder 4.9.6"},"content":{"rendered":"<h3>Editor Enhancer Addon para Oxygen Builder Caracteristicas<\/h3>\n<p>El complemento para el editor mejor para Oxygen Builder es una herramienta excepcional que satisface las necesidades de los desarrolladores web que buscan elevar y enriquecer su experiencia de edici\u00f3n. Este complemento va m\u00e1s all\u00e1 aumentando el editor preexistente de Oxygen Builder con una gran cantidad de caracter\u00edsticas ingeniosas, fomentando as\u00ed un flujo de trabajo m\u00e1s perfecto y gratificante. Algunas de las mejoras notables incluyen un resaltado de sintaxis notablemente mejorado, una interfaz que exuda brillantez intuitiva, as\u00ed como herramientas de navegaci\u00f3n de c\u00f3digo de vanguardia que facilitan las maniobras r\u00e1pidas y sin esfuerzo. Adem\u00e1s, el complemento cuenta con una variedad de configuraciones complementarias y opciones de personalizaci\u00f3n que permiten a los desarrolladores adaptar finamente su experiencia de edici\u00f3n de acuerdo con sus distintos requisitos y preferencias. Gracias al complemento de potenciador del editor, los usuarios de Oxygen Builder pueden optimizar sus esfuerzos, maximizar la productividad y inventar sin esfuerzo dise\u00f1os web exquisitos de calidad incomparable dentro de los plazos significativamente reducidos.<\/p>\n<ul>\n<li>Experiencia de edici\u00f3n mejorada para usuarios de ox\u00edgeno<\/li>\n<li>Mejor organizaci\u00f3n y gesti\u00f3n del contenido del sitio web a trav\u00e9s del conjunto de herramientas mejorados<\/li>\n<li>Interfaz totalmente personalizable para que los usuarios adapten su entorno de edici\u00f3n a su gusto<\/li>\n<li>Flujo de trabajo optimizado para la creaci\u00f3n y edici\u00f3n de contenido m\u00e1s r\u00e1pida<\/li>\n<li>Aumento de la productividad y eficiencia a trav\u00e9s de caracter\u00edsticas avanzadas del editor, como resaltar el c\u00f3digo y acceso r\u00e1pido a elementos de uso frecuente.<\/li>\n<li>Capacidades de colaboraci\u00f3n mejoradas para equipos a trav\u00e9s de acceso compartido a configuraciones personalizadas y biblioteca de contenido<\/li>\n<li>Integraci\u00f3n con herramientas populares de terceros para una funcionalidad y flexibilidad a\u00fan mayores<\/li>\n<li>Actualizaciones regulares y soporte continuo para una mejora y desarrollo continuos.<\/li>\n<\/ul>\n","protected":false},"excerpt":{"rendered":"<p>El complemento para el editor para Oxygen Builder es una herramienta incre\u00edblemente valiosa que mejora enormemente su experiencia general de edici\u00f3n. Este complemento notablemente robusto ofrece una amplia gama de caracter\u00edsticas que no solo elevan sino que revolucionan completamente sus capacidades de edici\u00f3n. Desde la capacidad de crear esquemas de color a medida hasta la utilizaci\u00f3n de opciones de navegaci\u00f3n avanzada, este complemento excepcional garantiza la mayor eficiencia en la elaboraci\u00f3n de sus dise\u00f1os personalizados sin esfuerzo. Con el complemento potenciador del editor para Oxygen Builder, se le otorga el incre\u00edble poder de crear e inmaculadamente editar cualquier dise\u00f1o que desee, asegurando la perfecci\u00f3n absoluta. \u00a1No pierda el tiempo y aproveche la oportunidad para obtener este extraordinario complemento de ox\u00edgeno hoy!<\/p>\n","protected":false},"featured_media":165909,"comment_status":"open","ping_status":"open","template":"","meta":[],"product_brand":[2430],"product_cat":[1214,1206,1211],"product_tag":[2148],"class_list":{"0":"post-114285","1":"product","2":"type-product","3":"status-publish","4":"has-post-thumbnail","6":"product_brand-editor-enhancer","7":"product_cat-personalizacion","8":"product_cat-plugins","9":"product_cat-wordpress-plugins","10":"product_tag-editor-enhancer","11":"member-discount","12":"discount-restricted","14":"first","15":"instock","16":"sale","17":"downloadable","18":"virtual","19":"sold-individually","20":"purchasable","21":"product-type-simple"},"_links":{"self":[{"href":"https:\/\/gpl-love.com\/es\/wp-json\/wp\/v2\/product\/114285","targetHints":{"allow":["GET"]}}],"collection":[{"href":"https:\/\/gpl-love.com\/es\/wp-json\/wp\/v2\/product"}],"about":[{"href":"https:\/\/gpl-love.com\/es\/wp-json\/wp\/v2\/types\/product"}],"replies":[{"embeddable":true,"href":"https:\/\/gpl-love.com\/es\/wp-json\/wp\/v2\/comments?post=114285"}],"wp:featuredmedia":[{"embeddable":true,"href":"https:\/\/gpl-love.com\/es\/wp-json\/wp\/v2\/media\/165909"}],"wp:attachment":[{"href":"https:\/\/gpl-love.com\/es\/wp-json\/wp\/v2\/media?parent=114285"}],"wp:term":[{"taxonomy":"product_brand","embeddable":true,"href":"https:\/\/gpl-love.com\/es\/wp-json\/wp\/v2\/product_brand?post=114285"},{"taxonomy":"product_cat","embeddable":true,"href":"https:\/\/gpl-love.com\/es\/wp-json\/wp\/v2\/product_cat?post=114285"},{"taxonomy":"product_tag","embeddable":true,"href":"https:\/\/gpl-love.com\/es\/wp-json\/wp\/v2\/product_tag?post=114285"}],"curies":[{"name":"wp","href":"https:\/\/api.w.org\/{rel}","templated":true}]}}