{"id":114283,"date":"2021-06-17T00:00:00","date_gmt":"2021-06-17T05:00:00","guid":{"rendered":"http:\/\/gpl-love.com\/es\/?post_type=product&#038;p=114283"},"modified":"2026-04-10T11:19:55","modified_gmt":"2026-04-10T16:19:55","slug":"nouveau-multipurpose-wordpress-theme","status":"publish","type":"product","link":"https:\/\/gpl-love.com\/es\/producto\/nouveau-multipurpose-wordpress-theme\/","title":{"rendered":"Nouveau Multipurpose WordPress Theme 4.3"},"content":{"rendered":"<h3>Nouveau Multipurpose WordPress Theme Caracteristicas<\/h3>\n<p>El tema de WordPress multiprop\u00f3sito de Nouveau es un tema notablemente vers\u00e1til y f\u00e1cil de usar que atiende a una amplia gama de necesidades del sitio web. Este tema otorga a los usuarios la capacidad de personalizar sin esfuerzo sus sitios web, todo mientras ofrece una impresionante selecci\u00f3n de plantillas predise\u00f1adas. En consecuencia, el proceso de crear un sitio web profesional y moderno nunca ha sido m\u00e1s racionalizado. Adem\u00e1s, es esencial reconocer que el tema de WordPress multiprop\u00f3sito de Nouveau es totalmente receptivo, asegurando as\u00ed que su sitio web mantenga una apariencia atractiva en todos los dispositivos. Adem\u00e1s de su capacidad de respuesta, este tema posee una multitud de caracter\u00edsticas potentes, que incluyen un constructor de p\u00e1ginas de arrastrar y soltar notablemente conveniente, una gran cantidad de opciones de widgets e integraci\u00f3n perfecta con WooCommerce para aquellos que operan sitios de comercio electr\u00f3nico. Es importante enfatizar que la versatilidad de este tema le permite ser una opci\u00f3n adecuada para varios proyectos de sitios web, ya sea un blog, un sitio web comercial o una tienda en l\u00ednea.<\/p>\n<ul>\n<li>Dise\u00f1o f\u00e1cilmente personalizable con muchas demostraciones preconstruidas para elegir<\/li>\n<li>Dise\u00f1o receptivo que se adapta a todos los tama\u00f1os y dispositivos de pantalla<\/li>\n<li>M\u00faltiples estilos de encabezado y pie de p\u00e1gina, lo que le brinda m\u00e1s flexibilidad creativa<\/li>\n<li>Integraci\u00f3n con complementos populares como WooCommerce y el Formulario de contacto 7<\/li>\n<li>Sitio web de carga suave y r\u00e1pida gracias a su codificaci\u00f3n optimizada y carga perezosa<\/li>\n<li>SEO optimizado para ayudar a su sitio web a clasificar m\u00e1s alto en los resultados del motor de b\u00fasqueda<\/li>\n<li>M\u00faltiples dise\u00f1os de p\u00e1gina\/publicaci\u00f3n y widgets personalizados disponibles para la personalizaci\u00f3n<\/li>\n<li>Traducci\u00f3n lista para sitios web multiling\u00fces<\/li>\n<li>Actualizaciones regulares y apoyo dedicado de los expertos detr\u00e1s del tema<\/li>\n<li>Instagram Post and Feed Integration para la promoci\u00f3n de las redes sociales<\/li>\n<\/ul>\n","protected":false},"excerpt":{"rendered":"<p>\u00a1Al presentar el tema de WordPress multiprop\u00f3sito de Nouveau, una soluci\u00f3n excepcional que cumple de manera integral todos los requisitos de su sitio web! Este tema notablemente robusto y din\u00e1mico ha sido meticulosamente elaborado para acomodar una multitud de industrias, desde agencias art\u00edsticas e innovadoras hasta empresas corporativas a gran escala. Con su dise\u00f1o de vanguardia y sofisticado, caracter\u00edsticas personalizables sin esfuerzo, as\u00ed como una interfaz incre\u00edblemente f\u00e1cil de usar, construir un sitio web exquisitamente cautivador nunca ha sido m\u00e1s accesible. Independientemente de si est\u00e1 buscando mostrar una cartera impresionante, participar en la venta exitosa de productos o servicios, o promover efectivamente su estimada marca, el tema multiprop\u00f3sito de Nouveau abarca y cumple con orgullo estos objetivos. \u00a1No pierda el tiempo, comience su viaje hoy y eleve sin esfuerzo su estimada presencia en l\u00ednea con este tema de WordPress inmensamente confiable y extraordinariamente vers\u00e1til!<\/p>\n","protected":false},"featured_media":167067,"comment_status":"open","ping_status":"open","template":"","meta":[],"product_brand":[2337],"product_cat":[1239,1237,1238],"product_tag":[1391],"class_list":{"0":"post-114283","1":"product","2":"type-product","3":"status-publish","4":"has-post-thumbnail","6":"product_brand-themeforest","7":"product_cat-de-multiples-fines","8":"product_cat-temas","9":"product_cat-wordpress-temas","10":"product_tag-themeforest","11":"member-discount","12":"discount-restricted","14":"first","15":"instock","16":"sale","17":"downloadable","18":"virtual","19":"sold-individually","20":"purchasable","21":"product-type-simple"},"_links":{"self":[{"href":"https:\/\/gpl-love.com\/es\/wp-json\/wp\/v2\/product\/114283","targetHints":{"allow":["GET"]}}],"collection":[{"href":"https:\/\/gpl-love.com\/es\/wp-json\/wp\/v2\/product"}],"about":[{"href":"https:\/\/gpl-love.com\/es\/wp-json\/wp\/v2\/types\/product"}],"replies":[{"embeddable":true,"href":"https:\/\/gpl-love.com\/es\/wp-json\/wp\/v2\/comments?post=114283"}],"wp:featuredmedia":[{"embeddable":true,"href":"https:\/\/gpl-love.com\/es\/wp-json\/wp\/v2\/media\/167067"}],"wp:attachment":[{"href":"https:\/\/gpl-love.com\/es\/wp-json\/wp\/v2\/media?parent=114283"}],"wp:term":[{"taxonomy":"product_brand","embeddable":true,"href":"https:\/\/gpl-love.com\/es\/wp-json\/wp\/v2\/product_brand?post=114283"},{"taxonomy":"product_cat","embeddable":true,"href":"https:\/\/gpl-love.com\/es\/wp-json\/wp\/v2\/product_cat?post=114283"},{"taxonomy":"product_tag","embeddable":true,"href":"https:\/\/gpl-love.com\/es\/wp-json\/wp\/v2\/product_tag?post=114283"}],"curies":[{"name":"wp","href":"https:\/\/api.w.org\/{rel}","templated":true}]}}