{"id":114279,"date":"2026-02-24T00:00:00","date_gmt":"2026-02-24T05:00:00","guid":{"rendered":"http:\/\/gpl-love.com\/es\/?post_type=product&#038;p=114279"},"modified":"2026-03-09T08:25:26","modified_gmt":"2026-03-09T13:25:26","slug":"woocommerce-simple-auctions","status":"publish","type":"product","link":"https:\/\/gpl-love.com\/es\/producto\/woocommerce-simple-auctions\/","title":{"rendered":"WooCommerce Simple Auctions 3.0.7"},"content":{"rendered":"<h3>WooCommerce Simple Auctions Caracteristicas<\/h3>\n<p>WooCommerce Simple Auctions es un complemento incre\u00edblemente robusto y f\u00e1cil de usar que sirve como una herramienta excepcional para los propietarios de tiendas en l\u00ednea. Su funci\u00f3n principal es facilitar el establecimiento sin esfuerzo y la operaci\u00f3n de subastas dentro de su tienda WooCommerce. El complemento faculta a los usuarios generar productos de subasta sin esfuerzo completos con horarios de inicio y fin, precios de reserva e incrementos de ofertas. Adem\u00e1s, ofrece la comodidad de mostrar estos productos de subastas en la tienda, posteriormente otorgando a los clientes la capacidad de colocar f\u00e1cilmente ofertas, examinar el historial de ofertas y recibir notificaciones autom\u00e1ticas por correo electr\u00f3nico. Adem\u00e1s, este complemento altamente sofisticado abarca una variedad de caracter\u00edsticas avanzadas, que incluyen, entre otros, la funcionalidad anti-sniping y la extensi\u00f3n de la subasta autom\u00e1tica. No hace falta decir que las subastas simples de WooCommerce son un complemento indispensable que cada individuo exigente que busca infundir su tienda en l\u00ednea con un elemento de emoci\u00f3n y rentabilidad deber\u00eda adquirir.<\/p>\n<ul>\n<li>Habilita la funcionalidad de subastas en su sitio de WooCommerce<\/li>\n<li>Cree subastas para cualquier producto en su sitio<\/li>\n<li>Elija iniciar oferta, precio de reserva y duraci\u00f3n de la subasta<\/li>\n<li>Incrementos de ofertas automatizadas para mantener un proceso de licitaci\u00f3n justa<\/li>\n<li>Proceso de configuraci\u00f3n r\u00e1pido y simple<\/li>\n<li>Opci\u00f3n para mostrar el estado de la subasta en las p\u00e1ginas de productos<\/li>\n<li>Capacidad para cerrar subastas manualmente o establecer un precio m\u00e1ximo de oferta<\/li>\n<li>Ver el historial de licitaci\u00f3n para monitorear la actividad de la subasta<\/li>\n<li>Compatible con otras extensiones de WooCommerce<\/li>\n<\/ul>\n","protected":false},"excerpt":{"rendered":"<p>Las subastas simples de WooCommerce, reconocidas por sus inmensas capacidades, ofrece una soluci\u00f3n exquisita para las personas que buscan realizar subastas en sus sitios web impulsados \u200b\u200bpor WooCommerce. Armado con este complemento altamente potente, los usuarios pueden establecer, administrar y supervisar sin esfuerzo subastas relacionadas con cualquier categor\u00eda de producto. El complemento cuenta con una interfaz de usuario simplista e intuitiva, lo que lo permite definir las regulaciones de subastas, instigar los precios del comienzo, establecer reservas y designar duraciones finales. Adem\u00e1s, le otorga la funcionalidad ventajosa para especificar incrementos de oferta y precios de compra ahora. Al simplificar el proceso de licitaci\u00f3n y facilitar el monitoreo de ofertas en tiempo real, las subastas simples de WooCommerce aseguran la m\u00e1xima conveniencia para su estimada clientela. Este complemento sirve inequ\u00edvocamente como un activo invaluable para las empresas que aspiran a reforzar las cifras de ventas y aumentar la generaci\u00f3n general de ingresos.<\/p>\n","protected":false},"featured_media":168264,"comment_status":"open","ping_status":"open","template":"","meta":[],"product_brand":[2339],"product_cat":[1207,1248,1206],"product_tag":[1256],"class_list":{"0":"post-114279","1":"product","2":"type-product","3":"status-publish","4":"has-post-thumbnail","6":"product_brand-codecanyon","7":"product_cat-comercio-electronico-plugins","8":"product_cat-personalizacion-comercio-electronico-plugins","9":"product_cat-plugins","10":"product_tag-codecanyon","11":"member-discount","12":"discount-restricted","14":"first","15":"instock","16":"sale","17":"downloadable","18":"virtual","19":"sold-individually","20":"purchasable","21":"product-type-simple"},"_links":{"self":[{"href":"https:\/\/gpl-love.com\/es\/wp-json\/wp\/v2\/product\/114279","targetHints":{"allow":["GET"]}}],"collection":[{"href":"https:\/\/gpl-love.com\/es\/wp-json\/wp\/v2\/product"}],"about":[{"href":"https:\/\/gpl-love.com\/es\/wp-json\/wp\/v2\/types\/product"}],"replies":[{"embeddable":true,"href":"https:\/\/gpl-love.com\/es\/wp-json\/wp\/v2\/comments?post=114279"}],"wp:featuredmedia":[{"embeddable":true,"href":"https:\/\/gpl-love.com\/es\/wp-json\/wp\/v2\/media\/168264"}],"wp:attachment":[{"href":"https:\/\/gpl-love.com\/es\/wp-json\/wp\/v2\/media?parent=114279"}],"wp:term":[{"taxonomy":"product_brand","embeddable":true,"href":"https:\/\/gpl-love.com\/es\/wp-json\/wp\/v2\/product_brand?post=114279"},{"taxonomy":"product_cat","embeddable":true,"href":"https:\/\/gpl-love.com\/es\/wp-json\/wp\/v2\/product_cat?post=114279"},{"taxonomy":"product_tag","embeddable":true,"href":"https:\/\/gpl-love.com\/es\/wp-json\/wp\/v2\/product_tag?post=114279"}],"curies":[{"name":"wp","href":"https:\/\/api.w.org\/{rel}","templated":true}]}}