{"id":114276,"date":"2025-12-25T00:00:00","date_gmt":"2025-12-25T05:00:00","guid":{"rendered":"http:\/\/gpl-love.com\/es\/?post_type=product&#038;p=114276"},"modified":"2026-03-09T07:39:20","modified_gmt":"2026-03-09T12:39:20","slug":"gravity-forms-advanced-post-creation-addon","status":"publish","type":"product","link":"https:\/\/gpl-love.com\/es\/producto\/gravity-forms-advanced-post-creation-addon\/","title":{"rendered":"Gravity Forms Advanced Post Creation Addon 1.6.1"},"content":{"rendered":"<h3>Gravity Forms Advanced Post Creation Addon Caracteristicas<\/h3>\n<p>La gravedad forma Advanced Post Creation Addon, un complemento altamente eficiente y f\u00e1cil de usar dise\u00f1ado exclusivamente para usuarios de WordPress, ofrece una multitud de beneficios. A trav\u00e9s de la utilizaci\u00f3n de esta poderosa herramienta, los usuarios pueden crear formas personalizadas sin esfuerzo y vincularlos directamente a sus publicaciones de WordPress, simplificando as\u00ed su proceso de creaci\u00f3n de contenido. Adem\u00e1s, este complemento cuenta con una impresionante variedad de caracter\u00edsticas avanzadas que permiten a los usuarios dise\u00f1ar y personalizar f\u00e1cilmente sus formularios de acuerdo con sus preferencias. Adem\u00e1s, este complemento proporciona una interfaz intuitiva que simplifica la configuraci\u00f3n y la configuraci\u00f3n de los formularios para satisfacer las necesidades individuales. Con la incorporaci\u00f3n de los formularios de gravedad Advanced Post Creation Addon, los usuarios pueden crear, actualizar y administrar sin problemas sus publicaciones de WordPress sin ning\u00fan inconveniente. Ya sea que sea un blogger dedicado, un vendedor astuto o un propietario de un sitio web experimentado, esta herramienta excepcional est\u00e1 garantizada para ahorrarle tiempo y mejorar su productividad general.<\/p>\n<ul>\n<li>Simplifica el proceso de creaci\u00f3n de publicaciones permitiendo a los usuarios crear publicaciones directamente a partir de env\u00edos de formularios de gravedad<\/li>\n<li>Agrega tipos de publicaci\u00f3n personalizados y taxonom\u00edas para opciones de publicaci\u00f3n m\u00e1s flexibles<\/li>\n<li>Habilita el estado de publicaci\u00f3n definido por el usuario y los campos personalizados para un mayor control sobre la creaci\u00f3n de contenido<\/li>\n<li>Admite la creaci\u00f3n de post front-end y back-end<\/li>\n<li>Se integra con los populares servicios de marketing por correo electr\u00f3nico para la construcci\u00f3n de listas sin problemas<\/li>\n<li>Permite que la l\u00f3gica condicional cree flujos de trabajo din\u00e1micos<\/li>\n<li>Funciona con m\u00faltiples env\u00edos de entrada simult\u00e1neamente para una creaci\u00f3n posterior m\u00e1s r\u00e1pida<\/li>\n<li>Proporciona registro de entrada detallado para una mejor gesti\u00f3n posterior a la publicaci\u00f3n<\/li>\n<li>Incluye opciones de personalizaci\u00f3n avanzada para una experiencia de usuario personalizada<\/li>\n<li>Ofrece una excelente atenci\u00f3n al cliente y actualizaciones frecuentes para garantizar un rendimiento \u00f3ptimo.<\/li>\n<\/ul>\n","protected":false},"excerpt":{"rendered":"<p>La gravedad forma Advanced Post Creation Addon, que es una herramienta altamente eficiente, le ofrece la conveniencia de generar publicaciones, p\u00e1ginas, p\u00e1ginas, as\u00ed como tipos de publicaciones personalizadas directamente de las presentaciones realizadas a trav\u00e9s de sus formularios de gravedad. Al utilizar este complemento, tendr\u00e1 una mayor autoridad en t\u00e9rminos de determinar los tipos de publicaciones espec\u00edficos, categor\u00edas, etiquetas y campos personalizados, todos los cuales pueden administrarse y editar convenientemente dentro de su forma de gravedad. Al incorporar este complemento en su flujo de trabajo, podr\u00e1 optimizar y optimizar su procedimiento de creaci\u00f3n de contenido, lo que resulta en un ahorro sustancial de tiempo y esfuerzo.<\/p>\n","protected":false},"featured_media":166289,"comment_status":"open","ping_status":"open","template":"","meta":[],"product_brand":[2469],"product_cat":[1214,1206,1211],"product_tag":[1300],"class_list":{"0":"post-114276","1":"product","2":"type-product","3":"status-publish","4":"has-post-thumbnail","6":"product_brand-gravityforms","7":"product_cat-personalizacion","8":"product_cat-plugins","9":"product_cat-wordpress-plugins","10":"product_tag-gravityforms","11":"member-discount","12":"discount-restricted","14":"first","15":"instock","16":"sale","17":"downloadable","18":"virtual","19":"sold-individually","20":"purchasable","21":"product-type-simple"},"_links":{"self":[{"href":"https:\/\/gpl-love.com\/es\/wp-json\/wp\/v2\/product\/114276","targetHints":{"allow":["GET"]}}],"collection":[{"href":"https:\/\/gpl-love.com\/es\/wp-json\/wp\/v2\/product"}],"about":[{"href":"https:\/\/gpl-love.com\/es\/wp-json\/wp\/v2\/types\/product"}],"replies":[{"embeddable":true,"href":"https:\/\/gpl-love.com\/es\/wp-json\/wp\/v2\/comments?post=114276"}],"wp:featuredmedia":[{"embeddable":true,"href":"https:\/\/gpl-love.com\/es\/wp-json\/wp\/v2\/media\/166289"}],"wp:attachment":[{"href":"https:\/\/gpl-love.com\/es\/wp-json\/wp\/v2\/media?parent=114276"}],"wp:term":[{"taxonomy":"product_brand","embeddable":true,"href":"https:\/\/gpl-love.com\/es\/wp-json\/wp\/v2\/product_brand?post=114276"},{"taxonomy":"product_cat","embeddable":true,"href":"https:\/\/gpl-love.com\/es\/wp-json\/wp\/v2\/product_cat?post=114276"},{"taxonomy":"product_tag","embeddable":true,"href":"https:\/\/gpl-love.com\/es\/wp-json\/wp\/v2\/product_tag?post=114276"}],"curies":[{"name":"wp","href":"https:\/\/api.w.org\/{rel}","templated":true}]}}