{"id":114275,"date":"2023-08-05T00:00:00","date_gmt":"2023-08-05T05:00:00","guid":{"rendered":"http:\/\/gpl-love.com\/es\/?post_type=product&#038;p=114275"},"modified":"2026-03-13T17:18:38","modified_gmt":"2026-03-13T22:18:38","slug":"css-igniter-palermo-wordpress-theme","status":"publish","type":"product","link":"https:\/\/gpl-love.com\/es\/producto\/css-igniter-palermo-wordpress-theme\/","title":{"rendered":"CSS Igniter Palermo WordPress Theme 1.1.0"},"content":{"rendered":"<h3>CSS Igniter Palermo WordPress Theme Caracteristicas<\/h3>\n<p>El tema CSS Igniter Palermo WordPress se jacta de un dise\u00f1o est\u00e9ticamente agradable y contempor\u00e1neo que es adecuado para diversos tipos de sitios web. Este tema ofrece capacidades de personalizaci\u00f3n completas, lo que le permite establecer una apariencia y una atm\u00f3sfera distintivos para su sitio. Con su dise\u00f1o receptivo, su sitio web exudar\u00e1 excelencia en todos los dispositivos. Adem\u00e1s, el tema Palermo est\u00e1 meticulosamente optimizado para tiempos de carga r\u00e1pidos, lo que contribuye a una mejor clasificaci\u00f3n de motores de b\u00fasqueda para su sitio. En particular, este tema abarca m\u00faltiples plantillas de p\u00e1gina, widgets personalizados vers\u00e1tiles y una mir\u00edada de opciones de color, que lo empoderan para crear un sitio web que exude a la profesionalidad. Independientemente de si est\u00e1 en el proceso de crear un blog, una plataforma de comercio electr\u00f3nico o un sitio web corporativo, el tema CSS Igniter Palermo WordPress es una elecci\u00f3n excepcional.<\/p>\n<ul>\n<li>Dise\u00f1o profesional y elegante para sitios web de WordPress<\/li>\n<li>Totalmente receptivo, adapt\u00e1ndose perfectamente al escritorio, tabletas y pantallas m\u00f3viles<\/li>\n<li>Personalizable con flexibilidad para cambiar colores, fuentes y dise\u00f1os<\/li>\n<li>Compatible con complementos populares de WordPress, incluidos WooCommerce y el Formulario de contacto 7<\/li>\n<li>Funcional de creaci\u00f3n de p\u00e1ginas f\u00e1cilmente f\u00e1cil de usar y f\u00e1cil de administrar<\/li>\n<li>Construido con SEO en mente para mejorar la clasificaci\u00f3n y visibilidad del sitio web<\/li>\n<li>Documentaci\u00f3n y apoyo extenso proporcionado por el equipo CSS Igniter<\/li>\n<li>Actualizaciones regulares con nuevas caracter\u00edsticas y mejoras, asegurando la compatibilidad continua con las actualizaciones de WordPress.<\/li>\n<\/ul>\n","protected":false},"excerpt":{"rendered":"<p>Muestre su propiedad de la manera m\u00e1s elegante con el tema CSS Igniter Palermo WordPress. Este tema est\u00e1 especialmente dise\u00f1ado para propietarios, agentes inmobiliarios y empresas que buscan elevar su presencia en l\u00ednea. Cuenta con un dise\u00f1o receptivo, asegurando que su sitio se vea genial en todos los dispositivos. Con sus opciones totalmente personalizables, puede adaptar sin esfuerzo su sitio web para reflejar su estilo y marca \u00fanicos. El tema de Palermo WordPress tambi\u00e9n incluye la optimizaci\u00f3n de SEO, ayudando a su sitio a clasificarse m\u00e1s en los resultados de los motores de b\u00fasqueda y atraer a m\u00e1s visitantes. Ofrece una integraci\u00f3n perfecta con complementos populares, proporcion\u00e1ndole una mejor funcionalidad y flexibilidad. Su interfaz f\u00e1cil de usar facilita la navegaci\u00f3n, asegurando una gran experiencia de usuario para sus visitantes. Experimente el poder del tema Palermo WordPress de CSS Igniter y transforme su sitio web de propiedades en un impresionante escaparate en l\u00ednea.<\/p>\n","protected":false},"featured_media":165715,"comment_status":"open","ping_status":"open","template":"","meta":[],"product_brand":[2403],"product_cat":[1548,1237,1238],"product_tag":[2134],"class_list":{"0":"post-114275","1":"product","2":"type-product","3":"status-publish","4":"has-post-thumbnail","6":"product_brand-css-igniter","7":"product_cat-resort-hotel","8":"product_cat-temas","9":"product_cat-wordpress-temas","10":"product_tag-css-igniter","11":"member-discount","12":"discount-restricted","14":"first","15":"instock","16":"sale","17":"downloadable","18":"virtual","19":"sold-individually","20":"purchasable","21":"product-type-simple"},"_links":{"self":[{"href":"https:\/\/gpl-love.com\/es\/wp-json\/wp\/v2\/product\/114275","targetHints":{"allow":["GET"]}}],"collection":[{"href":"https:\/\/gpl-love.com\/es\/wp-json\/wp\/v2\/product"}],"about":[{"href":"https:\/\/gpl-love.com\/es\/wp-json\/wp\/v2\/types\/product"}],"replies":[{"embeddable":true,"href":"https:\/\/gpl-love.com\/es\/wp-json\/wp\/v2\/comments?post=114275"}],"wp:featuredmedia":[{"embeddable":true,"href":"https:\/\/gpl-love.com\/es\/wp-json\/wp\/v2\/media\/165715"}],"wp:attachment":[{"href":"https:\/\/gpl-love.com\/es\/wp-json\/wp\/v2\/media?parent=114275"}],"wp:term":[{"taxonomy":"product_brand","embeddable":true,"href":"https:\/\/gpl-love.com\/es\/wp-json\/wp\/v2\/product_brand?post=114275"},{"taxonomy":"product_cat","embeddable":true,"href":"https:\/\/gpl-love.com\/es\/wp-json\/wp\/v2\/product_cat?post=114275"},{"taxonomy":"product_tag","embeddable":true,"href":"https:\/\/gpl-love.com\/es\/wp-json\/wp\/v2\/product_tag?post=114275"}],"curies":[{"name":"wp","href":"https:\/\/api.w.org\/{rel}","templated":true}]}}