{"id":114152,"date":"2025-10-17T00:00:00","date_gmt":"2025-10-17T05:00:00","guid":{"rendered":"http:\/\/gpl-love.com\/es\/?post_type=product&#038;p=114152"},"modified":"2026-03-09T07:26:36","modified_gmt":"2026-03-09T12:26:36","slug":"customize-my-account-para-woocommerce","status":"publish","type":"product","link":"https:\/\/gpl-love.com\/es\/producto\/customize-my-account-para-woocommerce\/","title":{"rendered":"Customize My Account para WooCommerce 2.0.1"},"content":{"rendered":"<h3>Customize My Account para WooCommerce Caracteristicas<\/h3>\n<p>Personalizar mi cuenta para WooCommerce es un complemento incre\u00edblemente robusto y poderoso que le brinda la capacidad excepcional para personalizar y adaptar su cuenta de WooCommerce para alinearse perfectamente con su marca y satisfacer las necesidades \u00fanicas de su negocio. Este complemento ofrece una amplia gama de caracter\u00edsticas y funcionalidades que le permiten personalizar sin esfuerzo la p\u00e1gina de su cuenta, realizar modificaciones a los puntos finales de WooCommerce predeterminados, incorporar puntos finales personalizados e incluso personalizar los enlaces de men\u00fa. Adem\u00e1s, tiene la oportunidad de alterar el dise\u00f1o, los colores y las fuentes de la p\u00e1gina de su cuenta para cultivar una est\u00e9tica m\u00e1s profesional y cautivadora. Tambi\u00e9n vale la pena se\u00f1alar que personalizar mi cuenta para WooCommerce es notablemente f\u00e1cil de usar e intuitivo, asegurando que incluso las personas con conocimiento de codificaci\u00f3n limitado puedan navegar y utilizarla con facilidad. Ya sea que su objetivo sea elaborar una p\u00e1gina de inicio de sesi\u00f3n a medida, integrar los enlaces de las redes sociales o proporcionar a sus clientes recomendaciones personalizadas, este complemento es realmente un cambio de juego que puede ayudarlo a lograr esas aspiraciones y mejorar la experiencia general de su valiosa clientela. Por lo tanto, si est\u00e1 buscando elevar y optimizar su tienda WooCommerce, ser\u00eda muy recomendable considerar seriamente la incorporaci\u00f3n de personalizar mi cuenta para WooCommerce en sus operaciones, ya que su profundo impacto en su negocio ser\u00eda sin duda significativo y transformador.<\/p>\n<ul>\n<li>Permite a los clientes crear y administrar sus propias cuentas en su sitio de WooCommerce<\/li>\n<li>Pages de cuenta personalizable Choose que detalles Los clientes pueden ver y editar en su cuenta<\/li>\n<li>Permite a los clientes ver el historial de pedidos, rastrear los env\u00edos y actualizar su informaci\u00f3n de env\u00edo y facturaci\u00f3n.<\/li>\n<li>Notificaciones de correo electr\u00f3nico personalizables mantenga a sus clientes informados sobre sus pedidos con correos electr\u00f3nicos personalizados<\/li>\n<li>Integraci\u00f3n con pasarelas de pago populares y proveedores de env\u00edo<\/li>\n<li>InterfaceEasy f\u00e1cil de usar lo suficiente para que los clientes de todas las habilidades t\u00e9cnicas usen<\/li>\n<li>Totalmente compatible con el dise\u00f1o y dise\u00f1o del sitio web de WordPress<\/li>\n<li>Mejora la satisfacci\u00f3n y la lealtad del cliente d\u00e1ndoles control sobre sus cuentas y la informaci\u00f3n del pedido.<\/li>\n<\/ul>\n","protected":false},"excerpt":{"rendered":"<p>Personalizar mi cuenta para WooCommerce es una herramienta \u00fanica dise\u00f1ada para mejorar la experiencia de usuario de su tienda en l\u00ednea. Este poderoso complemento le permite adaptar la p\u00e1gina de su cuenta de WooCommerce, manteni\u00e9ndola organizada y f\u00e1cil de usar. Con su interfaz f\u00e1cil de usar, puede personalizar el dise\u00f1o de la cuenta, agregar\/eliminar pesta\u00f1as y crear nuevos puntos finales. Tambi\u00e9n es posible editar los colores, las etiquetas y los \u00edconos para adaptarse a la est\u00e9tica de su marca. Este complemento proporciona una experiencia de navegaci\u00f3n perfecta para sus clientes, lo que les facilita administrar sus pedidos, descargas y detalles personales. Implementar personalizar mi cuenta para WooCommerce no solo eleva la apariencia de su tienda en l\u00ednea, sino que tambi\u00e9n atiende a las necesidades de sus clientes, lo que resulta en una mejor satisfacci\u00f3n y lealtad del cliente.<\/p>\n","protected":false},"featured_media":165746,"comment_status":"open","ping_status":"open","template":"","meta":[],"product_brand":[2344],"product_cat":[1207,1248,1206],"product_tag":[1423],"class_list":{"0":"post-114152","1":"product","2":"type-product","3":"status-publish","4":"has-post-thumbnail","6":"product_brand-woocommerce","7":"product_cat-comercio-electronico-plugins","8":"product_cat-personalizacion-comercio-electronico-plugins","9":"product_cat-plugins","10":"product_tag-woocommerce","11":"member-discount","12":"discount-restricted","14":"first","15":"instock","16":"sale","17":"downloadable","18":"virtual","19":"sold-individually","20":"purchasable","21":"product-type-simple"},"_links":{"self":[{"href":"https:\/\/gpl-love.com\/es\/wp-json\/wp\/v2\/product\/114152","targetHints":{"allow":["GET"]}}],"collection":[{"href":"https:\/\/gpl-love.com\/es\/wp-json\/wp\/v2\/product"}],"about":[{"href":"https:\/\/gpl-love.com\/es\/wp-json\/wp\/v2\/types\/product"}],"replies":[{"embeddable":true,"href":"https:\/\/gpl-love.com\/es\/wp-json\/wp\/v2\/comments?post=114152"}],"wp:featuredmedia":[{"embeddable":true,"href":"https:\/\/gpl-love.com\/es\/wp-json\/wp\/v2\/media\/165746"}],"wp:attachment":[{"href":"https:\/\/gpl-love.com\/es\/wp-json\/wp\/v2\/media?parent=114152"}],"wp:term":[{"taxonomy":"product_brand","embeddable":true,"href":"https:\/\/gpl-love.com\/es\/wp-json\/wp\/v2\/product_brand?post=114152"},{"taxonomy":"product_cat","embeddable":true,"href":"https:\/\/gpl-love.com\/es\/wp-json\/wp\/v2\/product_cat?post=114152"},{"taxonomy":"product_tag","embeddable":true,"href":"https:\/\/gpl-love.com\/es\/wp-json\/wp\/v2\/product_tag?post=114152"}],"curies":[{"name":"wp","href":"https:\/\/api.w.org\/{rel}","templated":true}]}}