{"id":114150,"date":"2023-02-24T00:00:00","date_gmt":"2023-02-24T05:00:00","guid":{"rendered":"http:\/\/gpl-love.com\/es\/?post_type=product&#038;p=114150"},"modified":"2026-03-13T17:15:32","modified_gmt":"2026-03-13T22:15:32","slug":"aki-multipurpose-kids-wordpress-theme","status":"publish","type":"product","link":"https:\/\/gpl-love.com\/es\/producto\/aki-multipurpose-kids-wordpress-theme\/","title":{"rendered":"Aki Multipurpose Kids WordPress Theme 1.3.5"},"content":{"rendered":"<h3>Aki Multipurpose Kids WordPress Theme Caracteristicas<\/h3>\n<p>El tema de WordPress para ni\u00f1os de Aki Multipurpose se presenta como una resoluci\u00f3n adaptable e imaginativa con el fin de elaborar sitios web que satisfacen los intereses de los ni\u00f1os. A trav\u00e9s de su interfaz f\u00e1cil de usar, capacita a las personas que carecen de experiencia t\u00e9cnica para personalizar sin esfuerzo su sitio web y fabricar contenido que sea distintivo y cautivador. Este tema proporciona una variedad de plantillas de p\u00e1gina preconcebidas, as\u00ed como una variedad de widgets modificables, facilitando la creaci\u00f3n de un sitio web que se adapta perfectamente a las exigencias espec\u00edficas de los ni\u00f1os. Adem\u00e1s, este tema cuenta con una variedad de caracter\u00edsticas que abarcan una tipograf\u00eda personalizable, esquemas de color y galer\u00edas de im\u00e1genes avanzadas, asegurando as\u00ed que cada componente del sitio web est\u00e9 meticulosamente dise\u00f1ado. En virtud del tema de WordPress para ni\u00f1os multiprop\u00f3sito de AKI, el proceso de construir un sitio web atractivo e inmersivo dirigido a ni\u00f1os se vuelve notablemente f\u00e1cil.<\/p>\n<ul>\n<li>Un tema vers\u00e1til de WordPress dise\u00f1ado espec\u00edficamente para sitios web para ni\u00f1os y ni\u00f1os.<\/li>\n<li>Viene con plantillas y demostraciones preconstruidas, lo que facilita la configuraci\u00f3n de un sitio web para una guarder\u00eda, jard\u00edn de infantes, escuela o incluso una tienda de ropa para ni\u00f1os.<\/li>\n<li>El dise\u00f1o y las opciones de color personalizables le permiten crear un sitio web \u00fanico que coincida perfectamente con su marca y estilo.<\/li>\n<li>Una interfaz f\u00e1cil de usar facilita la navegaci\u00f3n y administra el contenido de su sitio web.<\/li>\n<li>Incluye integraci\u00f3n con complementos populares como WooCommerce, Contact Form 7 y WPBakery Page Builder.<\/li>\n<li>Construido con la velocidad y el rendimiento en mente, asegurando las cargas de su sitio web de manera r\u00e1pida y sin problemas.<\/li>\n<li>Actualizado regularmente con nuevas funciones y mejoras, para que su sitio web se mantenga actualizado con las \u00faltimas tendencias y tecnolog\u00edas.<\/li>\n<li>Equipo de atenci\u00f3n al cliente dedicado disponible para ayudar con cualquier problema o pregunta que pueda tener.<\/li>\n<li>En general, una soluci\u00f3n integral y conveniente para cualquier persona que busque crear un sitio web profesional y atractivo para ni\u00f1os y ni\u00f1os.<\/li>\n<\/ul>\n","protected":false},"excerpt":{"rendered":"<p>Desatara el verdadero potencial de su sitio web con el tema de WordPress de Aki MultipUrpose Kids, una interfaz vers\u00e1til y f\u00e1cil de usar dise\u00f1ada con los ni\u00f1os en mente. Este tema de WordPress es rico en funciones, con un dise\u00f1o juguet\u00f3n y vibrante que mantiene a los ni\u00f1os comprometidos mientras facilita la navegaci\u00f3n. El tema de AKI es perfecto para sitios web relacionados con la educaci\u00f3n infantil, juguetes, juegos, artesan\u00edas, o cualquier negocio centrado en los ni\u00f1os. Con sus caracter\u00edsticas personalizables, puede adaptar el tema para alinearse con su marca, creando un sitio que sea exclusivamente suyo. El tema tambi\u00e9n garantiza un dise\u00f1o receptivo, asegurando que su sitio se vea genial en todos los dispositivos. Ya sea que sea un desarrollador o un desarrollador experimentado, el tema de WordPress para ni\u00f1os multiprop\u00f3sito de AKI hace que la construcci\u00f3n del sitio sea muy f\u00e1cil. Experimente los beneficios de un tema que es tan divertido como funcional.<\/p>\n","protected":false},"featured_media":165341,"comment_status":"open","ping_status":"open","template":"","meta":[],"product_brand":[2337],"product_cat":[1267,1237,1238],"product_tag":[1391],"class_list":{"0":"post-114150","1":"product","2":"type-product","3":"status-publish","4":"has-post-thumbnail","6":"product_brand-themeforest","7":"product_cat-creativo","8":"product_cat-temas","9":"product_cat-wordpress-temas","10":"product_tag-themeforest","11":"member-discount","12":"discount-restricted","14":"first","15":"instock","16":"sale","17":"downloadable","18":"virtual","19":"sold-individually","20":"purchasable","21":"product-type-simple"},"_links":{"self":[{"href":"https:\/\/gpl-love.com\/es\/wp-json\/wp\/v2\/product\/114150","targetHints":{"allow":["GET"]}}],"collection":[{"href":"https:\/\/gpl-love.com\/es\/wp-json\/wp\/v2\/product"}],"about":[{"href":"https:\/\/gpl-love.com\/es\/wp-json\/wp\/v2\/types\/product"}],"replies":[{"embeddable":true,"href":"https:\/\/gpl-love.com\/es\/wp-json\/wp\/v2\/comments?post=114150"}],"wp:featuredmedia":[{"embeddable":true,"href":"https:\/\/gpl-love.com\/es\/wp-json\/wp\/v2\/media\/165341"}],"wp:attachment":[{"href":"https:\/\/gpl-love.com\/es\/wp-json\/wp\/v2\/media?parent=114150"}],"wp:term":[{"taxonomy":"product_brand","embeddable":true,"href":"https:\/\/gpl-love.com\/es\/wp-json\/wp\/v2\/product_brand?post=114150"},{"taxonomy":"product_cat","embeddable":true,"href":"https:\/\/gpl-love.com\/es\/wp-json\/wp\/v2\/product_cat?post=114150"},{"taxonomy":"product_tag","embeddable":true,"href":"https:\/\/gpl-love.com\/es\/wp-json\/wp\/v2\/product_tag?post=114150"}],"curies":[{"name":"wp","href":"https:\/\/api.w.org\/{rel}","templated":true}]}}