{"id":114146,"date":"2026-03-03T00:00:00","date_gmt":"2026-03-03T05:00:00","guid":{"rendered":"http:\/\/gpl-love.com\/es\/?post_type=product&#038;p=114146"},"modified":"2026-03-13T17:22:56","modified_gmt":"2026-03-13T22:22:56","slug":"jobhunt-job-board-para-wp-job-manager","status":"publish","type":"product","link":"https:\/\/gpl-love.com\/es\/producto\/jobhunt-job-board-para-wp-job-manager\/","title":{"rendered":"Jobhunt Job Board para WP Job Manager 2.0.5"},"content":{"rendered":"<h3>Jobhunt Job Board para WP Job Manager Caracteristicas<\/h3>\n<p>Jobhunt Job Board para WP Job Manager es un complemento incre\u00edblemente potente y multifac\u00e9tico que le otorga la capacidad de crear un tablero de trabajo que sea completamente funcional y operativo en su sitio web de WordPress. Este complemento notable cuenta con una interfaz y caracter\u00edsticas f\u00e1ciles de usar y caracter\u00edsticas que son navegables sin esfuerzo, asegurando que pueda establecer r\u00e1pidamente una junta de trabajo que cautivar\u00e1 y supervisar\u00e1 efectivamente a los solicitantes de empleo y los empleadores. Adem\u00e1s, el complemento es notablemente personalizable, lo que permite una f\u00e1cil adaptaci\u00f3n para satisfacer sus necesidades y preferencias individuales. Este complemento tambi\u00e9n ofrece capacidades avanzadas de b\u00fasqueda y filtrado, facilitando as\u00ed a los solicitantes de empleo para localizar la coincidencia ideal para sus habilidades espec\u00edficas y antecedentes profesionales. Adem\u00e1s, los empleadores pueden publicar listados de trabajo, manejar las solicitudes sin esfuerzo y comunicarse sin problemas con posibles candidatos. En conclusi\u00f3n, la junta de trabajo de Jobhunt para WP Job Manager es una herramienta indispensable para cualquier sitio web que aspira a proporcionar servicios integrales de b\u00fasqueda de empleo y reclutamiento.<\/p>\n<ul>\n<li>Interfaz de tablero de trabajo f\u00e1cil de usar dise\u00f1ada para sitios web de WordPress<\/li>\n<li>Se integra a la perfecci\u00f3n con WP Job Manager, el complemento de tablero de trabajo m\u00e1s popular para WordPress<\/li>\n<li>Opciones para empleadores y solicitantes de empleo, lo que permite un proceso de contrataci\u00f3n integral<\/li>\n<li>Plantillas y dise\u00f1os personalizables para que coincidan con el aspecto de su sitio web<\/li>\n<li>Opciones f\u00e1ciles de b\u00fasqueda y filtrado para que los solicitantes de empleo encuentren su trabajo deseado r\u00e1pidamente<\/li>\n<li>Panel de empleador avanzado que proporciona listados de trabajo detallados y seguimiento de solicitantes<\/li>\n<li>Un dise\u00f1o de tablero de trabajo con el mejor momento de los dispositivos m\u00f3viles para atender a los usuarios m\u00f3viles crecientes<\/li>\n<li>Proceso de presentaci\u00f3n de trabajo f\u00e1cil para empleadores<\/li>\n<li>Listados de trabajo integrales y de b\u00fasqueda para solicitantes de empleo<\/li>\n<li>Acceso a funciones avanzadas como alertas de trabajo, carga CV y \u200b\u200baplicaci\u00f3n de correo electr\u00f3nico<\/li>\n<li>Soporte multiling\u00fce para un alcance m\u00e1s amplio y una mejor experiencia de usuario en su audiencia global.<\/li>\n<\/ul>\n","protected":false},"excerpt":{"rendered":"<p>El JobHunt Job Board, un complemento altamente sofisticado desarrollado espec\u00edficamente para el WP Job Manager, le ofrece la incre\u00edble capacidad de establecer una placa de trabajo integral directamente en su sitio web de WordPress. Al emplear este complemento, puede supervisar sin esfuerzo todos los aspectos de las publicaciones de trabajo, las solicitudes de empleo y los perfiles de candidatos, todos convenientemente accesibles dentro de los confines familiares del tablero de WordPress. Independientemente de si usted es un propietario de una empresa a peque\u00f1a escala o una agencia de reclutamiento destacada, la junta de trabajo de Jobhunt representa la soluci\u00f3n ideal para optimizar su proceso de reclutamiento y identificar efectivamente a los candidatos m\u00e1s excepcionales para sus puestos vacantes. Con su interfaz notablemente f\u00e1cil de usar y caracter\u00edsticas excepcionalmente robustas, la creaci\u00f3n de una placa de trabajo verdaderamente profesional y el establecimiento de conexiones significativas con los solicitantes de empleo de su industria espec\u00edfica nunca se ha logrado sin esfuerzo.<\/p>\n","protected":false},"featured_media":166524,"comment_status":"open","ping_status":"open","template":"","meta":[],"product_brand":[2337],"product_cat":[1267,1237,1238],"product_tag":[1391],"class_list":{"0":"post-114146","1":"product","2":"type-product","3":"status-publish","4":"has-post-thumbnail","6":"product_brand-themeforest","7":"product_cat-creativo","8":"product_cat-temas","9":"product_cat-wordpress-temas","10":"product_tag-themeforest","11":"member-discount","12":"discount-restricted","14":"first","15":"instock","16":"sale","17":"downloadable","18":"virtual","19":"sold-individually","20":"purchasable","21":"product-type-simple"},"_links":{"self":[{"href":"https:\/\/gpl-love.com\/es\/wp-json\/wp\/v2\/product\/114146","targetHints":{"allow":["GET"]}}],"collection":[{"href":"https:\/\/gpl-love.com\/es\/wp-json\/wp\/v2\/product"}],"about":[{"href":"https:\/\/gpl-love.com\/es\/wp-json\/wp\/v2\/types\/product"}],"replies":[{"embeddable":true,"href":"https:\/\/gpl-love.com\/es\/wp-json\/wp\/v2\/comments?post=114146"}],"wp:featuredmedia":[{"embeddable":true,"href":"https:\/\/gpl-love.com\/es\/wp-json\/wp\/v2\/media\/166524"}],"wp:attachment":[{"href":"https:\/\/gpl-love.com\/es\/wp-json\/wp\/v2\/media?parent=114146"}],"wp:term":[{"taxonomy":"product_brand","embeddable":true,"href":"https:\/\/gpl-love.com\/es\/wp-json\/wp\/v2\/product_brand?post=114146"},{"taxonomy":"product_cat","embeddable":true,"href":"https:\/\/gpl-love.com\/es\/wp-json\/wp\/v2\/product_cat?post=114146"},{"taxonomy":"product_tag","embeddable":true,"href":"https:\/\/gpl-love.com\/es\/wp-json\/wp\/v2\/product_tag?post=114146"}],"curies":[{"name":"wp","href":"https:\/\/api.w.org\/{rel}","templated":true}]}}