{"id":114116,"date":"2026-04-16T00:00:00","date_gmt":"2026-04-16T05:00:00","guid":{"rendered":"http:\/\/gpl-love.com\/es\/?post_type=product&#038;p=114116"},"modified":"2026-04-16T17:16:40","modified_gmt":"2026-04-16T22:16:40","slug":"thrive-ovation","status":"publish","type":"product","link":"https:\/\/gpl-love.com\/es\/producto\/thrive-ovation\/","title":{"rendered":"Thrive Ovation 10.8.10"},"content":{"rendered":"<h3>Thrive Ovation Caracteristicas<\/h3>\n<p>La ovaci\u00f3n prosperante, un notable suplemento de crecimiento del cabello, ha sido meticulosamente formulado para estimular el crecimiento del cabello y fortalecer el cabello desde adentro. Hecho a mano con una exquisita amalgamaci\u00f3n de vitaminas, minerales y antioxidantes, esta potente brebaje fomenta colaborativamente fol\u00edculos capilares y circulaci\u00f3n del cuero cabelludo. A trav\u00e9s de una utilizaci\u00f3n constante, este suplemento mitiga eficazmente la p\u00e9rdida de cabello, amplifica la densidad del cabello y optimiza el bienestar general del cabello. Su naturaleza f\u00e1cil de usar permite una incorporaci\u00f3n sin esfuerzo en los reg\u00edmenes diarios del cuidado del cabello, complementando sin problemas un enfoque hol\u00edstico para el mantenimiento del cabello. Ya sea confrontado con el adelgazamiento del cabello o simplemente aspirando a aumentar la vitalidad y el encanto del cabello, la ovaci\u00f3n prospere sin igual como una selecci\u00f3n astuta y juiciosa.<\/p>\n<ul>\n<li>Revitaliza y nutre cabello desde adentro<\/li>\n<li>Promueve un crecimiento saludable del cabello<\/li>\n<li>Fortalece los fol\u00edculos pilosos<\/li>\n<li>Reduce la rotura del cabello y las puntas abiertas<\/li>\n<li>Mejora el brillo y el volumen<\/li>\n<li>Contiene ingredientes totalmente naturales<\/li>\n<li>Seguro para todos los tipos de cabello<\/li>\n<li>F\u00e1cil de usar, solo tome como un suplemento diario<\/li>\n<li>Hecho en los EE. UU. En una instalaci\u00f3n certificada GMP<\/li>\n<li>Garant\u00eda de satisfacci\u00f3n con dinero de 90 d\u00edas.<\/li>\n<\/ul>\n","protected":false},"excerpt":{"rendered":"<p>Thrive Ovation, un suplemento para el cabello de \u00faltima generaci\u00f3n que tiene como objetivo fomentar el crecimiento robusto del cabello y disminuir el desprendimiento del cabello, est\u00e1 meticulosamente elaborado. Este suplemento, que est\u00e1 enriquecido con componentes naturales como biotina, Ashwagandha y Saw Palmetto, proporciona diligentemente alimento a los fol\u00edculos capilares desde adentro, produciendo mechones voluminosos y exuberantes. Al integrar la ovaci\u00f3n de prosperaci\u00f3n en su rutina diaria, puede presenciar una mejora en el bienestar general y el encanto est\u00e9tico de su cabello, d\u00e1ndose cuenta del cabello espl\u00e9ndido y vibrante que ha imaginado perpetuamente.<\/p>\n","protected":false},"featured_media":167810,"comment_status":"open","ping_status":"open","template":"","meta":[],"product_brand":[2579],"product_cat":[1214,1206,1211],"product_tag":[1407],"class_list":{"0":"post-114116","1":"product","2":"type-product","3":"status-publish","4":"has-post-thumbnail","6":"product_brand-thrive-themes","7":"product_cat-personalizacion","8":"product_cat-plugins","9":"product_cat-wordpress-plugins","10":"product_tag-thrive-themes","11":"member-discount","12":"discount-restricted","14":"first","15":"instock","16":"sale","17":"downloadable","18":"virtual","19":"sold-individually","20":"purchasable","21":"product-type-simple"},"_links":{"self":[{"href":"https:\/\/gpl-love.com\/es\/wp-json\/wp\/v2\/product\/114116","targetHints":{"allow":["GET"]}}],"collection":[{"href":"https:\/\/gpl-love.com\/es\/wp-json\/wp\/v2\/product"}],"about":[{"href":"https:\/\/gpl-love.com\/es\/wp-json\/wp\/v2\/types\/product"}],"replies":[{"embeddable":true,"href":"https:\/\/gpl-love.com\/es\/wp-json\/wp\/v2\/comments?post=114116"}],"wp:featuredmedia":[{"embeddable":true,"href":"https:\/\/gpl-love.com\/es\/wp-json\/wp\/v2\/media\/167810"}],"wp:attachment":[{"href":"https:\/\/gpl-love.com\/es\/wp-json\/wp\/v2\/media?parent=114116"}],"wp:term":[{"taxonomy":"product_brand","embeddable":true,"href":"https:\/\/gpl-love.com\/es\/wp-json\/wp\/v2\/product_brand?post=114116"},{"taxonomy":"product_cat","embeddable":true,"href":"https:\/\/gpl-love.com\/es\/wp-json\/wp\/v2\/product_cat?post=114116"},{"taxonomy":"product_tag","embeddable":true,"href":"https:\/\/gpl-love.com\/es\/wp-json\/wp\/v2\/product_tag?post=114116"}],"curies":[{"name":"wp","href":"https:\/\/api.w.org\/{rel}","templated":true}]}}