{"id":114115,"date":"2026-03-27T00:00:00","date_gmt":"2026-03-27T05:00:00","guid":{"rendered":"http:\/\/gpl-love.com\/es\/?post_type=product&#038;p=114115"},"modified":"2026-04-10T11:28:33","modified_gmt":"2026-04-10T16:28:33","slug":"thrive-optimize","status":"publish","type":"product","link":"https:\/\/gpl-love.com\/es\/producto\/thrive-optimize\/","title":{"rendered":"Thrive Optimize 10.8.9.1"},"content":{"rendered":"<h3>Thrive Optimize Caracteristicas<\/h3>\n<p>Thrive Optimize surge como un complemento potente para la optimizaci\u00f3n de la tasa de conversi\u00f3n, lo que permite a los usuarios dise\u00f1ar y evaluar sin esfuerzo m\u00faltiples versiones de las p\u00e1ginas de destino de su sitio web, p\u00e1ginas de ventas y formularios de suscripci\u00f3n. Utilizando su editor de arrastre y ca\u00edda f\u00e1cil de usar, los usuarios pueden generar r\u00e1pidamente iteraciones novedosas de sus p\u00e1ginas, sin necesidad de experiencia en codificaci\u00f3n. Este complemento tambi\u00e9n abarca funcionalidades sofisticadas de focalizaci\u00f3n y segmentaci\u00f3n, lo que permite a los usuarios mostrar variaciones espec\u00edficas a audiencias diversas basadas en factores fundamentales como la ubicaci\u00f3n geogr\u00e1fica, el dispositivo y los patrones de comportamiento. Al ofrecer an\u00e1lisis integrales e informes de pruebas A\/B, Thrive Optimice los usuarios de asistencia a la toma de decisiones informadas basadas en los datos, mejorando as\u00ed la tasa de conversi\u00f3n general de su sitio web. En \u00faltima instancia, esta herramienta que todo lo abarca resulta indispensable para las personas que buscan optimizar la tasa de conversi\u00f3n de su sitio web y al mismo tiempo aumentar sus ingresos comerciales en l\u00ednea.<\/p>\n<ul>\n<li>Un complemento de WordPress que lo ayuda a aumentar las tasas de conversi\u00f3n en su sitio web<\/li>\n<li>Ofrece pruebas A\/B para determinar la efectividad de diferentes opciones de dise\u00f1o de sitios web y contenido<\/li>\n<li>Le permite crear p\u00e1ginas de destino personalizadas y realizar pruebas multivariadas para optimizarlas para mayores conversiones<\/li>\n<li>Se integra f\u00e1cilmente con otros productos de temas de thrive para un conjunto integral de optimizaci\u00f3n de sitios web<\/li>\n<li>Proporciona an\u00e1lisis e informes detallados para ayudarlo a tomar decisiones basadas en datos sobre el dise\u00f1o y el contenido de su sitio web<\/li>\n<li>Se puede usar en cualquier sitio web de WordPress, independientemente del tema o el dise\u00f1o<\/li>\n<li>Viene con una interfaz f\u00e1cil de usar y documentaci\u00f3n detallada para una f\u00e1cil configuraci\u00f3n y uso<\/li>\n<li>Ofrece una variedad de plantillas de dise\u00f1o personalizables para ayudarlo a crear r\u00e1pidamente p\u00e1ginas de destino efectivas y contenido centrado en la conversi\u00f3n<\/li>\n<li>Incluye una biblioteca de botones y formularios de llamadas de acci\u00f3n predise\u00f1ados para alentar a los visitantes del sitio web a tomar medidas<\/li>\n<li>Dise\u00f1ado por expertos en optimizaci\u00f3n de tasa de conversi\u00f3n para proporcionar una herramienta poderosa y efectiva para mejorar el rendimiento del sitio web.<\/li>\n<\/ul>\n","protected":false},"excerpt":{"rendered":"<p>Thrive Optimize, una herramienta incre\u00edblemente robusta para optimizar las conversiones, est\u00e1 espec\u00edficamente dise\u00f1ada para elevar el rendimiento general de su sitio web y aumentar sus ventas. Equipada con capacidades de prueba A\/B de \u00faltima generaci\u00f3n, esta herramienta le permite generar y evaluar varias variantes de p\u00e1gina para determinar qu\u00e9 versi\u00f3n obtiene el mayor n\u00famero de clics, vistas o conversiones. Su interfaz notablemente f\u00e1cil de usar e intuitiva asegura que cualquier persona, independientemente de su nivel de experiencia t\u00e9cnica o perspicacia de programaci\u00f3n, pueda utilizarla con la mayor facilidad. Por lo tanto, si aspira a revolucionar su sitio web en una m\u00e1quina inmensamente efectiva y generadora de ingresos, \u00a1Thrive Optimize innegablemente surge como la soluci\u00f3n ideal para usted!<\/p>\n","protected":false},"featured_media":167809,"comment_status":"open","ping_status":"open","template":"","meta":[],"product_brand":[2579],"product_cat":[1214,1206,1211],"product_tag":[1407],"class_list":{"0":"post-114115","1":"product","2":"type-product","3":"status-publish","4":"has-post-thumbnail","6":"product_brand-thrive-themes","7":"product_cat-personalizacion","8":"product_cat-plugins","9":"product_cat-wordpress-plugins","10":"product_tag-thrive-themes","11":"member-discount","12":"discount-restricted","14":"first","15":"instock","16":"sale","17":"downloadable","18":"virtual","19":"sold-individually","20":"purchasable","21":"product-type-simple"},"_links":{"self":[{"href":"https:\/\/gpl-love.com\/es\/wp-json\/wp\/v2\/product\/114115","targetHints":{"allow":["GET"]}}],"collection":[{"href":"https:\/\/gpl-love.com\/es\/wp-json\/wp\/v2\/product"}],"about":[{"href":"https:\/\/gpl-love.com\/es\/wp-json\/wp\/v2\/types\/product"}],"replies":[{"embeddable":true,"href":"https:\/\/gpl-love.com\/es\/wp-json\/wp\/v2\/comments?post=114115"}],"wp:featuredmedia":[{"embeddable":true,"href":"https:\/\/gpl-love.com\/es\/wp-json\/wp\/v2\/media\/167809"}],"wp:attachment":[{"href":"https:\/\/gpl-love.com\/es\/wp-json\/wp\/v2\/media?parent=114115"}],"wp:term":[{"taxonomy":"product_brand","embeddable":true,"href":"https:\/\/gpl-love.com\/es\/wp-json\/wp\/v2\/product_brand?post=114115"},{"taxonomy":"product_cat","embeddable":true,"href":"https:\/\/gpl-love.com\/es\/wp-json\/wp\/v2\/product_cat?post=114115"},{"taxonomy":"product_tag","embeddable":true,"href":"https:\/\/gpl-love.com\/es\/wp-json\/wp\/v2\/product_tag?post=114115"}],"curies":[{"name":"wp","href":"https:\/\/api.w.org\/{rel}","templated":true}]}}