{"id":114113,"date":"2022-02-25T00:00:00","date_gmt":"2022-02-25T05:00:00","guid":{"rendered":"http:\/\/gpl-love.com\/es\/?post_type=product&#038;p=114113"},"modified":"2026-04-10T11:28:31","modified_gmt":"2026-04-10T16:28:31","slug":"thrive-headline-optimizer","status":"publish","type":"product","link":"https:\/\/gpl-love.com\/es\/producto\/thrive-headline-optimizer\/","title":{"rendered":"Thrive Headline Optimizer 2.3.1"},"content":{"rendered":"<h3>Thrive Headline Optimizer Caracteristicas<\/h3>\n<p>Thrive Headline Optimizer, un complemento de WordPress incre\u00edblemente robusto, demuestra ser un cambio de juego en el aumento del tr\u00e1fico del sitio web, el compromiso y las conversiones a trav\u00e9s de la optimizaci\u00f3n de la copia principal. Esta extraordinaria herramienta examina y disecciona a fondo sus titulares para identificar los m\u00e1s efectivos, present\u00e1ndole informaci\u00f3n y recomendaciones valiosas para mejorar su impacto. Al aprovechar el poder del optimizador de titulares de Thrive, obtiene la capacidad de ejecutar sin esfuerzo pruebas A\/B, monitorear meticulosamente sus resultados y, posteriormente, tomar decisiones informadas y basadas en datos para reforzar su estrategia de contenido. Independientemente de si se identifica como blogger, vendedor o propietario de un negocio, Thrive Headline Optimizer sirve indudablemente como un activo indispensable que, sin duda, puede elevar el rendimiento de su sitio web y permitir el logro de sus objetivos de marketing.<\/p>\n<ul>\n<li>Ayuda a aumentar las tasas de clics optimizando los titulares para su sitio web o blog<\/li>\n<li>Utiliza pruebas A\/B para encontrar el titular m\u00e1s efectivo para su contenido<\/li>\n<li>F\u00e1cil de usar con una interfaz simple e intuitiva<\/li>\n<li>Proporciona an\u00e1lisis y ideas detallados para ayudarlo a tomar decisiones informadas<\/li>\n<li>Admite m\u00faltiples variaciones de titulares para las pruebas<\/li>\n<li>Se puede usar en cualquier sitio web de WordPress con un proceso de instalaci\u00f3n f\u00e1cil<\/li>\n<li>Funciona con constructores de p\u00e1ginas populares como Elementor, Divi y Beaver Builder<\/li>\n<li>Ofrece configuraciones personalizables para usuarios m\u00e1s avanzados<\/li>\n<li>La versi\u00f3n Pro incluye caracter\u00edsticas adicionales como la selecci\u00f3n autom\u00e1tica del ganador, las pruebas de prioridad y m\u00e1s.<\/li>\n<\/ul>\n","protected":false},"excerpt":{"rendered":"<p>El Optimizador de titular de Thrive es una herramienta altamente efectiva que tiene como objetivo maximizar el impacto de sus titulares al ayudarlo a crear titulares que llamen la atenci\u00f3n que generan mayores tasas de clic y niveles de participaci\u00f3n. A trav\u00e9s de la utilizaci\u00f3n de an\u00e1lisis avanzados y pruebas rigurosas, esta poderosa herramienta le permite desarrollar titulares que resuenen profundamente con su p\u00fablico objetivo espec\u00edfico, facilitando en \u00faltima instancia el logro de sus objetivos de marketing en l\u00ednea. Despedirse de los titulares mediocres y marcar el comienzo de una nueva era de contenido de alto rendimiento con las capacidades incomparables del optimizador de titular de Thrive.<\/p>\n","protected":false},"featured_media":167807,"comment_status":"open","ping_status":"open","template":"","meta":[],"product_brand":[2579],"product_cat":[1232,1206,1211],"product_tag":[1407],"class_list":{"0":"post-114113","1":"product","2":"type-product","3":"status-publish","4":"has-post-thumbnail","6":"product_brand-thrive-themes","7":"product_cat-marketing-wordpress-plugins","8":"product_cat-plugins","9":"product_cat-wordpress-plugins","10":"product_tag-thrive-themes","11":"member-discount","12":"discount-restricted","14":"first","15":"instock","16":"sale","17":"downloadable","18":"virtual","19":"sold-individually","20":"purchasable","21":"product-type-simple"},"_links":{"self":[{"href":"https:\/\/gpl-love.com\/es\/wp-json\/wp\/v2\/product\/114113","targetHints":{"allow":["GET"]}}],"collection":[{"href":"https:\/\/gpl-love.com\/es\/wp-json\/wp\/v2\/product"}],"about":[{"href":"https:\/\/gpl-love.com\/es\/wp-json\/wp\/v2\/types\/product"}],"replies":[{"embeddable":true,"href":"https:\/\/gpl-love.com\/es\/wp-json\/wp\/v2\/comments?post=114113"}],"wp:featuredmedia":[{"embeddable":true,"href":"https:\/\/gpl-love.com\/es\/wp-json\/wp\/v2\/media\/167807"}],"wp:attachment":[{"href":"https:\/\/gpl-love.com\/es\/wp-json\/wp\/v2\/media?parent=114113"}],"wp:term":[{"taxonomy":"product_brand","embeddable":true,"href":"https:\/\/gpl-love.com\/es\/wp-json\/wp\/v2\/product_brand?post=114113"},{"taxonomy":"product_cat","embeddable":true,"href":"https:\/\/gpl-love.com\/es\/wp-json\/wp\/v2\/product_cat?post=114113"},{"taxonomy":"product_tag","embeddable":true,"href":"https:\/\/gpl-love.com\/es\/wp-json\/wp\/v2\/product_tag?post=114113"}],"curies":[{"name":"wp","href":"https:\/\/api.w.org\/{rel}","templated":true}]}}