{"id":114111,"date":"2026-03-27T00:00:00","date_gmt":"2026-03-27T05:00:00","guid":{"rendered":"http:\/\/gpl-love.com\/es\/?post_type=product&#038;p=114111"},"modified":"2026-03-27T11:16:11","modified_gmt":"2026-03-27T16:16:11","slug":"thrive-comments","status":"publish","type":"product","link":"https:\/\/gpl-love.com\/es\/producto\/thrive-comments\/","title":{"rendered":"Thrive Comments 10.8.9.1"},"content":{"rendered":"<h3>Thrive Comments Caracteristicas<\/h3>\n<p>Thrive Comments es una herramienta de software avanzada y de vanguardia que ha sido meticulosamente dise\u00f1ada para ayudar a los propietarios y bloggers de sitios web a administrar e involucrarse de manera efectiva con los comentarios de su audiencia. Poseer una interfaz intuitiva y con una amplia gama de caracter\u00edsticas, esta herramienta revolucionaria simplifica el proceso de moderaci\u00f3n de comentarios, otorgando a los usuarios la capacidad de aprobar, rechazar o marcar mensajes de manera r\u00e1pida en funci\u00f3n de su pertinencia y precisi\u00f3n. Adem\u00e1s, Thrive Comments ofrece un conjunto extremadamente potente de herramientas de compromiso, que abarca a los gustos y votaci\u00f3n de votaci\u00f3n, clasificaci\u00f3n de comentarios y intercambio social, todo lo cual es primordial para cultivar un sentido de comunidad centrado en el contenido de uno. En esencia, Thrive Commentars se destaca como una herramienta indispensable para cualquier persona que aspira a aumentar el nivel de compromiso en su sitio web y fomentar la aparici\u00f3n de una comunidad m\u00e1s exuberante y activa de lectores y seguidores.<\/p>\n<ul>\n<li>Sistema de comentarios revolucionario para sitios web y blogs<\/li>\n<li>Poderosas herramientas de moderaci\u00f3n para administrar comentarios y proteger contra el spam<\/li>\n<li>Dise\u00f1o y marca personalizables para integrarse sin problemas con su sitio<\/li>\n<li>Capacidad para fomentar el compromiso e impulsar el tr\u00e1fico con caracter\u00edsticas como votaci\u00f3n y intercambio social<\/li>\n<li>Interfaz f\u00e1cil de usar tanto para administradores como comentaristas<\/li>\n<li>Integraci\u00f3n perfecta con plataformas populares como WordPress y Shopify<\/li>\n<li>An\u00e1lisis robusto e informes para rastrear la participaci\u00f3n e identificar las tendencias<\/li>\n<li>Equipo de soporte dedicado y recursos para garantizar un rendimiento y un \u00e9xito \u00f3ptimos.<\/li>\n<\/ul>\n","protected":false},"excerpt":{"rendered":"<p>Thrive Comments es un complemento incre\u00edblemente robusto y din\u00e1mico dise\u00f1ado espec\u00edficamente para WordPress que le otorga la notable capacidad de generar comentarios y comentarios altamente atractivos y estimulantes en su estimado sitio web o blog bien elaborado. Esta herramienta excepcional cuenta con una interfaz excepcionalmente f\u00e1cil de usar, lo que le permite a formularios de comentarios a medida sin esfuerzo, personalizar meticulosamente las notificaciones de comentarios y regular y supervisar con habilidad los comentarios con la mayor comodidad y competencia. Adem\u00e1s, cuenta con una variedad de caracter\u00edsticas de participaci\u00f3n inmensamente potentes, incluida la capacidad de participar tanto en votaci\u00f3n como en votaci\u00f3n, adem\u00e1s de participar en comentarios enhebrados, todo lo cual contribuye efectivamente a fomentar un entorno de conversaci\u00f3n cautivador e inmersivo que logra de manera indiscutible que logra absorber su agrupaci\u00f3n Estimado audiencia e impulsar un aumento insondable de tr\u00e1fico a su sitio web excepcionalmente dise\u00f1ado.<\/p>\n","protected":false},"featured_media":167806,"comment_status":"open","ping_status":"open","template":"","meta":[],"product_brand":[2579],"product_cat":[1214,1206,1211],"product_tag":[1407],"class_list":{"0":"post-114111","1":"product","2":"type-product","3":"status-publish","4":"has-post-thumbnail","6":"product_brand-thrive-themes","7":"product_cat-personalizacion","8":"product_cat-plugins","9":"product_cat-wordpress-plugins","10":"product_tag-thrive-themes","11":"member-discount","12":"discount-restricted","14":"first","15":"instock","16":"sale","17":"downloadable","18":"virtual","19":"sold-individually","20":"purchasable","21":"product-type-simple"},"_links":{"self":[{"href":"https:\/\/gpl-love.com\/es\/wp-json\/wp\/v2\/product\/114111","targetHints":{"allow":["GET"]}}],"collection":[{"href":"https:\/\/gpl-love.com\/es\/wp-json\/wp\/v2\/product"}],"about":[{"href":"https:\/\/gpl-love.com\/es\/wp-json\/wp\/v2\/types\/product"}],"replies":[{"embeddable":true,"href":"https:\/\/gpl-love.com\/es\/wp-json\/wp\/v2\/comments?post=114111"}],"wp:featuredmedia":[{"embeddable":true,"href":"https:\/\/gpl-love.com\/es\/wp-json\/wp\/v2\/media\/167806"}],"wp:attachment":[{"href":"https:\/\/gpl-love.com\/es\/wp-json\/wp\/v2\/media?parent=114111"}],"wp:term":[{"taxonomy":"product_brand","embeddable":true,"href":"https:\/\/gpl-love.com\/es\/wp-json\/wp\/v2\/product_brand?post=114111"},{"taxonomy":"product_cat","embeddable":true,"href":"https:\/\/gpl-love.com\/es\/wp-json\/wp\/v2\/product_cat?post=114111"},{"taxonomy":"product_tag","embeddable":true,"href":"https:\/\/gpl-love.com\/es\/wp-json\/wp\/v2\/product_tag?post=114111"}],"curies":[{"name":"wp","href":"https:\/\/api.w.org\/{rel}","templated":true}]}}