{"id":114109,"date":"2022-02-25T00:00:00","date_gmt":"2022-02-25T05:00:00","guid":{"rendered":"http:\/\/gpl-love.com\/es\/?post_type=product&#038;p=114109"},"modified":"2026-04-10T11:28:29","modified_gmt":"2026-04-10T16:28:29","slug":"thrive-clever-widgets","status":"publish","type":"product","link":"https:\/\/gpl-love.com\/es\/producto\/thrive-clever-widgets\/","title":{"rendered":"Thrive Clever Widgets 2.9.1"},"content":{"rendered":"<h3>Thrive Clever Widgets Caracteristicas<\/h3>\n<p>Thrive Clever Widgets es una herramienta incre\u00edblemente potente que proporciona una inmensa asistencia a los propietarios de sitios web en su b\u00fasqueda para mejorar la participaci\u00f3n del usuario, amplificar las tasas de conversi\u00f3n y fortalecer su lista de correo electr\u00f3nico. Este complemento extraordinario presenta una extensa variedad de widgets que poseen la capacidad de ser personalizados y poseer una naturaleza cautivadora, lo que les permite incorporar a la perfecci\u00f3n en cualquier sitio de WordPress. Estos widgets abarcan una amplia gama de funcionalidades, como temporizadores de cuenta regresiva, barras din\u00e1micas y secciones testimoniales que pueden adaptarse de acuerdo con las preferencias individuales. Uno de los aspectos m\u00e1s notables de los widgets inteligentes de prosperaci\u00f3n radica en su capacidad de exhibir contenido que sea pertinente para los visitantes, en funci\u00f3n de sus comportamientos espec\u00edficos. Por ejemplo, los clientes que regresan pueden exponerse a ofertas exclusivas, mientras que los visitantes por primera vez pueden encontrar un formulario de registro atractivo. Adem\u00e1s, el complemento se enriquece a\u00fan m\u00e1s con caracter\u00edsticas de orientaci\u00f3n avanzadas, lo que permite a los usuarios mostrar widgets de acuerdo con p\u00e1ginas, categor\u00edas, etiquetas y varios otros criterios particulares. Con la utilizaci\u00f3n de Widgets de Thrive Clever, los propietarios de sitios web pueden establecer sin esfuerzo una experiencia de usuario inmersiva y cautivadora, al tiempo que ampl\u00edan su audiencia, todo con un esfuerzo m\u00ednimo.<\/p>\n<ul>\n<li>Widgets interactivos dise\u00f1ados para aumentar el compromiso y las conversiones en su sitio web<\/li>\n<li>Personalizar widgets basados \u200b\u200ben el comportamiento y las preferencias del usuario<\/li>\n<li>Interfaz de arrastrar y soltar f\u00e1ciles de usar para la creaci\u00f3n y personalizaci\u00f3n de los widgets<\/li>\n<li>Dise\u00f1os personalizables que coinciden con la marca y el estilo de su sitio web<\/li>\n<li>Admite m\u00faltiples tipos de widgets, incluidos temporizadores de cuenta regresiva, formularios de opci\u00f3n, notificaciones de prueba social y m\u00e1s<\/li>\n<li>An\u00e1lisis en tiempo real y seguimiento de datos para monitorear el rendimiento de los widgets y tomar decisiones basadas en datos<\/li>\n<li>Se integra a la perfecci\u00f3n con las populares plataformas de marketing por correo electr\u00f3nico y CRM<\/li>\n<li>El dise\u00f1o receptivo garantiza que los widgets se muestren correctamente en todos los dispositivos y tama\u00f1os de pantalla<\/li>\n<li>Capacidades de prueba A\/B para optimizar el rendimiento del widgets y maximizar los resultados<\/li>\n<li>Atenci\u00f3n al cliente r\u00e1pida y confiable del equipo Thrive.<\/li>\n<\/ul>\n","protected":false},"excerpt":{"rendered":"<p>TRIVE CLEVER Widgets, un complemento muy robusto y eficiente, ofrece a los usuarios la notable capacidad de producir contenido cautivador y visualmente atractivo dentro de un marco de tiempo notablemente breve. Con una extensa colecci\u00f3n de m\u00e1s de 60 widgets exquisitamente dise\u00f1ados, este complemento proporciona una soluci\u00f3n sencilla y rentable para personalizar sitios web. Ya sea que necesite la inclusi\u00f3n de formularios de opci\u00f3n o tablas de precios, temporizadores de cuenta regresiva o testimonios, este complemento satisface todas sus necesidades y deseos. Adem\u00e1s, su interfaz de arrastrar y soltar f\u00e1cilmente de usuario, junto con una amplia gama de opciones de personalizaci\u00f3n, le empodera a generar widgets atractivos e interactivos sin esfuerzo. Estos widgets poseen el potencial para mejorar sustancialmente los niveles de participaci\u00f3n de su sitio web y fortalecer sus esfuerzos de generaci\u00f3n de leads. Adem\u00e1s, el complemento se integra perfectamente con varias herramientas de marketing destacadas, lo que le permite impulsar su negocio a nuevas alturas con solo clic de un bot\u00f3n. \u00a1Da el paso decisivo para elevar tu presencia en l\u00ednea y adquirir thrive Widgets inteligente hoy para presenciar la notable transformaci\u00f3n que puede traer!<\/p>\n","protected":false},"featured_media":167805,"comment_status":"open","ping_status":"open","template":"","meta":[],"product_brand":[2579],"product_cat":[1214,1206,1211],"product_tag":[1407],"class_list":{"0":"post-114109","1":"product","2":"type-product","3":"status-publish","4":"has-post-thumbnail","6":"product_brand-thrive-themes","7":"product_cat-personalizacion","8":"product_cat-plugins","9":"product_cat-wordpress-plugins","10":"product_tag-thrive-themes","11":"member-discount","12":"discount-restricted","14":"first","15":"instock","16":"sale","17":"downloadable","18":"virtual","19":"sold-individually","20":"purchasable","21":"product-type-simple"},"_links":{"self":[{"href":"https:\/\/gpl-love.com\/es\/wp-json\/wp\/v2\/product\/114109","targetHints":{"allow":["GET"]}}],"collection":[{"href":"https:\/\/gpl-love.com\/es\/wp-json\/wp\/v2\/product"}],"about":[{"href":"https:\/\/gpl-love.com\/es\/wp-json\/wp\/v2\/types\/product"}],"replies":[{"embeddable":true,"href":"https:\/\/gpl-love.com\/es\/wp-json\/wp\/v2\/comments?post=114109"}],"wp:featuredmedia":[{"embeddable":true,"href":"https:\/\/gpl-love.com\/es\/wp-json\/wp\/v2\/media\/167805"}],"wp:attachment":[{"href":"https:\/\/gpl-love.com\/es\/wp-json\/wp\/v2\/media?parent=114109"}],"wp:term":[{"taxonomy":"product_brand","embeddable":true,"href":"https:\/\/gpl-love.com\/es\/wp-json\/wp\/v2\/product_brand?post=114109"},{"taxonomy":"product_cat","embeddable":true,"href":"https:\/\/gpl-love.com\/es\/wp-json\/wp\/v2\/product_cat?post=114109"},{"taxonomy":"product_tag","embeddable":true,"href":"https:\/\/gpl-love.com\/es\/wp-json\/wp\/v2\/product_tag?post=114109"}],"curies":[{"name":"wp","href":"https:\/\/api.w.org\/{rel}","templated":true}]}}