{"id":114086,"date":"2026-01-28T00:00:00","date_gmt":"2026-01-28T05:00:00","guid":{"rendered":"http:\/\/gpl-love.com\/es\/?post_type=product&#038;p=114086"},"modified":"2026-03-09T07:41:25","modified_gmt":"2026-03-09T12:41:25","slug":"gravityview-math","status":"publish","type":"product","link":"https:\/\/gpl-love.com\/es\/producto\/gravityview-math\/","title":{"rendered":"Gravity View Math 2.1"},"content":{"rendered":"<h3>Gravity View Math Caracteristicas<\/h3>\n<p>Gravity View Math es una herramienta incre\u00edblemente robusta y efectiva que ofrece a los usuarios la capacidad de calcular y mostrar sin esfuerzo ecuaciones y f\u00f3rmulas matem\u00e1ticas directamente dentro de sus formas de gravedad. Este complemento excepcional permite a las personas generar c\u00e1lculos intrincados que se integran sin problemas con sus formularios, proporcion\u00e1ndoles as\u00ed la autoridad completa y la supervisi\u00f3n sobre los datos invaluables que recopilan. Ya sea que se encuentre con la necesidad de determinar el impuesto sobre las ventas, los gastos de env\u00edo o cualquier otra variedad de f\u00f3rmula matem\u00e1tica, descansa tranquilo sabiendo que las matem\u00e1ticas de la visi\u00f3n de la gravedad poseen la capacidad de manejar sin problemas todos estos intrincados c\u00e1lculos. Adem\u00e1s, esta herramienta excepcional es f\u00e1cil de usar, totalmente personalizable y cuenta con una precisi\u00f3n inigualable, simplificando efectivamente todo el proceso de recopilaci\u00f3n de datos. En consecuencia, si est\u00e1 buscando sinceramente un enfoque confiable y eficiente para gestionar sus c\u00e1lculos matem\u00e1ticos dentro de las formas de gravedad, entonces su b\u00fasqueda concluye con la funcionalidad y capacidades incomparables presentadas por nada menos que las matem\u00e1ticas de vista por gravedad.<\/p>\n<ul>\n<li>Calcule r\u00e1pidamente las funciones matem\u00e1ticas con facilidad<\/li>\n<li>Interfaz simple e intuitiva<\/li>\n<li>Admite funciones matem\u00e1ticas est\u00e1ndar como suma, resta, multiplicaci\u00f3n y divisi\u00f3n<\/li>\n<li>Caracter\u00edsticas avanzadas como trigonometr\u00eda, logaritmos y ra\u00edces cuadradas incluidas<\/li>\n<li>Opci\u00f3n para guardar y exportar c\u00e1lculos para referencia futura<\/li>\n<li>Ideal para estudiantes, profesionales y cualquier persona que necesite realizar c\u00e1lculos matem\u00e1ticos r\u00e1pidos<\/li>\n<li>Compatible con los sistemas operativos de Windows y Mac<\/li>\n<li>Actualizaciones de por vida y atenci\u00f3n al cliente dedicada proporcionadas para los usuarios<\/li>\n<li>Ahorra tiempo y aumenta la productividad al eliminar la necesidad de c\u00e1lculos manuales<\/li>\n<li>Configuraciones f\u00e1ciles de usar y personalizables para que coincidan con las preferencias individuales.<\/li>\n<\/ul>\n","protected":false},"excerpt":{"rendered":"<p>Presentamos las notables matem\u00e1ticas de vista por gravedad: \u00a1una soluci\u00f3n extraordinaria dise\u00f1ada para satisfacer las necesidades de los \u00e1vidos entusiastas de las matem\u00e1ticas! Armados con esta herramienta incre\u00edblemente robusta, los individuos pueden ingresar expresiones matem\u00e1ticas intrincadas sin problemas y sin esfuerzo, obteniendo posteriormente soluciones altamente meticulosas y precisas en cuesti\u00f3n de segundos. Independientemente de si te encuentras en el lugar de un estudiante diligente, un maestro erudito, un ingeniero competente o un matem\u00e1tico consumado, tenga la seguridad de que la visi\u00f3n de la gravedad, las matem\u00e1ticas son el instrumento por excelencia que racionalizar\u00e1 sin esfuerzo todos tus c\u00e1lculos, lo que les pone un absoluto. brisa. Entonces, \u00bfpor qu\u00e9 demorarse m\u00e1s? No pierda m\u00e1s tiempo y adquiere r\u00e1pidamente las matem\u00e1ticas de la vista por gravedad hoy, sumergi\u00e9ndose en el poder insondable y la comodidad incomparable de la computaci\u00f3n matem\u00e1tica como nunca antes hab\u00eda experimentado.<\/p>\n","protected":false},"featured_media":166380,"comment_status":"open","ping_status":"open","template":"","meta":[],"product_brand":[2472],"product_cat":[1214,1206,1211],"product_tag":[1304],"class_list":{"0":"post-114086","1":"product","2":"type-product","3":"status-publish","4":"has-post-thumbnail","6":"product_brand-gravityview","7":"product_cat-personalizacion","8":"product_cat-plugins","9":"product_cat-wordpress-plugins","10":"product_tag-gravityview","11":"member-discount","12":"discount-restricted","14":"first","15":"instock","16":"sale","17":"downloadable","18":"virtual","19":"sold-individually","20":"purchasable","21":"product-type-simple"},"_links":{"self":[{"href":"https:\/\/gpl-love.com\/es\/wp-json\/wp\/v2\/product\/114086","targetHints":{"allow":["GET"]}}],"collection":[{"href":"https:\/\/gpl-love.com\/es\/wp-json\/wp\/v2\/product"}],"about":[{"href":"https:\/\/gpl-love.com\/es\/wp-json\/wp\/v2\/types\/product"}],"replies":[{"embeddable":true,"href":"https:\/\/gpl-love.com\/es\/wp-json\/wp\/v2\/comments?post=114086"}],"wp:featuredmedia":[{"embeddable":true,"href":"https:\/\/gpl-love.com\/es\/wp-json\/wp\/v2\/media\/166380"}],"wp:attachment":[{"href":"https:\/\/gpl-love.com\/es\/wp-json\/wp\/v2\/media?parent=114086"}],"wp:term":[{"taxonomy":"product_brand","embeddable":true,"href":"https:\/\/gpl-love.com\/es\/wp-json\/wp\/v2\/product_brand?post=114086"},{"taxonomy":"product_cat","embeddable":true,"href":"https:\/\/gpl-love.com\/es\/wp-json\/wp\/v2\/product_cat?post=114086"},{"taxonomy":"product_tag","embeddable":true,"href":"https:\/\/gpl-love.com\/es\/wp-json\/wp\/v2\/product_tag?post=114086"}],"curies":[{"name":"wp","href":"https:\/\/api.w.org\/{rel}","templated":true}]}}