{"id":114055,"date":"2022-02-08T00:00:00","date_gmt":"2022-02-08T05:00:00","guid":{"rendered":"http:\/\/gpl-love.com\/es\/?post_type=product&#038;p=114055"},"modified":"2026-03-09T07:15:30","modified_gmt":"2026-03-09T12:15:30","slug":"ad-inserter-pro-wordpress-ads-plugin","status":"publish","type":"product","link":"https:\/\/gpl-love.com\/es\/producto\/ad-inserter-pro-wordpress-ads-plugin\/","title":{"rendered":"Ad Inserter Pro WordPress Ads Plugin 2.7.11"},"content":{"rendered":"<h3>Ad Inserter Pro WordPress Ads Plugin Caracteristicas<\/h3>\n<p>El complemento AD Inserter Pro WordPress ADS es una herramienta incre\u00edblemente poderosa que proporciona a los usuarios la capacidad de insertar anuncios sin esfuerzo en sus sitios web de WordPress. Este complemento altamente eficiente cuenta con una interfaz f\u00e1cil de usar, por lo que es muy f\u00e1cil monetizar su sitio colocando estrat\u00e9gicamente anuncios en numerosas ubicaciones. Estas ubicaciones incluyen, pero no se limitan, antes o despu\u00e9s del contenido, en medio de las publicaciones e incluso dentro de las secciones de encabezado o pie de p\u00e1gina de su sitio web. La verdadera fuerza de Ad Inserter Pro radica en su notable personalizaci\u00f3n. Los usuarios tienen la capacidad de crear bloques de anuncios adaptados a sus necesidades y deseos espec\u00edficos. Esto incluye la capacidad de establecer frecuencias de visualizaci\u00f3n y apuntar a visitantes particulares. Adem\u00e1s, el complemento ofrece una variedad de caracter\u00edsticas avanzadas que seguramente impresionar\u00e1n. Estas caracter\u00edsticas incluyen pruebas A\/B, capacidades de rotaci\u00f3n de anuncios e integraci\u00f3n perfecta con Google Adsense. Si se encuentra en busca de una soluci\u00f3n confiable y efectiva para administrar los anuncios de su sitio web, no busque m\u00e1s que Ad Inserter Pro. Tenga la seguridad de que este complemento excepcional es, sin duda, una opci\u00f3n excepcional.<\/p>\n<ul>\n<li>Le ayuda a monetizar su sitio web de WordPress insertando anuncios<\/li>\n<li>Opciones de colocaci\u00f3n de anuncios f\u00e1ciles y personalizables<\/li>\n<li>Admite varias redes y formatos publicitarios, incluidos Google Adsense y Amazon ADS<\/li>\n<li>Capacidad para crear bloques de anuncios para la colocaci\u00f3n de anuncios espec\u00edficos<\/li>\n<li>Proporciona opciones para ocultar anuncios de ciertos usuarios, publicaciones o p\u00e1ginas<\/li>\n<li>Opciones avanzadas de inyecci\u00f3n de anuncios, incluida la orientaci\u00f3n por categor\u00eda o etiquetas<\/li>\n<li>Incluye soporte para la colocaci\u00f3n de anuncios AMP (p\u00e1ginas m\u00f3viles aceleradas)<\/li>\n<li>Le permite programar anuncios para tiempos y fechas espec\u00edficas<\/li>\n<li>Proporciona estad\u00edsticas de anuncios detalladas e informes para ayudar a optimizar sus ingresos por anuncios<\/li>\n<\/ul>\n","protected":false},"excerpt":{"rendered":"<p>Ad Inserter Pro para WordPress es un complemento de publicidad din\u00e1mico dise\u00f1ado espec\u00edficamente para la integraci\u00f3n de anuncios sin esfuerzo en WordPress. Esta herramienta robusta es perfecta para bloggers, vendedores y propietarios de sitios web que buscan monetizar sus sitios web. Ad Inserter Pro ofrece una variedad de opciones adaptables para estrategias de colocaci\u00f3n de anuncios, lo que garantiza que la focalizaci\u00f3n de anuncios se adapte a varios criterios, como el tipo de dispositivo y la ubicaci\u00f3n geogr\u00e1fica.<\/p>\n<p>Adem\u00e1s, AD Inserter Pro es la soluci\u00f3n por excelencia para diferentes tipos de dispositivos, que proporciona una forma \u00fanica de administrar y mostrar anuncios basados \u200b\u200ben el dispositivo del usuario. Con su orientaci\u00f3n geogr\u00e1fica de anuncios, tambi\u00e9n puede asegurarse de que sus anuncios lleguen a la audiencia correcta, sin importar d\u00f3nde se encuentren.<\/p>\n<p>Pero las caracter\u00edsticas no se detienen all\u00ed. Este complemento de publicidad din\u00e1mica tambi\u00e9n incluye funciones de programaci\u00f3n de anuncios, lo que le permite decidir cu\u00e1ndo y d\u00f3nde aparecer\u00e1n sus anuncios. Junto con las opciones de rotaci\u00f3n de anuncios, AD Inserter Pro garantiza que sus anuncios siempre sean frescos y atractivos, optimizando su rendimiento y sus ingresos potenciales.<\/p>\n<p>\u00bfPreocupado por los bloqueadores de anuncios? Anuncio<\/p>\n","protected":false},"featured_media":165255,"comment_status":"open","ping_status":"open","template":"","meta":[],"product_brand":[2339],"product_cat":[1232,1206,1211],"product_tag":[1256],"class_list":{"0":"post-114055","1":"product","2":"type-product","3":"status-publish","4":"has-post-thumbnail","6":"product_brand-codecanyon","7":"product_cat-marketing-wordpress-plugins","8":"product_cat-plugins","9":"product_cat-wordpress-plugins","10":"product_tag-codecanyon","11":"member-discount","12":"discount-restricted","14":"first","15":"instock","16":"sale","17":"downloadable","18":"virtual","19":"sold-individually","20":"purchasable","21":"product-type-simple"},"_links":{"self":[{"href":"https:\/\/gpl-love.com\/es\/wp-json\/wp\/v2\/product\/114055","targetHints":{"allow":["GET"]}}],"collection":[{"href":"https:\/\/gpl-love.com\/es\/wp-json\/wp\/v2\/product"}],"about":[{"href":"https:\/\/gpl-love.com\/es\/wp-json\/wp\/v2\/types\/product"}],"replies":[{"embeddable":true,"href":"https:\/\/gpl-love.com\/es\/wp-json\/wp\/v2\/comments?post=114055"}],"wp:featuredmedia":[{"embeddable":true,"href":"https:\/\/gpl-love.com\/es\/wp-json\/wp\/v2\/media\/165255"}],"wp:attachment":[{"href":"https:\/\/gpl-love.com\/es\/wp-json\/wp\/v2\/media?parent=114055"}],"wp:term":[{"taxonomy":"product_brand","embeddable":true,"href":"https:\/\/gpl-love.com\/es\/wp-json\/wp\/v2\/product_brand?post=114055"},{"taxonomy":"product_cat","embeddable":true,"href":"https:\/\/gpl-love.com\/es\/wp-json\/wp\/v2\/product_cat?post=114055"},{"taxonomy":"product_tag","embeddable":true,"href":"https:\/\/gpl-love.com\/es\/wp-json\/wp\/v2\/product_tag?post=114055"}],"curies":[{"name":"wp","href":"https:\/\/api.w.org\/{rel}","templated":true}]}}