{"id":114053,"date":"2022-04-09T00:00:00","date_gmt":"2022-04-09T05:00:00","guid":{"rendered":"http:\/\/gpl-love.com\/es\/?post_type=product&#038;p=114053"},"modified":"2026-03-13T17:16:00","modified_gmt":"2026-03-13T22:16:00","slug":"atelier-creative-multi-purpose-ecommerce-theme","status":"publish","type":"product","link":"https:\/\/gpl-love.com\/es\/producto\/atelier-creative-multi-purpose-ecommerce-theme\/","title":{"rendered":"Atelier Creative Multi-Purpose eCommerce Theme 2.8.0"},"content":{"rendered":"<h3>Atelier Creative Multi-Purpose eCommerce Theme Caracteristicas<\/h3>\n<p>El tema de comercio electr\u00f3nico multiprop\u00f3sito Atelier Creative cuenta con una impresionante variedad de caracter\u00edsticas robustas y un alto grado de adaptabilidad, lo que lo convierte en una herramienta invaluable para construir tiendas en l\u00ednea de primer nivel de un calibre profesional. Sus sofisticadas funcionalidades y su interfaz f\u00e1cil de usar sinergia armoniosamente, facilitando la creaci\u00f3n sin esfuerzo de p\u00e1ginas de productos personalizadas, carros de compras y procesos de pago simplificados que indudablemente resonar\u00e1 con su grupo demogr\u00e1fico objetivo. Independientemente de si est\u00e1 vendiendo bienes tangibles, descargas digitales o servicios, este tema le proporciona todos los instrumentos necesarios para exhibir sus ofertas de una manera est\u00e9ticamente cautivadora y sin esfuerzo navegable. Adem\u00e1s, debido a su dise\u00f1o receptivo y su compatibilidad perfecta con plataformas prominentes de comercio electr\u00f3nico como WooCommerce, el tema creativo de Atelier garantiza que su tienda presumir\u00e1 una apariencia impecable y funcionar\u00e1 perfectamente en cualquier dispositivo, asegurando una experiencia de usuario \u00f3ptima en todos los \u00e1mbitos. Por lo tanto, si aspira a ascender a nuevas alturas con su empresa en l\u00ednea, el tema de comercio electr\u00f3nico multiprop\u00f3sito creativo de Atelier crea como la soluci\u00f3n definitiva que saciar\u00e1 su b\u00fasqueda de excelencia.<\/p>\n<ul>\n<li>Un tema de comercio electr\u00f3nico moderno y vers\u00e1til que se puede utilizar para varios tipos de tiendas en l\u00ednea.<\/li>\n<li>Viene con un dise\u00f1o limpio y profesional que es totalmente personalizable.<\/li>\n<li>F\u00e1cil de usar y se puede configurar r\u00e1pidamente, incluso si no tiene ning\u00fan conocimiento de codificaci\u00f3n.<\/li>\n<li>Cuenta con un constructor de p\u00e1ginas de arrastrar y soltar que le permite crear dise\u00f1os y dise\u00f1os \u00fanicos.<\/li>\n<li>Viene con una gama de plantillas y dise\u00f1os preconstruidos que se pueden personalizar para adaptarse a su marca.<\/li>\n<li>Admite varios complementos y extensiones para mejorar la funcionalidad y la experiencia del usuario.<\/li>\n<li>SEO optimizado para ayudar a su tienda a clasificar m\u00e1s alto en los resultados del motor de b\u00fasqueda.<\/li>\n<li>Integrado con las pasarelas de pago populares y los proveedores de env\u00edo para transacciones f\u00e1ciles y gesti\u00f3n de env\u00edos.<\/li>\n<li>Proporciona una excelente atenci\u00f3n al cliente y actualizaciones regulares para garantizar la compatibilidad con las \u00faltimas versiones de WordPress y complementos.<\/li>\n<\/ul>\n","protected":false},"excerpt":{"rendered":"<p>Atelier es un tema de comercio electr\u00f3nico multiprop\u00f3sito vers\u00e1til y creativo que transforma su sitio web en una tienda din\u00e1mica en l\u00ednea. Ingementista para adaptabilidad, Atelier le permite adaptar su plataforma para satisfacer sus necesidades comerciales, ya sea que est\u00e9 ofreciendo productos f\u00edsicos, descargas digitales o servicios. Este tema de comercio electr\u00f3nico est\u00e1 dise\u00f1ado con una est\u00e9tica elegante y moderna que atrae sin esfuerzo a los clientes potenciales. Con una interfaz f\u00e1cil de usar y una navegaci\u00f3n intuitiva, Atelier hace que las compras en l\u00ednea sean f\u00e1cilmente, mejorando la experiencia del cliente y maximizando el compromiso. Adem\u00e1s, este tema de comercio electr\u00f3nico multiprop\u00f3sito es totalmente personalizable, lo que le permite establecer una identidad de marca \u00fanica y destacar de la competencia. Ya sea que sea una startup o un negocio establecido, Atelier ofrece una soluci\u00f3n de vanguardia para impulsar su \u00e9xito de comercio electr\u00f3nico.<\/p>\n","protected":false},"featured_media":165404,"comment_status":"open","ping_status":"open","template":"","meta":[],"product_brand":[2337],"product_cat":[1239,1237,1238],"product_tag":[1391],"class_list":{"0":"post-114053","1":"product","2":"type-product","3":"status-publish","4":"has-post-thumbnail","6":"product_brand-themeforest","7":"product_cat-de-multiples-fines","8":"product_cat-temas","9":"product_cat-wordpress-temas","10":"product_tag-themeforest","11":"member-discount","12":"discount-restricted","14":"first","15":"instock","16":"sale","17":"downloadable","18":"virtual","19":"sold-individually","20":"purchasable","21":"product-type-simple"},"_links":{"self":[{"href":"https:\/\/gpl-love.com\/es\/wp-json\/wp\/v2\/product\/114053","targetHints":{"allow":["GET"]}}],"collection":[{"href":"https:\/\/gpl-love.com\/es\/wp-json\/wp\/v2\/product"}],"about":[{"href":"https:\/\/gpl-love.com\/es\/wp-json\/wp\/v2\/types\/product"}],"replies":[{"embeddable":true,"href":"https:\/\/gpl-love.com\/es\/wp-json\/wp\/v2\/comments?post=114053"}],"wp:featuredmedia":[{"embeddable":true,"href":"https:\/\/gpl-love.com\/es\/wp-json\/wp\/v2\/media\/165404"}],"wp:attachment":[{"href":"https:\/\/gpl-love.com\/es\/wp-json\/wp\/v2\/media?parent=114053"}],"wp:term":[{"taxonomy":"product_brand","embeddable":true,"href":"https:\/\/gpl-love.com\/es\/wp-json\/wp\/v2\/product_brand?post=114053"},{"taxonomy":"product_cat","embeddable":true,"href":"https:\/\/gpl-love.com\/es\/wp-json\/wp\/v2\/product_cat?post=114053"},{"taxonomy":"product_tag","embeddable":true,"href":"https:\/\/gpl-love.com\/es\/wp-json\/wp\/v2\/product_tag?post=114053"}],"curies":[{"name":"wp","href":"https:\/\/api.w.org\/{rel}","templated":true}]}}