{"id":114049,"date":"2024-02-05T00:00:00","date_gmt":"2024-02-05T05:00:00","guid":{"rendered":"http:\/\/gpl-love.com\/es\/?post_type=product&#038;p=114049"},"modified":"2026-03-13T17:20:34","modified_gmt":"2026-03-13T22:20:34","slug":"euthenia-creative-portfolio-wordpress-theme","status":"publish","type":"product","link":"https:\/\/gpl-love.com\/es\/producto\/euthenia-creative-portfolio-wordpress-theme\/","title":{"rendered":"Euthenia Creative Portfolio WordPress Theme 1.0.5"},"content":{"rendered":"<h3>Euthenia Creative Portfolio WordPress Theme Caracteristicas<\/h3>\n<p>El tema de WordPress de la cartera creativa de Euthenia se destaca como un tema excepcional hecho a medida para los creativos que buscan exhibir su trabajo de una manera que exude tanto estilo como profesionalismo. Lo que distingue a este tema es su multitud de demostraciones preconstruidas, cada una meticulosamente dise\u00f1ada para atender a diversas industrias como fotograf\u00eda, dise\u00f1o gr\u00e1fico y arquitectura. Adem\u00e1s, este tema cuenta con un nivel de personalizaci\u00f3n incre\u00edblemente alto, lo que brinda a los usuarios la conveniencia de hacer modificaciones sin esfuerzo a trav\u00e9s del empleo del creador de p\u00e1ginas de arrastrar y soltar. Adem\u00e1s, su dise\u00f1o receptivo asegura que su cartera se adapte sin problemas y se ver\u00e1 impecable en todos y cada uno de los dispositivos. Adem\u00e1s, ofrece una gran cantidad de diversos dise\u00f1os de cartera e incluso incluye un blog incorporado que ayuda a la creaci\u00f3n de una presencia integral en l\u00ednea. Al optar por el tema de WordPress de la cartera creativa de Euthenia, crear\u00e1 sin esfuerzo una cartera sorprendente e incomparable que seguramente dejar\u00e1 una impresi\u00f3n duradera en la clientela potencial.<\/p>\n<ul>\n<li>Dise\u00f1o \u00fanico y moderno perfecto para exhibir el trabajo creativo<\/li>\n<li>Totalmente personalizable con un panel de opciones de temas f\u00e1ciles de usar<\/li>\n<li>M\u00faltiples dise\u00f1os de p\u00e1gina de inicio y cartera para elegir<\/li>\n<li>Dise\u00f1ado con SEO en mente, asegurando la visibilidad superior del motor de b\u00fasqueda<\/li>\n<li>Dise\u00f1o 100% receptivo para una experiencia de usuario perfecta en todos los dispositivos<\/li>\n<li>Constructor de p\u00e1ginas de arrastre y suelto incorporado para una f\u00e1cil personalizaci\u00f3n<\/li>\n<li>Compatible con complementos premium populares como WPML, Formulario de contacto 7 y Revolution Slider<\/li>\n<li>Documentaci\u00f3n extensa y atenci\u00f3n al cliente confiable para cualquier pregunta o problema<\/li>\n<li>Optimizado para velocidades de carga r\u00e1pidas, mejora de la experiencia del usuario y la clasificaci\u00f3n de los motores de b\u00fasqueda<\/li>\n<li>Actualizaciones y mejoras regulares para garantizar la m\u00e1xima compatibilidad y funcionalidad.<\/li>\n<\/ul>\n","protected":false},"excerpt":{"rendered":"<p>Euthenia, un tema de WordPress de cartera exquisitamente dise\u00f1ado, cuenta con un dise\u00f1o sorprendentemente contempor\u00e1neo adaptado exclusivamente para personas en el \u00e1mbito creativo. Ya sea que se identifique como dise\u00f1ador gr\u00e1fico, fot\u00f3grafo o artista, la apariencia elegante y profesional de este tema es el ep\u00edtome de la perfecci\u00f3n cuando se trata de mostrar sus esfuerzos art\u00edsticos. Ofreciendo una gran cantidad de opciones de personalizaci\u00f3n y una variedad de plantillas predise\u00f1adas, Euthenia le permite curar una cartera que sea distintiva y reflejada de su estilo \u00fanico y su destreza art\u00edstica. Adem\u00e1s, su dise\u00f1o receptivo garantiza que su cartera exude la brillantez en todos los dispositivos, mientras que su proceso de instalaci\u00f3n sin esfuerzo y su interfaz f\u00e1cil de usar aseguran un lanzamiento sin costuras y expeditos de su cartera.<\/p>\n","protected":false},"featured_media":166024,"comment_status":"open","ping_status":"open","template":"","meta":[],"product_brand":[2337],"product_cat":[1267,1237,1238],"product_tag":[1391],"class_list":{"0":"post-114049","1":"product","2":"type-product","3":"status-publish","4":"has-post-thumbnail","6":"product_brand-themeforest","7":"product_cat-creativo","8":"product_cat-temas","9":"product_cat-wordpress-temas","10":"product_tag-themeforest","11":"member-discount","12":"discount-restricted","14":"first","15":"instock","16":"sale","17":"downloadable","18":"virtual","19":"sold-individually","20":"purchasable","21":"product-type-simple"},"_links":{"self":[{"href":"https:\/\/gpl-love.com\/es\/wp-json\/wp\/v2\/product\/114049","targetHints":{"allow":["GET"]}}],"collection":[{"href":"https:\/\/gpl-love.com\/es\/wp-json\/wp\/v2\/product"}],"about":[{"href":"https:\/\/gpl-love.com\/es\/wp-json\/wp\/v2\/types\/product"}],"replies":[{"embeddable":true,"href":"https:\/\/gpl-love.com\/es\/wp-json\/wp\/v2\/comments?post=114049"}],"wp:featuredmedia":[{"embeddable":true,"href":"https:\/\/gpl-love.com\/es\/wp-json\/wp\/v2\/media\/166024"}],"wp:attachment":[{"href":"https:\/\/gpl-love.com\/es\/wp-json\/wp\/v2\/media?parent=114049"}],"wp:term":[{"taxonomy":"product_brand","embeddable":true,"href":"https:\/\/gpl-love.com\/es\/wp-json\/wp\/v2\/product_brand?post=114049"},{"taxonomy":"product_cat","embeddable":true,"href":"https:\/\/gpl-love.com\/es\/wp-json\/wp\/v2\/product_cat?post=114049"},{"taxonomy":"product_tag","embeddable":true,"href":"https:\/\/gpl-love.com\/es\/wp-json\/wp\/v2\/product_tag?post=114049"}],"curies":[{"name":"wp","href":"https:\/\/api.w.org\/{rel}","templated":true}]}}