{"id":114045,"date":"2022-05-16T00:00:00","date_gmt":"2022-05-16T05:00:00","guid":{"rendered":"http:\/\/gpl-love.com\/es\/?post_type=product&#038;p=114045"},"modified":"2026-04-10T11:22:38","modified_gmt":"2026-04-10T16:22:38","slug":"qoxag-wordpress-news-magazine-theme","status":"publish","type":"product","link":"https:\/\/gpl-love.com\/es\/producto\/qoxag-wordpress-news-magazine-theme\/","title":{"rendered":"Qoxag WordPress News Magazine Theme 2.0.3"},"content":{"rendered":"<h3>Qoxag WordPress News Magazine Theme Caracteristicas<\/h3>\n<p>Qoxag, sin duda un tema de WordPress de la revista de noticias de primer nivel, cuenta con una gran cantidad de caracter\u00edsticas notables meticulosamente elaboradas para facilitar la creaci\u00f3n de un sitio web impresionante sin sudar. Su dise\u00f1o elegante y contempor\u00e1neo, junto con su dise\u00f1o receptivo, hace que Qoxag sea una opci\u00f3n impecable para portales de noticias en l\u00ednea, revistas y blogs por igual. Lo que distingue a Qoxag es su nivel de personalizaci\u00f3n incomparable, ya que ofrece una extensa variedad de dise\u00f1os, widgets y c\u00f3digos cortos predise\u00f1ados que le otorgan la libertad de personalizar su sitio, elev\u00e1ndolo a nuevas alturas de sofisticaci\u00f3n. Adem\u00e1s, QOXAG est\u00e1 equipado con una variedad de funcionalidades de vanguardia, que incluye un constructor de p\u00e1ginas de arrastrar y soltar f\u00e1cilmente con usuarios, una integraci\u00f3n perfecta con plataformas de redes sociales y un arsenal de herramientas de optimizaci\u00f3n de SEO. Por lo tanto, no hace falta decir que Qoxag es la mejor opci\u00f3n para las personas en busca de un sitio de noticias profesional y rico en funciones. Al aprovechar el poder de Qoxag, podr\u00e1 establecer una presencia en l\u00ednea que no solo muestre su contenido, sino que realmente cautiva a su audiencia como nunca antes.<\/p>\n<ul>\n<li>Dise\u00f1o moderno y elegante perfecto para crear un sitio web profesional de noticias o revistas<\/li>\n<li>Totalmente receptivo, asegurando que su sitio web se vea genial en todos los dispositivos, incluidos escritorio, tableta y m\u00f3vil.<\/li>\n<li>WooCommerce listo, lo que le permite monetizar f\u00e1cilmente su sitio web vendiendo productos, suscripciones o anuncios<\/li>\n<li>Dise\u00f1o de la p\u00e1gina de inicio personalizable con m\u00faltiples secciones para exhibir sus \u00faltimas noticias, art\u00edculos destacados y otro contenido<\/li>\n<li>Widgets personalizados que incluyen enlaces de redes sociales, cuadr\u00edculas y controles deslizantes, lo que le permite crear una experiencia de sitio web interesante e interactiva<\/li>\n<li>SEO optimizado para ayudar a su sitio web a llegar a un p\u00fablico m\u00e1s amplio y lograr una clasificaci\u00f3n m\u00e1s alta en motores de b\u00fasqueda como Google<\/li>\n<li>Construido en la potente plataforma CMS de WordPress, que proporciona una interfaz f\u00e1cil de usar y acceso a una amplia gama de complementos y complementos<\/li>\n<li>Documentaci\u00f3n detallada y atenci\u00f3n al cliente para ayudarlo a comenzar y responder cualquier pregunta que pueda tener<\/li>\n<li>Actualizaciones y mejoras peri\u00f3dicas, asegurando que su sitio web se mantenga actualizado con las \u00faltimas tendencias de dise\u00f1o y requisitos de funcionalidad.<\/li>\n<\/ul>\n","protected":false},"excerpt":{"rendered":"<p>Dise\u00f1ado espec\u00edficamente para revistas y blogs de noticias en l\u00ednea, el tema de la revista Qoxag WordPress News se destaca como un tema premium que satisface las necesidades de estas plataformas. Con un dise\u00f1o limpio y moderno, este tema ofrece un lienzo ideal para exhibir una variedad de contenido, art\u00edculos que abarcan, im\u00e1genes, videos y mucho m\u00e1s. Adem\u00e1s, el tema Qoxag se distingue a trav\u00e9s de su notable nivel de personalizaci\u00f3n, lo que permite a los usuarios personalizar sus sitios web a trav\u00e9s de m\u00faltiples opciones de dise\u00f1o, una gran cantidad de esquemas de color y una amplia gama de widgets personalizados. Lo que distingue m\u00e1s a este tema de la competencia es su incorporaci\u00f3n de varias caracter\u00edsticas impresionantes, como un dise\u00f1o totalmente receptivo, opciones de tipograf\u00eda personalizadas y marcado de SEO. Con estos atributos en su lugar, su sitio web no solo irradia una est\u00e9tica visualmente atractiva en cualquier dispositivo, sino que tambi\u00e9n tiene el potencial de cautivar a una audiencia de gran alcance.<\/p>\n","protected":false},"featured_media":167297,"comment_status":"open","ping_status":"open","template":"","meta":[],"product_brand":[2337],"product_cat":[1245,1237,1238],"product_tag":[1391],"class_list":{"0":"post-114045","1":"product","2":"type-product","3":"status-publish","4":"has-post-thumbnail","6":"product_brand-themeforest","7":"product_cat-blog-revista","8":"product_cat-temas","9":"product_cat-wordpress-temas","10":"product_tag-themeforest","11":"member-discount","12":"discount-restricted","14":"first","15":"instock","16":"sale","17":"downloadable","18":"virtual","19":"sold-individually","20":"purchasable","21":"product-type-simple"},"_links":{"self":[{"href":"https:\/\/gpl-love.com\/es\/wp-json\/wp\/v2\/product\/114045","targetHints":{"allow":["GET"]}}],"collection":[{"href":"https:\/\/gpl-love.com\/es\/wp-json\/wp\/v2\/product"}],"about":[{"href":"https:\/\/gpl-love.com\/es\/wp-json\/wp\/v2\/types\/product"}],"replies":[{"embeddable":true,"href":"https:\/\/gpl-love.com\/es\/wp-json\/wp\/v2\/comments?post=114045"}],"wp:featuredmedia":[{"embeddable":true,"href":"https:\/\/gpl-love.com\/es\/wp-json\/wp\/v2\/media\/167297"}],"wp:attachment":[{"href":"https:\/\/gpl-love.com\/es\/wp-json\/wp\/v2\/media?parent=114045"}],"wp:term":[{"taxonomy":"product_brand","embeddable":true,"href":"https:\/\/gpl-love.com\/es\/wp-json\/wp\/v2\/product_brand?post=114045"},{"taxonomy":"product_cat","embeddable":true,"href":"https:\/\/gpl-love.com\/es\/wp-json\/wp\/v2\/product_cat?post=114045"},{"taxonomy":"product_tag","embeddable":true,"href":"https:\/\/gpl-love.com\/es\/wp-json\/wp\/v2\/product_tag?post=114045"}],"curies":[{"name":"wp","href":"https:\/\/api.w.org\/{rel}","templated":true}]}}