{"id":114043,"date":"2021-06-10T00:00:00","date_gmt":"2021-06-10T05:00:00","guid":{"rendered":"http:\/\/gpl-love.com\/es\/?post_type=product&#038;p=114043"},"modified":"2026-03-09T07:24:23","modified_gmt":"2026-03-09T12:24:23","slug":"composium-wpbakery-page-builder-extensions","status":"publish","type":"product","link":"https:\/\/gpl-love.com\/es\/producto\/composium-wpbakery-page-builder-extensions\/","title":{"rendered":"Composium WPBakery Page Builder Extensions 5.6.1"},"content":{"rendered":"<h3>Composium WPBakery Page Builder Extensions Caracteristicas<\/h3>\n<p>Composium Wpbakery Page Builder Extensions es una herramienta inmensamente poderosa que proporciona los medios necesarios para dise\u00f1ar y personalizar sin esfuerzo su sitio web de WordPress. Esta extensi\u00f3n ofrece una amplia gama de caracter\u00edsticas y funciones, lo que lo permite a las asombrosas p\u00e1ginas y dise\u00f1os de moda para su sitio web. Con la utilizaci\u00f3n de las extensiones de constructor de p\u00e1ginas de composio WPBakery, tiene la capacidad de incorporar a la perfecci\u00f3n widgets, elementos y m\u00f3dulos en su sitio web, mejorando as\u00ed su atractivo y atractivo visual profesional. Esta herramienta es notablemente f\u00e1cil de usar y no exige ninguna experiencia de codificaci\u00f3n, lo que le permite fabricar p\u00e1ginas y dise\u00f1os personalizados sin esfuerzo para su sitio web sin el aumento de ninguna complicaci\u00f3n. Independientemente de si se considera un novato o un desarrollador experimentado, Composium Wpbakery Page Builder Extensions es la soluci\u00f3n por excelencia para elevar el dise\u00f1o de su sitio web a alturas incomparables.<\/p>\n<ul>\n<li>Mejora las funcionalidades del popular constructor de p\u00e1ginas WPBakery<\/li>\n<li>Viene con m\u00e1s de 20 a\u00f1os premium y gratuitos que incluyen Timeline, Pitia, Mapas de Google Avanzados y m\u00e1s<\/li>\n<li>Ayuda a construir sitios web de aspecto profesional con facilidad y sin habilidades de codificaci\u00f3n<\/li>\n<li>Ofrece una gama de elementos \u00fatiles que no est\u00e1n incluidos con el Wpbakery Page Builder original<\/li>\n<li>Compatible con la \u00faltima versi\u00f3n de WordPress y otros complementos populares<\/li>\n<li>Ofrece una interfaz de arrastrar y soltar para personalizar y dise\u00f1ar el sitio web visualmente<\/li>\n<li>Ahorra tiempo y esfuerzo al proporcionar plantillas y bloques predise\u00f1ados para diferentes casos de uso<\/li>\n<li>Proporciona opciones personalizables para cada complemento, lo que permite a los usuarios dise\u00f1ar los elementos de acuerdo con sus preferencias<\/li>\n<li>Actualizaciones regular con nuevas funciones y complementos para mantenerse al d\u00eda con las tendencias de dise\u00f1o de sitios web en evoluci\u00f3n<\/li>\n<li>Incluye documentaci\u00f3n integral y de f\u00e1cil acceso y soporte para usuarios de todos los niveles de habilidad.<\/li>\n<\/ul>\n","protected":false},"excerpt":{"rendered":"<p>Experimente un nivel incomparable de personalizaci\u00f3n y eficiencia con las extensiones de constructor de p\u00e1ginas de composio WPBakery. Esta poderosa herramienta es la mejor soluci\u00f3n para los usuarios de WordPress que buscan elevar el dise\u00f1o y la funcionalidad de su sitio web. Composium Wpbakery no es solo una extensi\u00f3n, sino un conjunto integral de caracter\u00edsticas que mejoran dr\u00e1sticamente el Wpbakery Page Builder est\u00e1ndar.<\/p>\n<p>Con este complemento, puede crear dise\u00f1os receptivos sin esfuerzo que se vean impresionantes en cualquier dispositivo. Trae una gama completamente nueva de funcionalidades, lo que le permite construir cualquier cosa, desde sitios simples hasta dise\u00f1os complejos con facilidad. Ya sea que sea un desarrollador experimentado o un principiante, la interfaz intuitiva y las caracter\u00edsticas f\u00e1ciles de usar hacen que el sitio web la construcci\u00f3n sea muy f\u00e1cil.<\/p>\n<p>Las extensiones de constructor de p\u00e1ginas WPBakery de Composium proporcionan una gama de elementos y opciones adicionales para impulsar la interactividad y la est\u00e9tica general de su sitio. Es una soluci\u00f3n rentable que ofrece un gran retorno de la inversi\u00f3n, ya que elimina la necesidad de contratar dise\u00f1adores web profesionales.<\/p>\n<p>Si est\u00e1 buscando una forma de hacer que su sitio web se destaque<\/p>\n","protected":false},"featured_media":165649,"comment_status":"open","ping_status":"open","template":"","meta":[],"product_brand":[2339],"product_cat":[1214,1206,1211],"product_tag":[1256],"class_list":{"0":"post-114043","1":"product","2":"type-product","3":"status-publish","4":"has-post-thumbnail","6":"product_brand-codecanyon","7":"product_cat-personalizacion","8":"product_cat-plugins","9":"product_cat-wordpress-plugins","10":"product_tag-codecanyon","11":"member-discount","12":"discount-restricted","14":"first","15":"instock","16":"sale","17":"downloadable","18":"virtual","19":"sold-individually","20":"purchasable","21":"product-type-simple"},"_links":{"self":[{"href":"https:\/\/gpl-love.com\/es\/wp-json\/wp\/v2\/product\/114043","targetHints":{"allow":["GET"]}}],"collection":[{"href":"https:\/\/gpl-love.com\/es\/wp-json\/wp\/v2\/product"}],"about":[{"href":"https:\/\/gpl-love.com\/es\/wp-json\/wp\/v2\/types\/product"}],"replies":[{"embeddable":true,"href":"https:\/\/gpl-love.com\/es\/wp-json\/wp\/v2\/comments?post=114043"}],"wp:featuredmedia":[{"embeddable":true,"href":"https:\/\/gpl-love.com\/es\/wp-json\/wp\/v2\/media\/165649"}],"wp:attachment":[{"href":"https:\/\/gpl-love.com\/es\/wp-json\/wp\/v2\/media?parent=114043"}],"wp:term":[{"taxonomy":"product_brand","embeddable":true,"href":"https:\/\/gpl-love.com\/es\/wp-json\/wp\/v2\/product_brand?post=114043"},{"taxonomy":"product_cat","embeddable":true,"href":"https:\/\/gpl-love.com\/es\/wp-json\/wp\/v2\/product_cat?post=114043"},{"taxonomy":"product_tag","embeddable":true,"href":"https:\/\/gpl-love.com\/es\/wp-json\/wp\/v2\/product_tag?post=114043"}],"curies":[{"name":"wp","href":"https:\/\/api.w.org\/{rel}","templated":true}]}}