{"id":114020,"date":"2021-02-09T00:00:00","date_gmt":"2021-02-09T05:00:00","guid":{"rendered":"http:\/\/gpl-love.com\/es\/producto\/give-paymill-gateway\/"},"modified":"2026-03-09T07:38:31","modified_gmt":"2026-03-09T12:38:31","slug":"give-paymill-gateway","status":"publish","type":"product","link":"https:\/\/gpl-love.com\/es\/producto\/give-paymill-gateway\/","title":{"rendered":"GiveWP Paymill Gateway 1.1.1"},"content":{"rendered":"<h3>GiveWP Paymill Gateway Caracteristicas<\/h3>\n<p>La puerta de enlace de PayMill GiveWP sirve como una opci\u00f3n de pasarela de pago formidable que facilita efectivamente la aceptaci\u00f3n de los pagos con tarjeta de cr\u00e9dito y d\u00e9bito para las empresas en l\u00ednea. Al integrarse sin problemas con el complemento de donaci\u00f3n GiveWP, este complemento otorga a los propietarios del sitio web la capacidad de recaudar pagos para una variedad de prop\u00f3sitos, incluidas donaciones, suscripciones y una variedad de otros servicios. Adem\u00e1s, el complemento exhibe su versatilidad al acomodar numerosas monedas y presentar una mir\u00edada de m\u00e9todos de pago que son muy favorecidos entre los consumidores, como Visa, MasterCard y American Express. El Paymill Gateway no solo satisface las necesidades y preferencias de los clientes, sino que tambi\u00e9n cuenta con una interfaz f\u00e1cil de usar que simplifica la administraci\u00f3n y el monitoreo de las transacciones de pago para las empresas. En consecuencia, esta pasarela de pago es una soluci\u00f3n \u00f3ptima para las empresas que buscan optimizar sus procedimientos de pago y proporcionar a su clientela un m\u00e9todo de pago seguro y confiable.<\/p>\n<ul>\n<li>Integra sin problemas el popular complemento de donaci\u00f3n GiveWP con la pasarela de pago de Paymill<\/li>\n<li>Permite donaciones en l\u00ednea f\u00e1ciles y seguras para organizaciones sin fines de lucro y organizaciones ben\u00e9ficas<\/li>\n<li>Admite una amplia gama de monedas y m\u00e9todos de pago, incluidas las tarjetas de cr\u00e9dito y d\u00e9bito<\/li>\n<li>Proporciona informes de transacciones en tiempo real y documentaci\u00f3n detallada para fines contables<\/li>\n<li>Ofrece formularios de donaci\u00f3n personalizables y mensajes de agradecimiento para mejorar la participaci\u00f3n y lealtad de los donantes<\/li>\n<li>Proporciona medidas de seguridad que cumplen con PCI para proteger la informaci\u00f3n confidencial de los donantes y prevenir fraude o violaciones de datos<\/li>\n<li>No requiere codificaci\u00f3n o experiencia t\u00e9cnica para configurar y configurar, con instrucciones paso a paso y soporte disponibles<\/li>\n<li>Ofrece opciones de precios flexibles, que incluyen suscripciones mensuales y modelos de pago por transacci\u00f3n, para adaptarse a diferentes presupuestos y necesidades.<\/li>\n<\/ul>\n","protected":false},"excerpt":{"rendered":"<p>La puerta de enlace de PayMill GiveWP es un complemento de pasarela de pago muy f\u00e1cil de usar, meticulosamente dise\u00f1ado para facilitar la aceptaci\u00f3n perfecta de las donaciones en su sitio web alimentado por GiveWP aprovechando el poder de Paymill. Gracias a este complemento excepcional, sus donantes valiosos pueden hacer de manera conveniente sus generosas contribuciones utilizando sus tarjetas de cr\u00e9dito o d\u00e9bito, todo mientras disfruta de la conveniencia de no tener que navegar lejos de su sitio web. Adem\u00e1s, este notable complemento ofrece una gran cantidad de caracter\u00edsticas invaluables que incluyen datos de transacciones integrales, un proceso de reembolso sin interrupciones y automatizadas, as\u00ed como un soporte sin problemas para donaciones recurrentes. Es sin duda que la integraci\u00f3n de la puerta de enlace de paymill de GiveWP en su infraestructura de procesamiento de pagos existente sin duda elevar\u00e1 las capacidades de su sitio web a nuevas alturas. \u00a1No pierda tiempo y actualice su destreza de procesamiento de pagos con la puerta de enlace de Paymill GiveWP sin m\u00e1s pre\u00e1mbulos!<\/p>\n","protected":false},"featured_media":166249,"comment_status":"open","ping_status":"open","template":"","meta":[],"product_brand":[2465],"product_cat":[1278,1206,1211],"product_tag":[2232],"class_list":{"0":"post-114020","1":"product","2":"type-product","3":"status-publish","4":"has-post-thumbnail","6":"product_brand-givewp","7":"product_cat-pago","8":"product_cat-plugins","9":"product_cat-wordpress-plugins","10":"product_tag-givewp","11":"member-discount","12":"discount-restricted","14":"first","15":"instock","16":"sale","17":"downloadable","18":"virtual","19":"sold-individually","20":"purchasable","21":"product-type-simple"},"_links":{"self":[{"href":"https:\/\/gpl-love.com\/es\/wp-json\/wp\/v2\/product\/114020","targetHints":{"allow":["GET"]}}],"collection":[{"href":"https:\/\/gpl-love.com\/es\/wp-json\/wp\/v2\/product"}],"about":[{"href":"https:\/\/gpl-love.com\/es\/wp-json\/wp\/v2\/types\/product"}],"replies":[{"embeddable":true,"href":"https:\/\/gpl-love.com\/es\/wp-json\/wp\/v2\/comments?post=114020"}],"wp:featuredmedia":[{"embeddable":true,"href":"https:\/\/gpl-love.com\/es\/wp-json\/wp\/v2\/media\/166249"}],"wp:attachment":[{"href":"https:\/\/gpl-love.com\/es\/wp-json\/wp\/v2\/media?parent=114020"}],"wp:term":[{"taxonomy":"product_brand","embeddable":true,"href":"https:\/\/gpl-love.com\/es\/wp-json\/wp\/v2\/product_brand?post=114020"},{"taxonomy":"product_cat","embeddable":true,"href":"https:\/\/gpl-love.com\/es\/wp-json\/wp\/v2\/product_cat?post=114020"},{"taxonomy":"product_tag","embeddable":true,"href":"https:\/\/gpl-love.com\/es\/wp-json\/wp\/v2\/product_tag?post=114020"}],"curies":[{"name":"wp","href":"https:\/\/api.w.org\/{rel}","templated":true}]}}