{"id":114012,"date":"2024-05-17T00:00:00","date_gmt":"2024-05-17T05:00:00","guid":{"rendered":"http:\/\/gpl-love.com\/es\/?post_type=product&#038;p=114012"},"modified":"2026-03-09T07:38:06","modified_gmt":"2026-03-09T12:38:06","slug":"give-convertkit","status":"publish","type":"product","link":"https:\/\/gpl-love.com\/es\/producto\/give-convertkit\/","title":{"rendered":"GiveWP ConvertKit 2.0.0"},"content":{"rendered":"<h3>GiveWP ConvertKit Caracteristicas<\/h3>\n<p>El complemento GiveWP Convertkit es una herramienta incre\u00edblemente robusta que est\u00e1 espec\u00edficamente dise\u00f1ada para ayudar a organizaciones sin fines de lucro y organizaciones ben\u00e9ficas a conectar sin problemas a sus donantes con sus listas de correo electr\u00f3nico Convertkit. Este complemento no solo simplifica el proceso de crear contenido cautivador y personalizado para donantes y seguidores, sino que tambi\u00e9n proporciona una forma f\u00e1cil de monitorear y rastrear sus donaciones y actividades. GiveWp Convertkit va m\u00e1s all\u00e1 al empoderar a las organizaciones para que segmentaran de manera efectiva a sus donantes en funci\u00f3n de las preferencias individuales y posteriormente enviar mensajes espec\u00edficos a cada grupo espec\u00edfico. Al ofrecer una variedad de caracter\u00edsticas impresionantes, como el seguimiento de donaciones, la automatizaci\u00f3n del correo electr\u00f3nico y los formularios personalizables, este complemento se convierte en un activo invaluable para las organizaciones sin fines de lucro que buscan mejorar su presencia en l\u00ednea y aumentar su participaci\u00f3n de donantes. En general, GiveWp Convertkit, sin duda, es una soluci\u00f3n confiable y altamente efectiva para las organizaciones sin fines de lucro que se esfuerzan activamente por mejorar la participaci\u00f3n de sus donantes y mejorar sus esfuerzos generales de recaudaci\u00f3n de fondos.<\/p>\n<ul>\n<li>Integre sin problemas las donaciones GiveWP con su plataforma de marketing por correo electr\u00f3nico Convertkit<\/li>\n<li>Agregue autom\u00e1ticamente los donantes a las listas Convertkit basadas en la selecci\u00f3n de formulario de donaci\u00f3n<\/li>\n<li>Personalice qu\u00e9 informaci\u00f3n del donante se env\u00eda a Convertkit, incluida la cantidad de donaci\u00f3n, la fecha y el nombre del donante y la direcci\u00f3n de correo electr\u00f3nico<\/li>\n<li>Cree campa\u00f1as de correo electr\u00f3nico espec\u00edficas y automatizaciones basadas en el comportamiento y los datos del donante<\/li>\n<li>Aumentar el compromiso con la mensajer\u00eda personalizada basada en los intereses de los donantes e historial de donaciones<\/li>\n<li>Mejorar la retenci\u00f3n y la lealtad de los donantes al fomentar las relaciones a trav\u00e9s de las poderosas herramientas de marketing por correo electr\u00f3nico de Convertkit<\/li>\n<li>Alegar su proceso de gesti\u00f3n de donantes y ahorre tiempo automatizando los flujos de trabajo y la segmentaci\u00f3n en Convertkit<\/li>\n<li>Beneficiarse de dos herramientas poderosas que trabajan juntas para maximizar su impacto y alcance de recaudaci\u00f3n de fondos.<\/li>\n<\/ul>\n","protected":false},"excerpt":{"rendered":"<p>El complemento GiveWP Convertkit le brinda la oportunidad de establecer sin esfuerzo una conexi\u00f3n entre sus formularios de donaci\u00f3n GiveWP y su servicio de marketing por correo electr\u00f3nico Convertkit, allanando el camino para una integraci\u00f3n sin problemas. Esta integraci\u00f3n facilita la transmisi\u00f3n automatizada de la informaci\u00f3n de los donantes de GiveWp a Convertkit, simplificando as\u00ed la tarea de administrar sus listas de donantes y comunicarse de manera efectiva con sus seguidores. Al aprovechar el poder de GiveWp Convertkit, puede optimizar y refinar sus esfuerzos de recaudaci\u00f3n de fondos, lo que finalmente conduce a niveles de compromiso mejorados con sus valoros valorados.<\/p>\n","protected":false},"featured_media":166233,"comment_status":"open","ping_status":"open","template":"","meta":[],"product_brand":[2465],"product_cat":[1232,1206,1211],"product_tag":[2232],"class_list":{"0":"post-114012","1":"product","2":"type-product","3":"status-publish","4":"has-post-thumbnail","6":"product_brand-givewp","7":"product_cat-marketing-wordpress-plugins","8":"product_cat-plugins","9":"product_cat-wordpress-plugins","10":"product_tag-givewp","11":"member-discount","12":"discount-restricted","14":"first","15":"instock","16":"sale","17":"downloadable","18":"virtual","19":"sold-individually","20":"purchasable","21":"product-type-simple"},"_links":{"self":[{"href":"https:\/\/gpl-love.com\/es\/wp-json\/wp\/v2\/product\/114012","targetHints":{"allow":["GET"]}}],"collection":[{"href":"https:\/\/gpl-love.com\/es\/wp-json\/wp\/v2\/product"}],"about":[{"href":"https:\/\/gpl-love.com\/es\/wp-json\/wp\/v2\/types\/product"}],"replies":[{"embeddable":true,"href":"https:\/\/gpl-love.com\/es\/wp-json\/wp\/v2\/comments?post=114012"}],"wp:featuredmedia":[{"embeddable":true,"href":"https:\/\/gpl-love.com\/es\/wp-json\/wp\/v2\/media\/166233"}],"wp:attachment":[{"href":"https:\/\/gpl-love.com\/es\/wp-json\/wp\/v2\/media?parent=114012"}],"wp:term":[{"taxonomy":"product_brand","embeddable":true,"href":"https:\/\/gpl-love.com\/es\/wp-json\/wp\/v2\/product_brand?post=114012"},{"taxonomy":"product_cat","embeddable":true,"href":"https:\/\/gpl-love.com\/es\/wp-json\/wp\/v2\/product_cat?post=114012"},{"taxonomy":"product_tag","embeddable":true,"href":"https:\/\/gpl-love.com\/es\/wp-json\/wp\/v2\/product_tag?post=114012"}],"curies":[{"name":"wp","href":"https:\/\/api.w.org\/{rel}","templated":true}]}}