{"id":114005,"date":"2022-06-02T00:00:00","date_gmt":"2022-06-02T05:00:00","guid":{"rendered":"http:\/\/gpl-love.com\/es\/?post_type=product&#038;p=114005"},"modified":"2026-03-09T07:42:49","modified_gmt":"2026-03-09T12:42:49","slug":"ht-menu-pro-mega-menu-builder-para-elementor","status":"publish","type":"product","link":"https:\/\/gpl-love.com\/es\/producto\/ht-menu-pro-mega-menu-builder-para-elementor\/","title":{"rendered":"HT Menu Pro Mega Menu Builder para Elementor 1.0.7"},"content":{"rendered":"<h3>HT Menu Pro Mega Menu Builder para Elementor Caracteristicas<\/h3>\n<p>El HT Menu Pro Mega Menu Builder para Elementor es una herramienta incre\u00edblemente robusta y vers\u00e1til que permite a los usuarios la capacidad de construir y personalizar los mega men\u00fas para sus sitios web. Con una interfaz intuitiva y f\u00e1cil de usar, a las personas se les da la libertad de seleccionar men\u00fas que abarcan una gran cantidad de elementos cautivadores, que abarcan, pero no se limitan a im\u00e1genes llamativas, iconos visualmente atractivos y widgets din\u00e1micos. Este complemento excepcional abarca una amplia gama de opciones de personalizaci\u00f3n, que proporciona a los usuarios un control incomparable sobre la est\u00e9tica y el ambiente de sus men\u00fas. Adem\u00e1s, el HT Menu Pro Mega Menu Builder ofrece una gran cantidad de caracter\u00edsticas impresionantes, que incluyen, entre otros, dise\u00f1o receptivo, soporte t\u00e1ctil sin costura y compatibilidad inigualable con m\u00faltiples temas, que culminan en una soluci\u00f3n ejemplar para aquellos que buscan elevar la navegaci\u00f3n de su sitio web con elegante , mega men\u00fas sofisticados y profesionales.<\/p>\n<ul>\n<li>Crea mega men\u00fas impresionantes para tu sitio web en minutos<\/li>\n<li>Arrastre y suelte la interfaz que es simple e intuitiva<\/li>\n<li>No se requiere conocimiento o experiencia de codificaci\u00f3n<\/li>\n<li>Opciones de navegaci\u00f3n totalmente personalizables<\/li>\n<li>Dise\u00f1o receptivo para dispositivos m\u00f3viles, tabletas y de escritorio<\/li>\n<li>Crear f\u00e1cilmente men\u00fas de niveles m\u00faltiples con desplegables, im\u00e1genes e \u00edconos<\/li>\n<li>Elija entre una variedad de estilos y colores para que coincida con la marca de su sitio web<\/li>\n<li>Apoya los men\u00fas verticales y horizontales<\/li>\n<li>Compatible con todos los temas de elementor<\/li>\n<li>Ahorre tiempo y esfuerzo utilizando plantillas prefabricadas<\/li>\n<li>Documentaci\u00f3n y soporte extenso disponible.<\/li>\n<\/ul>\n","protected":false},"excerpt":{"rendered":"<p>HT Menu Pro Mega Menu Builder es un complemento altamente sofisticado y multifac\u00e9tico que ofrece a los usuarios una experiencia perfecta e integral en la generaci\u00f3n y supervisi\u00f3n de mega men\u00fas intrincados para sus sitios web impulsados \u200b\u200bpor Elementor. En virtud de su interfaz de arrastrar y soltar notablemente intuitiva y f\u00e1cil de usar, caracter\u00edsticas abundantemente personalizables y una compatibilidad impecable con una variedad de temas de WordPress, este constructor notablemente potente ayuda a los usuarios a fabricar men\u00fas visualmente fortalecedores que incomodan indeniosamente el atractivo est\u00e9tico de su sitio web su sitio web. y usabilidad general. Independientemente de si usted es un aspirante a ne\u00f3fito o un veterano experimentado en el \u00e1mbito del dise\u00f1o web, HT Menu Pro Mega Menu Builder indudablemente proporciona todas las herramientas y recursos esenciales necesarios para dise\u00f1ar mega men\u00fas excepcionalmente profesionales que vigorizan y vigoran su sitio web, por lo tanto, afectando la vida. en ello.<\/p>\n","protected":false},"featured_media":166441,"comment_status":"open","ping_status":"open","template":"","meta":[],"product_brand":[2339],"product_cat":[1214,1206,1211],"product_tag":[1256],"class_list":{"0":"post-114005","1":"product","2":"type-product","3":"status-publish","4":"has-post-thumbnail","6":"product_brand-codecanyon","7":"product_cat-personalizacion","8":"product_cat-plugins","9":"product_cat-wordpress-plugins","10":"product_tag-codecanyon","11":"member-discount","12":"discount-restricted","14":"first","15":"instock","16":"sale","17":"downloadable","18":"virtual","19":"sold-individually","20":"purchasable","21":"product-type-simple"},"_links":{"self":[{"href":"https:\/\/gpl-love.com\/es\/wp-json\/wp\/v2\/product\/114005","targetHints":{"allow":["GET"]}}],"collection":[{"href":"https:\/\/gpl-love.com\/es\/wp-json\/wp\/v2\/product"}],"about":[{"href":"https:\/\/gpl-love.com\/es\/wp-json\/wp\/v2\/types\/product"}],"replies":[{"embeddable":true,"href":"https:\/\/gpl-love.com\/es\/wp-json\/wp\/v2\/comments?post=114005"}],"wp:featuredmedia":[{"embeddable":true,"href":"https:\/\/gpl-love.com\/es\/wp-json\/wp\/v2\/media\/166441"}],"wp:attachment":[{"href":"https:\/\/gpl-love.com\/es\/wp-json\/wp\/v2\/media?parent=114005"}],"wp:term":[{"taxonomy":"product_brand","embeddable":true,"href":"https:\/\/gpl-love.com\/es\/wp-json\/wp\/v2\/product_brand?post=114005"},{"taxonomy":"product_cat","embeddable":true,"href":"https:\/\/gpl-love.com\/es\/wp-json\/wp\/v2\/product_cat?post=114005"},{"taxonomy":"product_tag","embeddable":true,"href":"https:\/\/gpl-love.com\/es\/wp-json\/wp\/v2\/product_tag?post=114005"}],"curies":[{"name":"wp","href":"https:\/\/api.w.org\/{rel}","templated":true}]}}