{"id":114001,"date":"2024-09-22T00:00:00","date_gmt":"2024-09-22T05:00:00","guid":{"rendered":"http:\/\/gpl-love.com\/es\/producto\/smart-notification-wordpress-plugin\/"},"modified":"2026-04-10T11:25:03","modified_gmt":"2026-04-10T16:25:03","slug":"smart-notification-wordpress-plugin","status":"publish","type":"product","link":"https:\/\/gpl-love.com\/es\/producto\/smart-notification-wordpress-plugin\/","title":{"rendered":"Smart Notification WordPress Plugin 10.3"},"content":{"rendered":"<h3>Smart Notification WordPress Plugin Caracteristicas<\/h3>\n<p>El complemento Smart Notification WordPress, que ha sido dise\u00f1ado para mejorar la comunicaci\u00f3n entre los propietarios de sitios web y sus visitantes, es una herramienta incre\u00edblemente poderosa. Proporciona a los usuarios la capacidad de crear y personalizar las notificaciones que se muestran en las p\u00e1ginas o publicaciones de su sitio web. El complemento ofrece una extensa gama de caracter\u00edsticas, que incluyen plantillas personalizables, opciones de orientaci\u00f3n precisas y la capacidad de programar notificaciones, todas las cuales permiten a los usuarios adaptar sus comunicaciones a las necesidades espec\u00edficas de cada visitante individual. Adem\u00e1s, el complemento de notificaci\u00f3n inteligente se integra perfectamente con una amplia gama de software de marketing por correo electr\u00f3nico, lo que permite a los usuarios optimizar sus campa\u00f1as de correo electr\u00f3nico y, en \u00faltima instancia, aumentar sus tasas de conversi\u00f3n. En esencia, el complemento de WordPress de notificaci\u00f3n inteligente es una herramienta indispensable para aquellos que buscan mejorar la comunicaci\u00f3n y el compromiso entre su sitio web y sus visitantes.<\/p>\n<ul>\n<li>Env\u00eda notificaciones personalizadas a los visitantes en funci\u00f3n de su comportamiento de navegaci\u00f3n<\/li>\n<li>F\u00e1cil de configurar e integrar con cualquier sitio web de WordPress<\/li>\n<li>Permite la personalizaci\u00f3n de notificaciones para que coincida con la marca del sitio web<\/li>\n<li>Proporciona informaci\u00f3n y an\u00e1lisis sobre el compromiso y la efectividad de la notificaci\u00f3n<\/li>\n<li>Admite m\u00faltiples tipos de notificaci\u00f3n, como correo electr\u00f3nico, notificaciones push y notificaciones en el sitio<\/li>\n<li>Utiliza el aprendizaje autom\u00e1tico para optimizar el tiempo de notificaci\u00f3n para el m\u00e1ximo compromiso<\/li>\n<li>Puede dirigirse a grupos demogr\u00e1ficos o geogr\u00e1ficos espec\u00edficos para la mensajer\u00eda dirigida<\/li>\n<li>Ofrece pruebas A\/B para el dise\u00f1o de notificaciones y el contenido para maximizar la efectividad.<\/li>\n<\/ul>\n","protected":false},"excerpt":{"rendered":"<p>Al utilizar las capacidades notables del complemento de WordPress de notificaci\u00f3n inteligente, poseer\u00e1 la notable capacidad de mantener efectivamente el compromiso y el inter\u00e9s de sus estimados visitantes del sitio web mediante el env\u00edo convenientemente de notificaciones push personalizadas que se entregan perfectamente directamente a sus respectivos dispositivos. Este complemento muy f\u00e1cil de usar y sin esfuerzo le permite programar y transmitir notificaciones de manera eficiente y sin esfuerzo transmitir notificaciones que se adaptan meticulosamente y se basan en las actividades espec\u00edficas del usuario, como su compra trascendental o su desafortunado abandono de su carro. Adem\u00e1s, tambi\u00e9n se sorprender\u00e1 de descubrir que posee la notable capacidad de segmentar de manera experta a su preciada audiencia, proporcion\u00e1ndole una oportunidad invaluable para transmitir magn\u00edficamente los mensajes meticulosamente dirigidos e hiperpersonalizados que invertir\u00e1n invariablemente un sentido de satisfacci\u00f3n sin parar entre sus estimados Clientela y aumentan exponencialmente los niveles de compromiso que experimentan. Gracias a la incomparable efectividad y conveniencia del complemento de WordPress de notificaci\u00f3n inteligente, puede estar seguro con confianza sabiendo que nunca, bajo ninguna circunstancia, no podr\u00e1 capitalizar una oportunidad dorada para conectarse intrincadamente con sus queridos miembros de la audiencia.<\/p>\n","protected":false},"featured_media":167508,"comment_status":"open","ping_status":"open","template":"","meta":[],"product_brand":[2339],"product_cat":[1214,1206,1211],"product_tag":[1256],"class_list":{"0":"post-114001","1":"product","2":"type-product","3":"status-publish","4":"has-post-thumbnail","6":"product_brand-codecanyon","7":"product_cat-personalizacion","8":"product_cat-plugins","9":"product_cat-wordpress-plugins","10":"product_tag-codecanyon","11":"member-discount","12":"discount-restricted","14":"first","15":"instock","16":"sale","17":"downloadable","18":"virtual","19":"sold-individually","20":"purchasable","21":"product-type-simple"},"_links":{"self":[{"href":"https:\/\/gpl-love.com\/es\/wp-json\/wp\/v2\/product\/114001","targetHints":{"allow":["GET"]}}],"collection":[{"href":"https:\/\/gpl-love.com\/es\/wp-json\/wp\/v2\/product"}],"about":[{"href":"https:\/\/gpl-love.com\/es\/wp-json\/wp\/v2\/types\/product"}],"replies":[{"embeddable":true,"href":"https:\/\/gpl-love.com\/es\/wp-json\/wp\/v2\/comments?post=114001"}],"wp:featuredmedia":[{"embeddable":true,"href":"https:\/\/gpl-love.com\/es\/wp-json\/wp\/v2\/media\/167508"}],"wp:attachment":[{"href":"https:\/\/gpl-love.com\/es\/wp-json\/wp\/v2\/media?parent=114001"}],"wp:term":[{"taxonomy":"product_brand","embeddable":true,"href":"https:\/\/gpl-love.com\/es\/wp-json\/wp\/v2\/product_brand?post=114001"},{"taxonomy":"product_cat","embeddable":true,"href":"https:\/\/gpl-love.com\/es\/wp-json\/wp\/v2\/product_cat?post=114001"},{"taxonomy":"product_tag","embeddable":true,"href":"https:\/\/gpl-love.com\/es\/wp-json\/wp\/v2\/product_tag?post=114001"}],"curies":[{"name":"wp","href":"https:\/\/api.w.org\/{rel}","templated":true}]}}